{"id":7696,"date":"2015-01-31T20:48:43","date_gmt":"2015-01-31T16:48:43","guid":{"rendered":"http:\/\/suri-catt.com\/?page_id=7696"},"modified":"2015-01-31T23:02:58","modified_gmt":"2015-01-31T19:02:58","slug":"chapitre-01","status":"publish","type":"page","link":"https:\/\/bodhi.name\/fr\/maya-livre-1\/chapitre-01\/","title":{"rendered":"Chapitre 01"},"content":{"rendered":"<p>&#8211; V\u00e9g\u00e9tarien ou ordinaire?<\/p>\n<p>&#8211; Pardon? Hein\u2026 ordinaire\u2026<\/p>\n<p>&#8211; Excusez-moi, il n\u2019y a plus de v\u00e9g\u00e9tarien, vous voulez bien ordinaire?<\/p>\n<p>Voila, comme d\u2019habitude &#8211; de bonnes intentions\u2026<\/p>\n<p>&#8211; C\u2019est avec quelle viande?<\/p>\n<p>&#8211; Du poulet.<\/p>\n<p>Du poulet alors, je prends, &#8211; j\u2019ai faim maintenant.<\/p>\n<p>Derri\u00e8re le hublot le cr\u00e9puscule s\u2019enflammait impassiblement sur le fond de la place du marcher d\u2019un jour f\u00e9ri\u00e9 &#8211; des voix, des cris, des visages, de la musique, des bribes des conversations, &#8211; le chaos familier importun r\u00e8gne dans l\u2019esprit.<\/p>\n<p>&nbsp;<\/p>\n<p>\u2026 &#8211; Nom de Dieu! Maya, le num\u00e9ro est pr\u00eat et ton article n\u2019y est toujours pas! J\u2019en ai marre, bon sang! \u2013 le cri dans le r\u00e9cepteur de t\u00e9l\u00e9phone revient tout le temps\u2026<\/p>\n<p>&#8211; J\u2019arrive\u00a0tout de suite!<\/p>\n<p>Le portable atterrit dans le sac, je me gare et fonce \u00e0 travers la r\u00e9ception vers l\u2019ascenseur, je mart\u00e8le nerveusement le bouton de l\u2019ascenseur et j\u2019attends &#8211; 10\u20269\u20268\u2026Combien de temps \u00e7a peut durer encore? \u2026 Le bureau du r\u00e9dacteur en chef, le visage de sa nouvelle secr\u00e9taire dont le grimage fait penser aux feux de signalisation grimace avec d\u00e9dain pour me dire \u2013 Il n\u2019est pas sur place. Je sais donc qui est en train de faire des cercles autour de mon bureau\u2026 c\u2019est \u00e7a\u2026<\/p>\n<p>&#8211; Vous m\u2019avez envoy\u00e9e vous-m\u00eame \u00e0 l\u2019inauguration du restaurant, n\u2019est-ce pas, Vsevolod Vladimirovich? J\u2019ai pas eu le temps de r\u00e9diger l\u2019article, je vous ai dit ce matin que si j\u2019y vais, je n\u2019aurai pas le temps de finir. Je l\u2019ai dit\u2026<\/p>\n<p>&#8211; Maya, des inaugurations des restaurants, des pr\u00e9sentations \u2026oui, ras-le-bol, Maya, \u00e7a fait quinze ans que je suis dedans, j\u2019en ai moi-m\u00eame jusqu\u2019\u00e0 l\u00e0, &#8211; il a secou\u00e9 sa t\u00eate d\u00e9sesp\u00e9r\u00e9ment en passant la main sur son cou. \u2013Mais c\u2019est notre gagne-pain, tu le sais aussi bien que moi, pourquoi ces remontrances? On gagnera notre pain, mettra du beurre dessus \u2013 tu iras quelque part en Argentine faire un reportage sur les amazones\u2026 Et je ne comprends pas du tout pourquoi tu me fais des remontrances tout le temps?? Ce travail ne te plait pas?<\/p>\n<p>Est-ce qu\u2019il me plait ce travail? Cette question r\u00e9appara\u00eet de plus en plus souvent et \u00e0 chaque fois elle est encore plus poignante, &#8211; j\u2019ai tellement envie d\u2019en finir avec le journalisme, mais il survient toujours de diff\u00e9rents \u00abmais\u00bb, et je continue maintes et maintes fois \u00e0 sortir de chez moi dans la grisaille de la ville t\u00f4t le matin et rentrer du robot presse-agrumes \u00e0 haute puissance tard le soir. Les dipl\u00f4m\u00e9s de la fac de journalisme ne peuvent que r\u00eaver de mon poste, et moi, j\u2019en r\u00eavais quand j\u2019\u00e9tais \u00e9tudiante, et maintenant je comprends de moins en moins \u00e0 quoi \u00e7a me sert\u2026 Voici un r\u00e9dacteur en chef d\u2019un journal prestigieux \u2013 toute sa vie a pass\u00e9 au galop, emport\u00e9e par le tourbillon des num\u00e9ros sortants, des publicitaires hyst\u00e9riques, des salles de la r\u00e9daction enfum\u00e9es jusqu&rsquo;\u00e0 la moelle des os, des biftecks et compotes de la cantine, des coll\u00e8gues excentriques et toujours press\u00e9s, envol\u00e9e pr\u00e9cipitamment dans le n\u00e9ant avec tout ce qui a \u00e9t\u00e9 crucial il y a seulement deux minutes. Et il en est arriv\u00e9 o\u00f9? Il n\u2019a que quarante ans, pourtant il a l\u2019air d\u2019\u00eatre au bout du rouleau, p\u00e8se une tonne, les yeux crev\u00e9s par la nicotine et il est toujours d\u00e9chir\u00e9 en morceaux \u2013 une vraie bulle gonfl\u00e9e d\u2019agacement. Debout devant moi (il pense que c\u2019est moi qui suis devant lui \u2013 un \u00e9gocentrisme typique d\u2019un homo phaber), \u00e9nerv\u00e9, il a failli m\u2019arroser avec sa salive, et pas de moyen de lui expliquer quoi que ce soit. Tel un m\u00e9canisme mis en route qui ne t\u2019entend, ni voit, peut-\u00eatre, non plus. Lorsqu\u2019il crie, ses yeux sont affreusement vides et d\u00e9pourvus de sens. Pourtant, il aurait d\u00fb \u00eatre inspir\u00e9 par le m\u00e9tier de journaliste \u00e0 l\u2019\u00e9poque\u2026 Est-ce que j\u2019ai souhait\u00e9 un tel sort?<\/p>\n<p>&#8211; Tu m\u2019entends au moins? Elle me scrute comme un mouton les corrections! Elle est l\u00e0 en train de r\u00eaver\u2026 Mais qu\u2019est-ce qu\u2019elle se permet \u2013 je la prend pour une personne responsable\u2026 Allez, bouges, tout le monde t\u2019attend, sans ton article la demi-colonne est condamn\u00e9e, j\u2019y mettrai quoi \u2013 tes r\u00eaves? Sinon, je te chargerai pour une semaine donner des titres \u2013 tu diras quoi\u2026<\/p>\n<p>&#8211; Mais je me fous de votre demi-colonne,- je m\u2019approche de la fen\u00eatre et regarde en bas, &#8211; la fourmili\u00e8re g\u00eet sans s\u2019arr\u00eater un instant.<\/p>\n<p>&#8211; Quoi?? Tu te permets?!<\/p>\n<p>Je ne regarde m\u00eame pas dans sa direction, il n\u2019y a rien \u00e0 voir\u2026 c\u2019est \u00e9vident qu\u2019il est gonfl\u00e9 et rouge de rage maintenant.<\/p>\n<p>L\u2019inqui\u00e9tude m\u2019est pass\u00e9 par la t\u00eate \u2013 je n\u2019avais pas r\u00e9fl\u00e9chi, comment je vais vivre\u2026 les coll\u00e8gues jettent des coups d\u2019\u0153il des coins de la salle, tels des marmottes de leurs terriers, les uns avec la peur, les autres avec l\u2019indignation. Et en m\u00eame temps, la joie s\u2019est \u00e9veill\u00e9e\u2026, comme le vent qui se soul\u00e8ve et souffle dans le dos en poussant \u00e0 l\u2019encontre de l\u2019inconnu de la vie.<\/p>\n<p>J\u2019ai eu terriblement envie de chasser l\u2019inqui\u00e9tude et le regarder dans les yeux avec courage, ne serait-ce que la derni\u00e8re fois, lui dire que je suis une jeune femelle qui veut vivre, dormir assez, bouffer des patates avec harengs, se balader et enfin baiser pas que les week-ends\u2026 Oh, ce qu\u2019il y aurait eu comme sc\u00e8ne mimique\u2026 Mais cela s\u2019est pass\u00e9 autrement \u2013 l\u2019esprit a tout de suite commenc\u00e9 son mauvais travail \u2013 je me suis mise \u00e0 inventer des mouvements et des mots pour dissimuler l\u2019inqui\u00e9tude paralysante et avoir l\u2019air digne\u2026<\/p>\n<p>&nbsp;<\/p>\n<p>&#8211; Caf\u00e9, th\u00e9, vin? \u2013 l\u2019h\u00f4tesse de l\u2019air me regarde dans les yeux avec pr\u00e9venance.<\/p>\n<p>&#8211; Non, merci, de l\u2019eau min\u00e9rale \u2026 s\u2019il vous plait\u2026<\/p>\n<p>&nbsp;<\/p>\n<p>\u2026- Maya, tu n\u2019es pas folle pour partir ainsi de Ce travail-l\u00e0! Serezha, elle est tomb\u00e9e dans un secte, j\u2019en suis certaine &#8211; le c\u0153ur maternelle ne se trompe pas, donne-moi vite du Valium\u2026 Maya, tu dois me raconter tout maintenant, on trouvera une solution ensemble, tu ne seras pas oblig\u00e9e de quitter ton travail et aller en Indes\u2026 Tu y vas toute seule??? Quelqu\u2019un va t\u2019attendre l\u00e0-bas?\u2026 Je suis parano\u00efaque?! Ah, odieuse, comment tu oses parler de cette mani\u00e8re \u00e0 ta m\u00e8re?! Je vais t\u2019enfermer \u00e0 la maison, jusqu\u2019\u00e0 ce que toute la connerie ne sorte de toi\u2026 P\u00e8re! Tu peux dire au moins quelque chose!!<\/p>\n<p>Le visage sombre de mon p\u00e8re\u2026 \u00e9tait-il autrefois vraiment diff\u00e9rent, pas comme \u00e7a, pas fig\u00e9 dans cette grimace cadav\u00e9rique?<\/p>\n<p>&#8211; Tu es tomb\u00e9e entre les mains des vendeurs de drogues? Tu vas ramener des drogues de l\u2019Inde? Je connais des gens \u00e0 FBR, on va te surveiller\u2026 Je vais te\u2026- sa voix a tr\u00e9buch\u00e9, il a fait un geste impuissant, le visage rougi.<\/p>\n<p>Et quoi alors? Il ne le savait pas lui-m\u00eame. La vieille boite \u00e0 musique est tout simplement arriv\u00e9e \u00e0 la fin de la chanson, entam\u00e9e dans l\u2019enfance\u2026 Mais il n\u2019est qu\u2019un robot! Si seulement il\u2026<\/p>\n<p>&nbsp;<\/p>\n<p>L\u2019Inde s\u2019approche avec chaque instant, les contours de la r\u00e9daction, les cours de jogga, de reiki, les s\u00e9minaires de psychologie, les trainings tantriques, des discussions philosophiques \u00e0 la cuisine qui durent jusqu\u2019au petit matin et la naus\u00e9e deviennent de plus en plus flous, et il n\u2019est plus tellement important que les recherches des amis partageant la pens\u00e9e ont compl\u00e8tement \u00e9chou\u00e9, &#8211; car je commence une vie nouvelle. J\u2019ai le vague pressentiment que je ne reviendrai plus jamais en arri\u00e8re.<\/p>\n<p>&nbsp;<\/p>\n<p>\u2026- Casse-toi, petite pute! Je savais depuis toujours que tu te trouverais un autre et t\u2019en foutrais de mes sentiments\u2026 Tu ne m\u2019as jamais vraiment aim\u00e9. Je plains beaucoup ton nouveau compagnon \u2013 tu le tiendrais pour un imb\u00e9cile exactement de la m\u00eame mani\u00e8re\u2026<\/p>\n<p>&nbsp;<\/p>\n<p>&#8211; Vous n\u2019auriez pas une couverture? J\u2019ai envie de dormir.<\/p>\n<p>&#8211; Bien s\u00fbr, madame, je vous l\u2019apporte tout de suite.<\/p>\n<p>Les hublots noirs, tout l\u2019avion roupille, quelques dizaines de bouches dr\u00f4lement ouvertes\u2026 La couverture est un peu raide, mais \u00e7a va aller\u2026<\/p>\n<p>&nbsp;<\/p>\n<p>\u2026 Les portes de la r\u00e9daction s\u2019\u00e9taient referm\u00e9es. Le soir d\u2019ao\u00fbt frais \u00e9tait tout \u00e0 fait extraordinaire, &#8211; le monde avait chang\u00e9, l\u2019air retentissait d\u2019une anticipation palpitante et joyeuse, et tout le va-et-vient de la capitale, rue Pouchkine, ressemblait \u00e0 un d\u00e9cor en carton sur le point de s\u2019effondrer. Tout \u00e9tait devenu \u00e0 moiti\u00e9 r\u00e9el, insignifiant \u00e0 comparer avec ce qui s\u2019\u00e9tait lib\u00e9r\u00e9 et m\u2019appelait je ne savais o\u00f9. Le cr\u00e9puscule s\u2019enflammait dans l\u2019espace entre les immeubles et s\u2019\u00e9tincelait un instant en les transper\u00e7ant, comme en m\u2019appelant de tous les sens. Mais o\u00f9?<\/p>\n<p>Le r\u00eave d\u2019un journalisme r\u00e9volutionnaire, capable de d\u00e9tourner les esprits conservateurs, d\u2019\u00e9clater des pr\u00e9jug\u00e9s, saisi par des id\u00e9es novatrices, des d\u00e9couvertes innovantes \u00e9tait bris\u00e9\u2026 cependant cela avait \u00e9t\u00e9 \u00e9vident d\u00e8s le d\u00e9but, mais j\u2019y avais cru jusqu\u2019au bout, en fermant les yeux pour ne pas voir cet \u00e9vidence \u2013 c\u2019\u00e9tait de la l\u00e2chet\u00e9, certes, mais comment s\u2019avouer que depuis longtemps l\u2019on ne fait pas ce qu\u2019on veut vraiment? Comment ouvrir les yeux pour voir qu\u2019on s\u2019est li\u00e9 \u00e0 la biomasse impersonnelle, comment cesser de glisser sur les rails et sortir de cet entonnoir meurtrier?&#8230;<\/p>\n<p>&nbsp;<\/p>\n<p>&#8211; C\u2019est d\u00e9j\u00e0 Achkhabad?<\/p>\n<p>En chancelant de sommeil, je longe le couloir et tombe sur une chaise. Trois heures dans la salle d\u2019attente, puis encore trois heures de vol, &#8211; je serai \u00e0 Delhi dans six heures\u2026 Delhi\u2026 c\u2019est tellement extraordinaire, je n\u2019arrive pas \u00e0 y croire \u2013 \u00abje vais en Indes\u00bb, hein!&#8230; quel imb\u00e9cile a invent\u00e9 ces si\u00e8ges durs, m\u00e9talliques, avec des trous, dans la salle d\u2019attente? On ne peut ni s\u2019asseoir, ni s\u2019allonger\u2026 Couper les couilles au cr\u00e9tin qui a invent\u00e9 ces si\u00e8ges\u2026 \u00e7a fait une heure que j\u2019essaie de m\u2019y installer \u2013 que des cauchemars qui viennent dans la t\u00eate.<\/p>\n<p>&nbsp;<\/p>\n<p>\u2026 J\u2019avais peur de me lancer comme \u00e7a la t\u00eate en avant dans l\u2019inconnu complet, suivant un appel inqui\u00e9tant et insistant, apr\u00e8s avoir ray\u00e9 tout ce qui \u00e9tait stable et compr\u00e9hensible. Quand j\u2019ai quitt\u00e9 le travail, pendant un mois je me promenais dans la for\u00eat, surfais sur Internet en observant de quoi vivait le monde, je lisais\u2026 de nouveau je pouvais lire beaucoup, mais les livres connus n\u2019allaient pas, et des nouveaux, qui me passionneraient, ne sont pas tomb\u00e9s entre mes mains, et d\u00e9but septembre il y avait un nouveau passeport dans ma poche, ainsi qu\u2019un billet avec une date de retour changeable pendant un an et un visa en Indes. En disant adieu \u00e0 ma vie d\u2019avant, j\u2019ai ferm\u00e9 la porte de ma maison, qui s\u2019est faite toute de suite oubli\u00e9e dans un engrenage infini des \u00e9v\u00e9nements et des faits.<\/p>\n<p>&nbsp;<\/p>\n","protected":false},"excerpt":{"rendered":"<p>&#8211; V\u00e9g\u00e9tarien ou ordinaire? &#8211; Pardon? Hein\u2026 ordinaire\u2026 &#8211; Excusez-moi, il n\u2019y a plus de v\u00e9g\u00e9tarien, vous voulez bien ordinaire? Voila, comme d\u2019habitude &#8211; de bonnes intentions\u2026 &#8211; C\u2019est avec quelle viande? &#8211; Du poulet. Du poulet alors, je prends, &#8211; j\u2019ai faim maintenant. Derri\u00e8re le hublot le cr\u00e9puscule s\u2019enflammait impassiblement sur le fond de [&hellip;]<\/p>\n","protected":false},"author":1,"featured_media":0,"parent":7693,"menu_order":1,"comment_status":"open","ping_status":"closed","template":"","meta":{"_acf_changed":false,"footnotes":""},"class_list":["post-7696","page","type-page","status-publish","hentry"],"acf":[],"yoast_head":"<!-- This site is optimized with the Yoast SEO plugin v27.4 - https:\/\/yoast.com\/product\/yoast-seo-wordpress\/ -->\n<title>Chapitre 01 - Selection of Attractive States<\/title>\n<meta name=\"robots\" content=\"index, follow, max-snippet:-1, max-image-preview:large, max-video-preview:-1\" \/>\n<link rel=\"canonical\" href=\"https:\/\/bodhi.name\/fr\/maya-livre-1\/chapitre-01\/\" \/>\n<meta property=\"og:locale\" content=\"fr_FR\" \/>\n<meta property=\"og:type\" content=\"article\" \/>\n<meta property=\"og:title\" content=\"Chapitre 01 - Selection of Attractive States\" \/>\n<meta property=\"og:description\" content=\"&#8211; V\u00e9g\u00e9tarien ou ordinaire? &#8211; Pardon? Hein\u2026 ordinaire\u2026 &#8211; Excusez-moi, il n\u2019y a plus de v\u00e9g\u00e9tarien, vous voulez bien ordinaire? Voila, comme d\u2019habitude &#8211; de bonnes intentions\u2026 &#8211; C\u2019est avec quelle viande? &#8211; Du poulet. Du poulet alors, je prends, &#8211; j\u2019ai faim maintenant. Derri\u00e8re le hublot le cr\u00e9puscule s\u2019enflammait impassiblement sur le fond de [&hellip;]\" \/>\n<meta property=\"og:url\" content=\"https:\/\/bodhi.name\/fr\/maya-livre-1\/chapitre-01\/\" \/>\n<meta property=\"og:site_name\" content=\"Selection of Attractive States\" \/>\n<meta property=\"article:modified_time\" content=\"2015-01-31T19:02:58+00:00\" \/>\n<meta name=\"twitter:card\" content=\"summary_large_image\" \/>\n<meta name=\"twitter:label1\" content=\"Dur\u00e9e de lecture estim\u00e9e\" \/>\n\t<meta name=\"twitter:data1\" content=\"10 minutes\" \/>\n<script type=\"application\/ld+json\" class=\"yoast-schema-graph\">{\"@context\":\"https:\\\/\\\/schema.org\",\"@graph\":[{\"@type\":\"WebPage\",\"@id\":\"https:\\\/\\\/bodhi.name\\\/fr\\\/maya-livre-1\\\/chapitre-01\\\/\",\"url\":\"https:\\\/\\\/bodhi.name\\\/fr\\\/maya-livre-1\\\/chapitre-01\\\/\",\"name\":\"Chapitre 01 - Selection of Attractive States\",\"isPartOf\":{\"@id\":\"https:\\\/\\\/bodhi.name\\\/ru\\\/#website\"},\"datePublished\":\"2015-01-31T16:48:43+00:00\",\"dateModified\":\"2015-01-31T19:02:58+00:00\",\"breadcrumb\":{\"@id\":\"https:\\\/\\\/bodhi.name\\\/fr\\\/maya-livre-1\\\/chapitre-01\\\/#breadcrumb\"},\"inLanguage\":\"fr-FR\",\"potentialAction\":[{\"@type\":\"ReadAction\",\"target\":[\"https:\\\/\\\/bodhi.name\\\/fr\\\/maya-livre-1\\\/chapitre-01\\\/\"]}]},{\"@type\":\"BreadcrumbList\",\"@id\":\"https:\\\/\\\/bodhi.name\\\/fr\\\/maya-livre-1\\\/chapitre-01\\\/#breadcrumb\",\"itemListElement\":[{\"@type\":\"ListItem\",\"position\":1,\"name\":\"\u0413\u043b\u0430\u0432\u043d\u0430\u044f \u0441\u0442\u0440\u0430\u043d\u0438\u0446\u0430\",\"item\":\"https:\\\/\\\/bodhi.name\\\/fr\\\/\"},{\"@type\":\"ListItem\",\"position\":2,\"name\":\"\u00abMAYA\u00bb. Livre 1: Force mineure\",\"item\":\"https:\\\/\\\/bodhi.name\\\/fr\\\/maya-livre-1\\\/\"},{\"@type\":\"ListItem\",\"position\":3,\"name\":\"Chapitre 01\"}]},{\"@type\":\"WebSite\",\"@id\":\"https:\\\/\\\/bodhi.name\\\/ru\\\/#website\",\"url\":\"https:\\\/\\\/bodhi.name\\\/ru\\\/\",\"name\":\"Selection of Attractive States\",\"description\":\"Psychologie exp\u00e9rimentale\",\"potentialAction\":[{\"@type\":\"SearchAction\",\"target\":{\"@type\":\"EntryPoint\",\"urlTemplate\":\"https:\\\/\\\/bodhi.name\\\/ru\\\/?s={search_term_string}\"},\"query-input\":{\"@type\":\"PropertyValueSpecification\",\"valueRequired\":true,\"valueName\":\"search_term_string\"}}],\"inLanguage\":\"fr-FR\"}]}<\/script>\n<!-- \/ Yoast SEO plugin. -->","yoast_head_json":{"title":"Chapitre 01 - Selection of Attractive States","robots":{"index":"index","follow":"follow","max-snippet":"max-snippet:-1","max-image-preview":"max-image-preview:large","max-video-preview":"max-video-preview:-1"},"canonical":"https:\/\/bodhi.name\/fr\/maya-livre-1\/chapitre-01\/","og_locale":"fr_FR","og_type":"article","og_title":"Chapitre 01 - Selection of Attractive States","og_description":"&#8211; V\u00e9g\u00e9tarien ou ordinaire? &#8211; Pardon? Hein\u2026 ordinaire\u2026 &#8211; Excusez-moi, il n\u2019y a plus de v\u00e9g\u00e9tarien, vous voulez bien ordinaire? Voila, comme d\u2019habitude &#8211; de bonnes intentions\u2026 &#8211; C\u2019est avec quelle viande? &#8211; Du poulet. Du poulet alors, je prends, &#8211; j\u2019ai faim maintenant. Derri\u00e8re le hublot le cr\u00e9puscule s\u2019enflammait impassiblement sur le fond de [&hellip;]","og_url":"https:\/\/bodhi.name\/fr\/maya-livre-1\/chapitre-01\/","og_site_name":"Selection of Attractive States","article_modified_time":"2015-01-31T19:02:58+00:00","twitter_card":"summary_large_image","twitter_misc":{"Dur\u00e9e de lecture estim\u00e9e":"10 minutes"},"schema":{"@context":"https:\/\/schema.org","@graph":[{"@type":"WebPage","@id":"https:\/\/bodhi.name\/fr\/maya-livre-1\/chapitre-01\/","url":"https:\/\/bodhi.name\/fr\/maya-livre-1\/chapitre-01\/","name":"Chapitre 01 - Selection of Attractive States","isPartOf":{"@id":"https:\/\/bodhi.name\/ru\/#website"},"datePublished":"2015-01-31T16:48:43+00:00","dateModified":"2015-01-31T19:02:58+00:00","breadcrumb":{"@id":"https:\/\/bodhi.name\/fr\/maya-livre-1\/chapitre-01\/#breadcrumb"},"inLanguage":"fr-FR","potentialAction":[{"@type":"ReadAction","target":["https:\/\/bodhi.name\/fr\/maya-livre-1\/chapitre-01\/"]}]},{"@type":"BreadcrumbList","@id":"https:\/\/bodhi.name\/fr\/maya-livre-1\/chapitre-01\/#breadcrumb","itemListElement":[{"@type":"ListItem","position":1,"name":"\u0413\u043b\u0430\u0432\u043d\u0430\u044f \u0441\u0442\u0440\u0430\u043d\u0438\u0446\u0430","item":"https:\/\/bodhi.name\/fr\/"},{"@type":"ListItem","position":2,"name":"\u00abMAYA\u00bb. Livre 1: Force mineure","item":"https:\/\/bodhi.name\/fr\/maya-livre-1\/"},{"@type":"ListItem","position":3,"name":"Chapitre 01"}]},{"@type":"WebSite","@id":"https:\/\/bodhi.name\/ru\/#website","url":"https:\/\/bodhi.name\/ru\/","name":"Selection of Attractive States","description":"Psychologie exp\u00e9rimentale","potentialAction":[{"@type":"SearchAction","target":{"@type":"EntryPoint","urlTemplate":"https:\/\/bodhi.name\/ru\/?s={search_term_string}"},"query-input":{"@type":"PropertyValueSpecification","valueRequired":true,"valueName":"search_term_string"}}],"inLanguage":"fr-FR"}]}},"_links":{"self":[{"href":"https:\/\/bodhi.name\/fr\/wp-json\/wp\/v2\/pages\/7696","targetHints":{"allow":["GET"]}}],"collection":[{"href":"https:\/\/bodhi.name\/fr\/wp-json\/wp\/v2\/pages"}],"about":[{"href":"https:\/\/bodhi.name\/fr\/wp-json\/wp\/v2\/types\/page"}],"author":[{"embeddable":true,"href":"https:\/\/bodhi.name\/fr\/wp-json\/wp\/v2\/users\/1"}],"replies":[{"embeddable":true,"href":"https:\/\/bodhi.name\/fr\/wp-json\/wp\/v2\/comments?post=7696"}],"version-history":[{"count":3,"href":"https:\/\/bodhi.name\/fr\/wp-json\/wp\/v2\/pages\/7696\/revisions"}],"predecessor-version":[{"id":7713,"href":"https:\/\/bodhi.name\/fr\/wp-json\/wp\/v2\/pages\/7696\/revisions\/7713"}],"up":[{"embeddable":true,"href":"https:\/\/bodhi.name\/fr\/wp-json\/wp\/v2\/pages\/7693"}],"wp:attachment":[{"href":"https:\/\/bodhi.name\/fr\/wp-json\/wp\/v2\/media?parent=7696"}],"curies":[{"name":"wp","href":"https:\/\/api.w.org\/{rel}","templated":true}]}}