{"id":7631,"date":"2015-01-29T23:19:16","date_gmt":"2015-01-29T19:19:16","guid":{"rendered":"http:\/\/suri-catt.com\/?page_id=7631"},"modified":"2015-01-29T23:19:16","modified_gmt":"2015-01-29T19:19:16","slug":"los-motivos-para-realizar-los-experimentos-sociales-es","status":"publish","type":"page","link":"https:\/\/bodhi.name\/es\/articulos-en-seleccion\/los-motivos-para-realizar-los-experimentos-sociales-es\/","title":{"rendered":"Los motivos para realizar los experimentos sociales (ES)"},"content":{"rendered":"<p>1) Superar el miedo a contestar al interlocutor o argumentar sus razonamientos, o refutarlos, superar el miedo de actuar de forma diferente a los dem\u00e1s. Hacer algo que es infrecuente (independientemente de si te apetece en este momento o no) y descubrir que el cielo no cae a la tierra por eso, la vida sigue adelante y el deseo acompa\u00f1ado por la anticipaci\u00f3n est\u00e1 realizado y ahora podemos ver y estudiar c\u00f3mo se desarrolla la situaci\u00f3n, buscar y encontrar las leyes.<\/p>\n<p>2) Investigar los mecanismos sociales que influyen en otra gente y en ti misma, para sentirse m\u00e1s segura en la comunicaci\u00f3n con ellos, es decir, para que sea m\u00e1s f\u00e1cil alcanzar los resultados deseables y esto tanto en lo que se refiere a la aspirante, como a la sociedad. La gente ordinaria encontr\u00e1ndose entre otra gente no aprieta los botones que manejan los mecanismos y alcanzan los resultados deseados, simplemente est\u00e1 en las EN , en su carril acostumbrado y va sin saber ad\u00f3nde llegar\u00e1. En vez de eso t\u00fa podr\u00e1s alcanzar cualquier resultado que quieras, si tienes experiencia en apretar uno u otros botones y sabes observar y analizar qu\u00e9 pasar\u00e1 despu\u00e9s de alguna situaci\u00f3n.<\/p>\n<p>Claro est\u00e1 que mientras te aplicas los esfuerzos para conseguir el desarrollo deseable de la situaci\u00f3n, puedes darte cuenta que en realidad no tienes ni idea de c\u00f3mo se desarrollar\u00e1 la vida en el caso de que llegue, o no, el resultado deseable, as\u00ed que cuando llegas a la opci\u00f3n deseada, eliminas la satisfacci\u00f3n podrida y vives el momento disfrutando de la vida, y aspiras a los descubrimientos. Si el resultado no es deseable, eliminas la insatisfacci\u00f3n y vives el momento aspirando a los descubrimientos.<\/p>\n<p>(Quiero subrayar que la satisfacci\u00f3n y el placer son dos percepciones puramente diferentes. La satisfacci\u00f3n es un estado gris cuando no-pasa-nada, cuando no tienes deseos alegres ni otras PI, la persona aspira a la satisfacci\u00f3n para huir de sus miedos, para esconderse. El placer es un estado alegre, en el que est\u00e1n manifestadas aspiraci\u00f3n, anticipaci\u00f3n y otras PI)<\/p>\n<p>Cuando no tienes fuerzas para superar el miedo y dejar el carril acostumbrado siguiendo tu deseo alegre, entonces podr\u00e1s empezar a decir \u201cda igual, ya veremos que habr\u00e1, de todas maneras no puedo prever qu\u00e9 resultado ser\u00e1 el m\u00e1s interesante para m\u00ed&#8230;\u201d y al mismo tiempo te crees que eres un sabio y empiezas a jugar con las palabras tipo \u00abtamboril por gaita\u00bb, \u00abda lo mismo\u00bb, \u00abtrabajo en mi karma\u00bb, \u00abadvaita\u00bb, \u00abimpreferencia\u00bb etc. Pero en realidad est\u00e1s vencida por el miedo. Es lo que hace mucha y mucha gente que aparenta sabidur\u00eda pero que en realidad son mentirosos y esta actitud les priva de una \u00faltima oportunidad de eliminar sus tenebrosidades.<\/p>\n","protected":false},"excerpt":{"rendered":"<p>1) Superar el miedo a contestar al interlocutor o argumentar sus razonamientos, o refutarlos, superar el miedo de actuar de forma diferente a los dem\u00e1s. Hacer algo que es infrecuente (independientemente de si te apetece en este momento o no) y descubrir que el cielo no cae a la tierra por eso, la vida sigue [&hellip;]<\/p>\n","protected":false},"author":1,"featured_media":0,"parent":7587,"menu_order":0,"comment_status":"open","ping_status":"closed","template":"","meta":{"_acf_changed":false,"footnotes":""},"class_list":["post-7631","page","type-page","status-publish","hentry"],"acf":[],"yoast_head":"<!-- This site is optimized with the Yoast SEO plugin v27.2 - https:\/\/yoast.com\/product\/yoast-seo-wordpress\/ -->\n<title>Los motivos para realizar los experimentos sociales (ES) - Selecci\u00f3n de estados atractivos<\/title>\n<meta name=\"robots\" content=\"index, follow, max-snippet:-1, max-image-preview:large, max-video-preview:-1\" \/>\n<link rel=\"canonical\" href=\"https:\/\/bodhi.name\/es\/articulos-en-seleccion\/los-motivos-para-realizar-los-experimentos-sociales-es\/\" \/>\n<meta property=\"og:locale\" content=\"es_ES\" \/>\n<meta property=\"og:type\" content=\"article\" \/>\n<meta property=\"og:title\" content=\"Los motivos para realizar los experimentos sociales (ES) - Selecci\u00f3n de estados atractivos\" \/>\n<meta property=\"og:description\" content=\"1) Superar el miedo a contestar al interlocutor o argumentar sus razonamientos, o refutarlos, superar el miedo de actuar de forma diferente a los dem\u00e1s. Hacer algo que es infrecuente (independientemente de si te apetece en este momento o no) y descubrir que el cielo no cae a la tierra por eso, la vida sigue [&hellip;]\" \/>\n<meta property=\"og:url\" content=\"https:\/\/bodhi.name\/es\/articulos-en-seleccion\/los-motivos-para-realizar-los-experimentos-sociales-es\/\" \/>\n<meta property=\"og:site_name\" content=\"Selecci\u00f3n de estados atractivos\" \/>\n<meta name=\"twitter:card\" content=\"summary_large_image\" \/>\n<meta name=\"twitter:label1\" content=\"Tiempo de lectura\" \/>\n\t<meta name=\"twitter:data1\" content=\"2 minutos\" \/>\n<script type=\"application\/ld+json\" class=\"yoast-schema-graph\">{\"@context\":\"https:\/\/schema.org\",\"@graph\":[{\"@type\":\"WebPage\",\"@id\":\"https:\/\/bodhi.name\/es\/articulos-en-seleccion\/los-motivos-para-realizar-los-experimentos-sociales-es\/\",\"url\":\"https:\/\/bodhi.name\/es\/articulos-en-seleccion\/los-motivos-para-realizar-los-experimentos-sociales-es\/\",\"name\":\"Los motivos para realizar los experimentos sociales (ES) - Selecci\u00f3n de estados atractivos\",\"isPartOf\":{\"@id\":\"https:\/\/bodhi.name\/ru\/#website\"},\"datePublished\":\"2015-01-29T19:19:16+00:00\",\"breadcrumb\":{\"@id\":\"https:\/\/bodhi.name\/es\/articulos-en-seleccion\/los-motivos-para-realizar-los-experimentos-sociales-es\/#breadcrumb\"},\"inLanguage\":\"es\",\"potentialAction\":[{\"@type\":\"ReadAction\",\"target\":[\"https:\/\/bodhi.name\/es\/articulos-en-seleccion\/los-motivos-para-realizar-los-experimentos-sociales-es\/\"]}]},{\"@type\":\"BreadcrumbList\",\"@id\":\"https:\/\/bodhi.name\/es\/articulos-en-seleccion\/los-motivos-para-realizar-los-experimentos-sociales-es\/#breadcrumb\",\"itemListElement\":[{\"@type\":\"ListItem\",\"position\":1,\"name\":\"\u0413\u043b\u0430\u0432\u043d\u0430\u044f \u0441\u0442\u0440\u0430\u043d\u0438\u0446\u0430\",\"item\":\"https:\/\/bodhi.name\/es\/\"},{\"@type\":\"ListItem\",\"position\":2,\"name\":\"Articulos en Selecci\u00f3n\",\"item\":\"https:\/\/bodhi.name\/es\/articulos-en-seleccion\/\"},{\"@type\":\"ListItem\",\"position\":3,\"name\":\"Los motivos para realizar los experimentos sociales (ES)\"}]},{\"@type\":\"WebSite\",\"@id\":\"https:\/\/bodhi.name\/ru\/#website\",\"url\":\"https:\/\/bodhi.name\/ru\/\",\"name\":\"Selecci\u00f3n de estados atractivos\",\"description\":\"Psicolog\u00eda experimental\",\"potentialAction\":[{\"@type\":\"SearchAction\",\"target\":{\"@type\":\"EntryPoint\",\"urlTemplate\":\"https:\/\/bodhi.name\/ru\/?s={search_term_string}\"},\"query-input\":{\"@type\":\"PropertyValueSpecification\",\"valueRequired\":true,\"valueName\":\"search_term_string\"}}],\"inLanguage\":\"es\"}]}<\/script>\n<!-- \/ Yoast SEO plugin. -->","yoast_head_json":{"title":"Los motivos para realizar los experimentos sociales (ES) - Selecci\u00f3n de estados atractivos","robots":{"index":"index","follow":"follow","max-snippet":"max-snippet:-1","max-image-preview":"max-image-preview:large","max-video-preview":"max-video-preview:-1"},"canonical":"https:\/\/bodhi.name\/es\/articulos-en-seleccion\/los-motivos-para-realizar-los-experimentos-sociales-es\/","og_locale":"es_ES","og_type":"article","og_title":"Los motivos para realizar los experimentos sociales (ES) - Selecci\u00f3n de estados atractivos","og_description":"1) Superar el miedo a contestar al interlocutor o argumentar sus razonamientos, o refutarlos, superar el miedo de actuar de forma diferente a los dem\u00e1s. Hacer algo que es infrecuente (independientemente de si te apetece en este momento o no) y descubrir que el cielo no cae a la tierra por eso, la vida sigue [&hellip;]","og_url":"https:\/\/bodhi.name\/es\/articulos-en-seleccion\/los-motivos-para-realizar-los-experimentos-sociales-es\/","og_site_name":"Selecci\u00f3n de estados atractivos","twitter_card":"summary_large_image","twitter_misc":{"Tiempo de lectura":"2 minutos"},"schema":{"@context":"https:\/\/schema.org","@graph":[{"@type":"WebPage","@id":"https:\/\/bodhi.name\/es\/articulos-en-seleccion\/los-motivos-para-realizar-los-experimentos-sociales-es\/","url":"https:\/\/bodhi.name\/es\/articulos-en-seleccion\/los-motivos-para-realizar-los-experimentos-sociales-es\/","name":"Los motivos para realizar los experimentos sociales (ES) - Selecci\u00f3n de estados atractivos","isPartOf":{"@id":"https:\/\/bodhi.name\/ru\/#website"},"datePublished":"2015-01-29T19:19:16+00:00","breadcrumb":{"@id":"https:\/\/bodhi.name\/es\/articulos-en-seleccion\/los-motivos-para-realizar-los-experimentos-sociales-es\/#breadcrumb"},"inLanguage":"es","potentialAction":[{"@type":"ReadAction","target":["https:\/\/bodhi.name\/es\/articulos-en-seleccion\/los-motivos-para-realizar-los-experimentos-sociales-es\/"]}]},{"@type":"BreadcrumbList","@id":"https:\/\/bodhi.name\/es\/articulos-en-seleccion\/los-motivos-para-realizar-los-experimentos-sociales-es\/#breadcrumb","itemListElement":[{"@type":"ListItem","position":1,"name":"\u0413\u043b\u0430\u0432\u043d\u0430\u044f \u0441\u0442\u0440\u0430\u043d\u0438\u0446\u0430","item":"https:\/\/bodhi.name\/es\/"},{"@type":"ListItem","position":2,"name":"Articulos en Selecci\u00f3n","item":"https:\/\/bodhi.name\/es\/articulos-en-seleccion\/"},{"@type":"ListItem","position":3,"name":"Los motivos para realizar los experimentos sociales (ES)"}]},{"@type":"WebSite","@id":"https:\/\/bodhi.name\/ru\/#website","url":"https:\/\/bodhi.name\/ru\/","name":"Selecci\u00f3n de estados atractivos","description":"Psicolog\u00eda experimental","potentialAction":[{"@type":"SearchAction","target":{"@type":"EntryPoint","urlTemplate":"https:\/\/bodhi.name\/ru\/?s={search_term_string}"},"query-input":{"@type":"PropertyValueSpecification","valueRequired":true,"valueName":"search_term_string"}}],"inLanguage":"es"}]}},"_links":{"self":[{"href":"https:\/\/bodhi.name\/es\/wp-json\/wp\/v2\/pages\/7631","targetHints":{"allow":["GET"]}}],"collection":[{"href":"https:\/\/bodhi.name\/es\/wp-json\/wp\/v2\/pages"}],"about":[{"href":"https:\/\/bodhi.name\/es\/wp-json\/wp\/v2\/types\/page"}],"author":[{"embeddable":true,"href":"https:\/\/bodhi.name\/es\/wp-json\/wp\/v2\/users\/1"}],"replies":[{"embeddable":true,"href":"https:\/\/bodhi.name\/es\/wp-json\/wp\/v2\/comments?post=7631"}],"version-history":[{"count":1,"href":"https:\/\/bodhi.name\/es\/wp-json\/wp\/v2\/pages\/7631\/revisions"}],"predecessor-version":[{"id":7632,"href":"https:\/\/bodhi.name\/es\/wp-json\/wp\/v2\/pages\/7631\/revisions\/7632"}],"up":[{"embeddable":true,"href":"https:\/\/bodhi.name\/es\/wp-json\/wp\/v2\/pages\/7587"}],"wp:attachment":[{"href":"https:\/\/bodhi.name\/es\/wp-json\/wp\/v2\/media?parent=7631"}],"curies":[{"name":"wp","href":"https:\/\/api.w.org\/{rel}","templated":true}]}}