{"id":7629,"date":"2015-01-29T23:18:12","date_gmt":"2015-01-29T19:18:12","guid":{"rendered":"http:\/\/suri-catt.com\/?page_id=7629"},"modified":"2015-01-29T23:18:12","modified_gmt":"2015-01-29T19:18:12","slug":"las-practicas-formales-para-engendrar-las-pi","status":"publish","type":"page","link":"https:\/\/bodhi.name\/es\/articulos-en-seleccion\/las-practicas-formales-para-engendrar-las-pi\/","title":{"rendered":"Las pr\u00e1cticas formales para engendrar las PI"},"content":{"rendered":"<p>Alguna vez seguro que experimentaste los estados que determinas como profundos, preciosos, brillantes. Ahora de vez en cuando entre tus percepciones aparece el deseo de experimentar m\u00e1s a menudo y m\u00e1s fuertemente estas percepciones iluminadas (PI).<\/p>\n<p>Recomiendo realizar las acciones siguientes: crear una lista de las descripciones de las situaciones en las que experimentaste las PI. Mientras describes no omitas ni un solo detalle \u2013 apunta todo lo que pas\u00f3 contigo cuando experimentabas una PI tan detalladamente como puedas. Si vale la pena acumular algunas cosas, esta propiedad es de m\u00e1s valor J o sea tus historias de los momentos m\u00e1s preciosos de tu vida.<\/p>\n<p>Despu\u00e9s podr\u00e1s volver a tus recuerdos ayud\u00e1ndote con los apuntes que tienes y \u201csaltar\u201d en las PI, es decir recordarte a ti misma en este estado. Por eso es un asunto que hay que hacer bien y sucesivamente. Es decir, no es que simplemente pruebas y despu\u00e9s te dices a ti misma \u201cpuf, no sale nada\u201d y vuelves a tus EN, sino que conviertes este asunto en lo que yo llamo \u201cla pr\u00e1ctica formal\u201d. Por ejemplo, durante 10 minutos cada pocos segundos tratas de recordarte en este estado y despu\u00e9s de cada esfuerzo te pones una nota seg\u00fan una escala de 0 a 10 de la intensidad de las PI.<\/p>\n<p>Y despu\u00e9s resultar\u00e1 la lista siguiente:<\/p>\n<p>1-0<\/p>\n<p>2-0<\/p>\n<p>3-1<\/p>\n<p>4-0<\/p>\n<p>Etc. Y si en el 50 intento te puntuas en lugar de con un 0 digamos con un 3. \u00a1Es un gran \u00e9xito!\u00a0 Esto significa que la pr\u00e1ctica funciona, que es posible cambiar la costumbre de no experimentar las PI por la de experimentarlas. Al principio los n\u00fameros que no sean cero aparecer\u00e1n espor\u00e1dicamente, despu\u00e9s cada vez m\u00e1s a menudo.<\/p>\n<p>Es lo que yo llamo el engendro de las PI.<\/p>\n<p>Si te dedicas a esta pr\u00e1ctica, finalmente es posible llegar a las PI permanentes y la vida te cambiar\u00e1 tanto que no se puede expresar con palabras.<\/p>\n<p>Pero si tratas de engendrar las PI y pasas de la eliminaci\u00f3n de las EN, a mi modo de ver esta pr\u00e1ctica es in\u00fatil . En todo caso, no conozco ejemplos en que este m\u00e9todo tenga resultados exitosos. Si una persona dice \u201cno quiero eliminar las EN, mejor engendrar\u00eda las PI\u201d significa que en realidad no quiere eliminar las EN, y de esta manera se enga\u00f1a a si mismo. Porque la pr\u00e1ctica de la eliminaci\u00f3n de las EN es igual de alegre e incre\u00edble que la pr\u00e1ctica de engendrar las PI.<\/p>\n<p>Una de las principiantes despu\u00e9s de la primera serie de cien intentos de engendrar PI, recibi\u00f3 los resultados siguientes: casi todas las notas eran de cero y s\u00f3lo en algunos casos estaban los n\u00fameros 1-2. Despu\u00e9s escribi\u00f3: \u201ccreo que aqu\u00ed puedo no s\u00f3lo concentrarme en el deseo de experimentar las PI sino adem\u00e1s durante las tentaciones de engendrar las PI recordarme a m\u00ed misma en las PI, lo probar\u00e9\u201d. Despu\u00e9s de otra serie de cien intentos el porcentaje de los n\u00fameros diferentes a cero alcanz\u00f3 40 y entre estos n\u00fameros hab\u00eda 3 y 4.<\/p>\n<p>Me gustar\u00eda comentar su comunicaci\u00f3n.<\/p>\n<p>Claro est\u00e1 que escrib\u00ed precisamente esto. Digo lo mismo: puedes usar sus descripciones de las situaciones en las que experimentaste una u otra PI para despu\u00e9s recordarte en este estado y \u201csaltar\u201d en las PI. Est\u00e1s en una conferencia pero te imaginas que en realidad eres una ni\u00f1a que fue por primera vez al mar y recuerdas aquel encanto, aquella profundidad impactante que cae sobre ti, sientes como se te corta la respiraci\u00f3n, tienes ganas de llorar, quieres abrazar y besar a las gaviotas, las rocas, las olas ante tus pies. Es decir te recuerdas a ti misma en este estado.<\/p>\n<p>Pero como ves hay una diferencia enorme entre los que se dedican a la pr\u00e1ctica y los que la practican. Emprendiste esfuerzos reales y enseguida sentiste que lo que hab\u00edas hecho no te gust\u00f3 demasiado (concentrarte en el deseo de las PI) pero te gust\u00f3 otra cosa (saltar en las PI). Es decir, tu misma sin ninguno de mis consejos, preguntas, aclaraciones encontraste r\u00e1pidamente el m\u00e9todo m\u00e1s eficaz para experimentar las PI a pesar de que no hab\u00edas le\u00eddo mis consejos de la misma manera en que los hab\u00eda pensado yo. Esto otra vez confirma que no hay que tener miedo de las faltas, hay que seguir los deseos alegres. El que no se cae no se levanta.<\/p>\n<p>Mir\u00e9 tu lista de los esfuerzos y de los resultados. Encontr\u00e9 all\u00ed algunos n\u00fameros diferentes a cero. Hasta hay 3 y 4. \u00a1Y si no hubieras realizado esta pr\u00e1ctica en aquella hora, no tendr\u00edas estas PI! Cada momento que pasas en las PI no se pierde, es como ponerlo en el platillo de balanza, y cuando el peso de la experiencia sea suficiente, surge un cambio brusco y espont\u00e1neo de la calidad de toda la vida, las PI empiezan a aparecer como por si solas, pero ser\u00eda precisamente el eco, el resultado de tus esfuerzos pasados.<\/p>\n<p>Trata como una\u00a0 joya aquel momento en que sea manifestada alguna PI.<\/p>\n<p>Te aconsejo llevar el reloj con un cron\u00f3metro, y cuando tengas las PI manifestadas en intensidad mayor de 5 empieza a contar el tiempo. Y al final del d\u00eda escribe tu edad, el tiempo que viviste en las PI y aunque sean s\u00f3lo unos segundos, da igual, es un gran paso hacia adelante. Cuando el cron\u00f3metro est\u00e9 en marcha y aparezcan dudas sobre que la intensidad de las PI sea mayor de 5, enseguida deja de contar los segundos. Es decir deja de contar un poco antes de que la\u00a0 intensidad de las PI baje el nivel de 5. Esto te permitir\u00e1 estar segura al 100% de que no te has enga\u00f1ado, no tomas lo deseado por la realidad, que estos, digamos, 14 segundos de hoy es el tiempo que, de verdad, has vivido en las PI fuertes. Son 14 segundos de tu nueva vida, lucha por cada segundo.<\/p>\n","protected":false},"excerpt":{"rendered":"<p>Alguna vez seguro que experimentaste los estados que determinas como profundos, preciosos, brillantes. Ahora de vez en cuando entre tus percepciones aparece el deseo de experimentar m\u00e1s a menudo y m\u00e1s fuertemente estas percepciones iluminadas (PI). Recomiendo realizar las acciones siguientes: crear una lista de las descripciones de las situaciones en las que experimentaste las [&hellip;]<\/p>\n","protected":false},"author":1,"featured_media":0,"parent":7587,"menu_order":0,"comment_status":"open","ping_status":"closed","template":"","meta":{"_acf_changed":false,"footnotes":""},"class_list":["post-7629","page","type-page","status-publish","hentry"],"acf":[],"yoast_head":"<!-- This site is optimized with the Yoast SEO plugin v27.2 - https:\/\/yoast.com\/product\/yoast-seo-wordpress\/ -->\n<title>Las pr\u00e1cticas formales para engendrar las PI - Selecci\u00f3n de estados atractivos<\/title>\n<meta name=\"robots\" content=\"index, follow, max-snippet:-1, max-image-preview:large, max-video-preview:-1\" \/>\n<link rel=\"canonical\" href=\"https:\/\/bodhi.name\/es\/articulos-en-seleccion\/las-practicas-formales-para-engendrar-las-pi\/\" \/>\n<meta property=\"og:locale\" content=\"es_ES\" \/>\n<meta property=\"og:type\" content=\"article\" \/>\n<meta property=\"og:title\" content=\"Las pr\u00e1cticas formales para engendrar las PI - Selecci\u00f3n de estados atractivos\" \/>\n<meta property=\"og:description\" content=\"Alguna vez seguro que experimentaste los estados que determinas como profundos, preciosos, brillantes. Ahora de vez en cuando entre tus percepciones aparece el deseo de experimentar m\u00e1s a menudo y m\u00e1s fuertemente estas percepciones iluminadas (PI). Recomiendo realizar las acciones siguientes: crear una lista de las descripciones de las situaciones en las que experimentaste las [&hellip;]\" \/>\n<meta property=\"og:url\" content=\"https:\/\/bodhi.name\/es\/articulos-en-seleccion\/las-practicas-formales-para-engendrar-las-pi\/\" \/>\n<meta property=\"og:site_name\" content=\"Selecci\u00f3n de estados atractivos\" \/>\n<meta name=\"twitter:card\" content=\"summary_large_image\" \/>\n<meta name=\"twitter:label1\" content=\"Tiempo de lectura\" \/>\n\t<meta name=\"twitter:data1\" content=\"5 minutos\" \/>\n<script type=\"application\/ld+json\" class=\"yoast-schema-graph\">{\"@context\":\"https:\/\/schema.org\",\"@graph\":[{\"@type\":\"WebPage\",\"@id\":\"https:\/\/bodhi.name\/es\/articulos-en-seleccion\/las-practicas-formales-para-engendrar-las-pi\/\",\"url\":\"https:\/\/bodhi.name\/es\/articulos-en-seleccion\/las-practicas-formales-para-engendrar-las-pi\/\",\"name\":\"Las pr\u00e1cticas formales para engendrar las PI - Selecci\u00f3n de estados atractivos\",\"isPartOf\":{\"@id\":\"https:\/\/bodhi.name\/ru\/#website\"},\"datePublished\":\"2015-01-29T19:18:12+00:00\",\"breadcrumb\":{\"@id\":\"https:\/\/bodhi.name\/es\/articulos-en-seleccion\/las-practicas-formales-para-engendrar-las-pi\/#breadcrumb\"},\"inLanguage\":\"es\",\"potentialAction\":[{\"@type\":\"ReadAction\",\"target\":[\"https:\/\/bodhi.name\/es\/articulos-en-seleccion\/las-practicas-formales-para-engendrar-las-pi\/\"]}]},{\"@type\":\"BreadcrumbList\",\"@id\":\"https:\/\/bodhi.name\/es\/articulos-en-seleccion\/las-practicas-formales-para-engendrar-las-pi\/#breadcrumb\",\"itemListElement\":[{\"@type\":\"ListItem\",\"position\":1,\"name\":\"\u0413\u043b\u0430\u0432\u043d\u0430\u044f \u0441\u0442\u0440\u0430\u043d\u0438\u0446\u0430\",\"item\":\"https:\/\/bodhi.name\/es\/\"},{\"@type\":\"ListItem\",\"position\":2,\"name\":\"Articulos en Selecci\u00f3n\",\"item\":\"https:\/\/bodhi.name\/es\/articulos-en-seleccion\/\"},{\"@type\":\"ListItem\",\"position\":3,\"name\":\"Las pr\u00e1cticas formales para engendrar las PI\"}]},{\"@type\":\"WebSite\",\"@id\":\"https:\/\/bodhi.name\/ru\/#website\",\"url\":\"https:\/\/bodhi.name\/ru\/\",\"name\":\"Selecci\u00f3n de estados atractivos\",\"description\":\"Psicolog\u00eda experimental\",\"potentialAction\":[{\"@type\":\"SearchAction\",\"target\":{\"@type\":\"EntryPoint\",\"urlTemplate\":\"https:\/\/bodhi.name\/ru\/?s={search_term_string}\"},\"query-input\":{\"@type\":\"PropertyValueSpecification\",\"valueRequired\":true,\"valueName\":\"search_term_string\"}}],\"inLanguage\":\"es\"}]}<\/script>\n<!-- \/ Yoast SEO plugin. -->","yoast_head_json":{"title":"Las pr\u00e1cticas formales para engendrar las PI - Selecci\u00f3n de estados atractivos","robots":{"index":"index","follow":"follow","max-snippet":"max-snippet:-1","max-image-preview":"max-image-preview:large","max-video-preview":"max-video-preview:-1"},"canonical":"https:\/\/bodhi.name\/es\/articulos-en-seleccion\/las-practicas-formales-para-engendrar-las-pi\/","og_locale":"es_ES","og_type":"article","og_title":"Las pr\u00e1cticas formales para engendrar las PI - Selecci\u00f3n de estados atractivos","og_description":"Alguna vez seguro que experimentaste los estados que determinas como profundos, preciosos, brillantes. Ahora de vez en cuando entre tus percepciones aparece el deseo de experimentar m\u00e1s a menudo y m\u00e1s fuertemente estas percepciones iluminadas (PI). Recomiendo realizar las acciones siguientes: crear una lista de las descripciones de las situaciones en las que experimentaste las [&hellip;]","og_url":"https:\/\/bodhi.name\/es\/articulos-en-seleccion\/las-practicas-formales-para-engendrar-las-pi\/","og_site_name":"Selecci\u00f3n de estados atractivos","twitter_card":"summary_large_image","twitter_misc":{"Tiempo de lectura":"5 minutos"},"schema":{"@context":"https:\/\/schema.org","@graph":[{"@type":"WebPage","@id":"https:\/\/bodhi.name\/es\/articulos-en-seleccion\/las-practicas-formales-para-engendrar-las-pi\/","url":"https:\/\/bodhi.name\/es\/articulos-en-seleccion\/las-practicas-formales-para-engendrar-las-pi\/","name":"Las pr\u00e1cticas formales para engendrar las PI - Selecci\u00f3n de estados atractivos","isPartOf":{"@id":"https:\/\/bodhi.name\/ru\/#website"},"datePublished":"2015-01-29T19:18:12+00:00","breadcrumb":{"@id":"https:\/\/bodhi.name\/es\/articulos-en-seleccion\/las-practicas-formales-para-engendrar-las-pi\/#breadcrumb"},"inLanguage":"es","potentialAction":[{"@type":"ReadAction","target":["https:\/\/bodhi.name\/es\/articulos-en-seleccion\/las-practicas-formales-para-engendrar-las-pi\/"]}]},{"@type":"BreadcrumbList","@id":"https:\/\/bodhi.name\/es\/articulos-en-seleccion\/las-practicas-formales-para-engendrar-las-pi\/#breadcrumb","itemListElement":[{"@type":"ListItem","position":1,"name":"\u0413\u043b\u0430\u0432\u043d\u0430\u044f \u0441\u0442\u0440\u0430\u043d\u0438\u0446\u0430","item":"https:\/\/bodhi.name\/es\/"},{"@type":"ListItem","position":2,"name":"Articulos en Selecci\u00f3n","item":"https:\/\/bodhi.name\/es\/articulos-en-seleccion\/"},{"@type":"ListItem","position":3,"name":"Las pr\u00e1cticas formales para engendrar las PI"}]},{"@type":"WebSite","@id":"https:\/\/bodhi.name\/ru\/#website","url":"https:\/\/bodhi.name\/ru\/","name":"Selecci\u00f3n de estados atractivos","description":"Psicolog\u00eda experimental","potentialAction":[{"@type":"SearchAction","target":{"@type":"EntryPoint","urlTemplate":"https:\/\/bodhi.name\/ru\/?s={search_term_string}"},"query-input":{"@type":"PropertyValueSpecification","valueRequired":true,"valueName":"search_term_string"}}],"inLanguage":"es"}]}},"_links":{"self":[{"href":"https:\/\/bodhi.name\/es\/wp-json\/wp\/v2\/pages\/7629","targetHints":{"allow":["GET"]}}],"collection":[{"href":"https:\/\/bodhi.name\/es\/wp-json\/wp\/v2\/pages"}],"about":[{"href":"https:\/\/bodhi.name\/es\/wp-json\/wp\/v2\/types\/page"}],"author":[{"embeddable":true,"href":"https:\/\/bodhi.name\/es\/wp-json\/wp\/v2\/users\/1"}],"replies":[{"embeddable":true,"href":"https:\/\/bodhi.name\/es\/wp-json\/wp\/v2\/comments?post=7629"}],"version-history":[{"count":1,"href":"https:\/\/bodhi.name\/es\/wp-json\/wp\/v2\/pages\/7629\/revisions"}],"predecessor-version":[{"id":7630,"href":"https:\/\/bodhi.name\/es\/wp-json\/wp\/v2\/pages\/7629\/revisions\/7630"}],"up":[{"embeddable":true,"href":"https:\/\/bodhi.name\/es\/wp-json\/wp\/v2\/pages\/7587"}],"wp:attachment":[{"href":"https:\/\/bodhi.name\/es\/wp-json\/wp\/v2\/media?parent=7629"}],"curies":[{"name":"wp","href":"https:\/\/api.w.org\/{rel}","templated":true}]}}