{"id":7627,"date":"2015-01-29T23:16:48","date_gmt":"2015-01-29T19:16:48","guid":{"rendered":"http:\/\/suri-catt.com\/?page_id=7627"},"modified":"2015-01-29T23:16:48","modified_gmt":"2015-01-29T19:16:48","slug":"la-clasificacion-de-los-mecanismos-de-los-retrocesos-en-la-practica","status":"publish","type":"page","link":"https:\/\/bodhi.name\/es\/articulos-en-seleccion\/la-clasificacion-de-los-mecanismos-de-los-retrocesos-en-la-practica\/","title":{"rendered":"La clasificaci\u00f3n de los mecanismos de los retrocesos en la pr\u00e1ctica"},"content":{"rendered":"<p>He podido encontrar los siguientes mecanismos que engendran y alimentan retrocesos en la pr\u00e1ctica:<\/p>\n<p>1. \u00abNo saldr\u00e1 nada\u00bb &#8211; \u00abEsc\u00e9ptico-1\u201d, recibe la alimentaci\u00f3n de la observaci\u00f3n de otra gente medio muerta.<\/p>\n<p>2. \u00abNo ha cambiado nada\u00bb &#8211; \u00abEsc\u00e9ptico-2\u201d repite lo mismo incluso contrariamente a los cambios absolutamente evidentes.<\/p>\n<p>3. \u201cVale, pero si&#8230;\u00bb &#8211; \u00abAlarmista\u00bb &#8211; empieza a buscar por lo que pudiera estar preocupado.<\/p>\n<p>4. \u00abNo, no se puede as\u00ed, tan largo&#8230;\u00bb &#8211; \u00abConservador\u201d &#8211; exige volver a un estado habitual, cualquiera que sea.<\/p>\n<p>5. \u00abHay que emprender m\u00e1s pasos\u00bb &#8211; \u00abTrabajador\u00bb &#8211; cuando se manifiesta la felicidad o el placer, busca qu\u00e9 otra cosa m\u00e1s \u201c\u00fatil\u201d puede hacerse.<\/p>\n<p>6. \u00ab\u00a1Qu\u00e9 bien! He logrado esto y esto\u201d, \u00abAdministrador\u00bb &#8211; trata de valorar enseguida todas las percepciones, clasificarlas y convertirlas en su propiedad.<\/p>\n<p>7. \u00abAhora tenemos que usarlo de una u otra manera\u00bb &#8211; \u00abExplorador\u00bb &#8211; enseguida trata de encontrar para qu\u00e9 se podr\u00edan usar las percepciones.<\/p>\n<p>8. \u00abVale, ahora hay que descansar\u00bb &#8211; \u00abNi\u00f1era\u00bb &#8211; hace lo mismo que el conservador pero detr\u00e1s del biombo del cansancio o el cari\u00f1o.<\/p>\n<p>9. \u00ab \u00bfY la otra gente? Obligatoriamente hay que ayudarle a superar esta situaci\u00f3n, encontrar todas las piedras ocultas y describ\u00edrselo todo detalladamente, estudiar por nuestra cuenta y ense\u00f1arle bien\u00bb &#8211; \u00abMamita\u201d \u2013 pretende convertir cualquier cosa en la manera de cuidar a alguien.<\/p>\n<p>10. \u00abPero este tonto seguro que lo interpretar\u00e1 de manera equivocada y creer\u00e1 que es la prueba de que la pr\u00e1ctica es una porquer\u00eda, as\u00ed que obligatoriamente hay que prever todas las interpretaciones equivocadas engendradas por la torpeza o por las EN y desmentirlas\u00bb &#8211; \u00abPredicador\u00bb &#8211; obligatoriamente quiere que todos, incluso el m\u00e1s tonto, est\u00e9n de acuerdo con aquello, en que la pr\u00e1ctica es eficaz y que los esfuerzos tambi\u00e9n son eficaces. Se preocupa cuando ve a alguien torpe, o a uno que no est\u00e9 de acuerdo, o a alguien que dude. Tiene miedo de que alg\u00fan pensamiento pueda cundir entre los j\u00f3venes y provocar una aberraci\u00f3n. Por eso, revisa cualquier paso que pueda darle a alguien el pretexto para pensar algo malo de \u00e9l.<\/p>\n","protected":false},"excerpt":{"rendered":"<p>He podido encontrar los siguientes mecanismos que engendran y alimentan retrocesos en la pr\u00e1ctica: 1. \u00abNo saldr\u00e1 nada\u00bb &#8211; \u00abEsc\u00e9ptico-1\u201d, recibe la alimentaci\u00f3n de la observaci\u00f3n de otra gente medio muerta. 2. \u00abNo ha cambiado nada\u00bb &#8211; \u00abEsc\u00e9ptico-2\u201d repite lo mismo incluso contrariamente a los cambios absolutamente evidentes. 3. \u201cVale, pero si&#8230;\u00bb &#8211; \u00abAlarmista\u00bb &#8211; [&hellip;]<\/p>\n","protected":false},"author":1,"featured_media":0,"parent":7587,"menu_order":0,"comment_status":"open","ping_status":"closed","template":"","meta":{"_acf_changed":false,"footnotes":""},"class_list":["post-7627","page","type-page","status-publish","hentry"],"acf":[],"yoast_head":"<!-- This site is optimized with the Yoast SEO plugin v27.2 - https:\/\/yoast.com\/product\/yoast-seo-wordpress\/ -->\n<title>La clasificaci\u00f3n de los mecanismos de los retrocesos en la pr\u00e1ctica - Selecci\u00f3n de estados atractivos<\/title>\n<meta name=\"robots\" content=\"index, follow, max-snippet:-1, max-image-preview:large, max-video-preview:-1\" \/>\n<link rel=\"canonical\" href=\"https:\/\/bodhi.name\/es\/articulos-en-seleccion\/la-clasificacion-de-los-mecanismos-de-los-retrocesos-en-la-practica\/\" \/>\n<meta property=\"og:locale\" content=\"es_ES\" \/>\n<meta property=\"og:type\" content=\"article\" \/>\n<meta property=\"og:title\" content=\"La clasificaci\u00f3n de los mecanismos de los retrocesos en la pr\u00e1ctica - Selecci\u00f3n de estados atractivos\" \/>\n<meta property=\"og:description\" content=\"He podido encontrar los siguientes mecanismos que engendran y alimentan retrocesos en la pr\u00e1ctica: 1. \u00abNo saldr\u00e1 nada\u00bb &#8211; \u00abEsc\u00e9ptico-1\u201d, recibe la alimentaci\u00f3n de la observaci\u00f3n de otra gente medio muerta. 2. \u00abNo ha cambiado nada\u00bb &#8211; \u00abEsc\u00e9ptico-2\u201d repite lo mismo incluso contrariamente a los cambios absolutamente evidentes. 3. \u201cVale, pero si&#8230;\u00bb &#8211; \u00abAlarmista\u00bb &#8211; [&hellip;]\" \/>\n<meta property=\"og:url\" content=\"https:\/\/bodhi.name\/es\/articulos-en-seleccion\/la-clasificacion-de-los-mecanismos-de-los-retrocesos-en-la-practica\/\" \/>\n<meta property=\"og:site_name\" content=\"Selecci\u00f3n de estados atractivos\" \/>\n<meta name=\"twitter:card\" content=\"summary_large_image\" \/>\n<meta name=\"twitter:label1\" content=\"Tiempo de lectura\" \/>\n\t<meta name=\"twitter:data1\" content=\"2 minutos\" \/>\n<script type=\"application\/ld+json\" class=\"yoast-schema-graph\">{\"@context\":\"https:\/\/schema.org\",\"@graph\":[{\"@type\":\"WebPage\",\"@id\":\"https:\/\/bodhi.name\/es\/articulos-en-seleccion\/la-clasificacion-de-los-mecanismos-de-los-retrocesos-en-la-practica\/\",\"url\":\"https:\/\/bodhi.name\/es\/articulos-en-seleccion\/la-clasificacion-de-los-mecanismos-de-los-retrocesos-en-la-practica\/\",\"name\":\"La clasificaci\u00f3n de los mecanismos de los retrocesos en la pr\u00e1ctica - Selecci\u00f3n de estados atractivos\",\"isPartOf\":{\"@id\":\"https:\/\/bodhi.name\/ru\/#website\"},\"datePublished\":\"2015-01-29T19:16:48+00:00\",\"breadcrumb\":{\"@id\":\"https:\/\/bodhi.name\/es\/articulos-en-seleccion\/la-clasificacion-de-los-mecanismos-de-los-retrocesos-en-la-practica\/#breadcrumb\"},\"inLanguage\":\"es\",\"potentialAction\":[{\"@type\":\"ReadAction\",\"target\":[\"https:\/\/bodhi.name\/es\/articulos-en-seleccion\/la-clasificacion-de-los-mecanismos-de-los-retrocesos-en-la-practica\/\"]}]},{\"@type\":\"BreadcrumbList\",\"@id\":\"https:\/\/bodhi.name\/es\/articulos-en-seleccion\/la-clasificacion-de-los-mecanismos-de-los-retrocesos-en-la-practica\/#breadcrumb\",\"itemListElement\":[{\"@type\":\"ListItem\",\"position\":1,\"name\":\"\u0413\u043b\u0430\u0432\u043d\u0430\u044f \u0441\u0442\u0440\u0430\u043d\u0438\u0446\u0430\",\"item\":\"https:\/\/bodhi.name\/es\/\"},{\"@type\":\"ListItem\",\"position\":2,\"name\":\"Articulos en Selecci\u00f3n\",\"item\":\"https:\/\/bodhi.name\/es\/articulos-en-seleccion\/\"},{\"@type\":\"ListItem\",\"position\":3,\"name\":\"La clasificaci\u00f3n de los mecanismos de los retrocesos en la pr\u00e1ctica\"}]},{\"@type\":\"WebSite\",\"@id\":\"https:\/\/bodhi.name\/ru\/#website\",\"url\":\"https:\/\/bodhi.name\/ru\/\",\"name\":\"Selecci\u00f3n de estados atractivos\",\"description\":\"Psicolog\u00eda experimental\",\"potentialAction\":[{\"@type\":\"SearchAction\",\"target\":{\"@type\":\"EntryPoint\",\"urlTemplate\":\"https:\/\/bodhi.name\/ru\/?s={search_term_string}\"},\"query-input\":{\"@type\":\"PropertyValueSpecification\",\"valueRequired\":true,\"valueName\":\"search_term_string\"}}],\"inLanguage\":\"es\"}]}<\/script>\n<!-- \/ Yoast SEO plugin. -->","yoast_head_json":{"title":"La clasificaci\u00f3n de los mecanismos de los retrocesos en la pr\u00e1ctica - Selecci\u00f3n de estados atractivos","robots":{"index":"index","follow":"follow","max-snippet":"max-snippet:-1","max-image-preview":"max-image-preview:large","max-video-preview":"max-video-preview:-1"},"canonical":"https:\/\/bodhi.name\/es\/articulos-en-seleccion\/la-clasificacion-de-los-mecanismos-de-los-retrocesos-en-la-practica\/","og_locale":"es_ES","og_type":"article","og_title":"La clasificaci\u00f3n de los mecanismos de los retrocesos en la pr\u00e1ctica - Selecci\u00f3n de estados atractivos","og_description":"He podido encontrar los siguientes mecanismos que engendran y alimentan retrocesos en la pr\u00e1ctica: 1. \u00abNo saldr\u00e1 nada\u00bb &#8211; \u00abEsc\u00e9ptico-1\u201d, recibe la alimentaci\u00f3n de la observaci\u00f3n de otra gente medio muerta. 2. \u00abNo ha cambiado nada\u00bb &#8211; \u00abEsc\u00e9ptico-2\u201d repite lo mismo incluso contrariamente a los cambios absolutamente evidentes. 3. \u201cVale, pero si&#8230;\u00bb &#8211; \u00abAlarmista\u00bb &#8211; [&hellip;]","og_url":"https:\/\/bodhi.name\/es\/articulos-en-seleccion\/la-clasificacion-de-los-mecanismos-de-los-retrocesos-en-la-practica\/","og_site_name":"Selecci\u00f3n de estados atractivos","twitter_card":"summary_large_image","twitter_misc":{"Tiempo de lectura":"2 minutos"},"schema":{"@context":"https:\/\/schema.org","@graph":[{"@type":"WebPage","@id":"https:\/\/bodhi.name\/es\/articulos-en-seleccion\/la-clasificacion-de-los-mecanismos-de-los-retrocesos-en-la-practica\/","url":"https:\/\/bodhi.name\/es\/articulos-en-seleccion\/la-clasificacion-de-los-mecanismos-de-los-retrocesos-en-la-practica\/","name":"La clasificaci\u00f3n de los mecanismos de los retrocesos en la pr\u00e1ctica - Selecci\u00f3n de estados atractivos","isPartOf":{"@id":"https:\/\/bodhi.name\/ru\/#website"},"datePublished":"2015-01-29T19:16:48+00:00","breadcrumb":{"@id":"https:\/\/bodhi.name\/es\/articulos-en-seleccion\/la-clasificacion-de-los-mecanismos-de-los-retrocesos-en-la-practica\/#breadcrumb"},"inLanguage":"es","potentialAction":[{"@type":"ReadAction","target":["https:\/\/bodhi.name\/es\/articulos-en-seleccion\/la-clasificacion-de-los-mecanismos-de-los-retrocesos-en-la-practica\/"]}]},{"@type":"BreadcrumbList","@id":"https:\/\/bodhi.name\/es\/articulos-en-seleccion\/la-clasificacion-de-los-mecanismos-de-los-retrocesos-en-la-practica\/#breadcrumb","itemListElement":[{"@type":"ListItem","position":1,"name":"\u0413\u043b\u0430\u0432\u043d\u0430\u044f \u0441\u0442\u0440\u0430\u043d\u0438\u0446\u0430","item":"https:\/\/bodhi.name\/es\/"},{"@type":"ListItem","position":2,"name":"Articulos en Selecci\u00f3n","item":"https:\/\/bodhi.name\/es\/articulos-en-seleccion\/"},{"@type":"ListItem","position":3,"name":"La clasificaci\u00f3n de los mecanismos de los retrocesos en la pr\u00e1ctica"}]},{"@type":"WebSite","@id":"https:\/\/bodhi.name\/ru\/#website","url":"https:\/\/bodhi.name\/ru\/","name":"Selecci\u00f3n de estados atractivos","description":"Psicolog\u00eda experimental","potentialAction":[{"@type":"SearchAction","target":{"@type":"EntryPoint","urlTemplate":"https:\/\/bodhi.name\/ru\/?s={search_term_string}"},"query-input":{"@type":"PropertyValueSpecification","valueRequired":true,"valueName":"search_term_string"}}],"inLanguage":"es"}]}},"_links":{"self":[{"href":"https:\/\/bodhi.name\/es\/wp-json\/wp\/v2\/pages\/7627","targetHints":{"allow":["GET"]}}],"collection":[{"href":"https:\/\/bodhi.name\/es\/wp-json\/wp\/v2\/pages"}],"about":[{"href":"https:\/\/bodhi.name\/es\/wp-json\/wp\/v2\/types\/page"}],"author":[{"embeddable":true,"href":"https:\/\/bodhi.name\/es\/wp-json\/wp\/v2\/users\/1"}],"replies":[{"embeddable":true,"href":"https:\/\/bodhi.name\/es\/wp-json\/wp\/v2\/comments?post=7627"}],"version-history":[{"count":1,"href":"https:\/\/bodhi.name\/es\/wp-json\/wp\/v2\/pages\/7627\/revisions"}],"predecessor-version":[{"id":7628,"href":"https:\/\/bodhi.name\/es\/wp-json\/wp\/v2\/pages\/7627\/revisions\/7628"}],"up":[{"embeddable":true,"href":"https:\/\/bodhi.name\/es\/wp-json\/wp\/v2\/pages\/7587"}],"wp:attachment":[{"href":"https:\/\/bodhi.name\/es\/wp-json\/wp\/v2\/media?parent=7627"}],"curies":[{"name":"wp","href":"https:\/\/api.w.org\/{rel}","templated":true}]}}