{"id":7619,"date":"2015-01-29T23:11:19","date_gmt":"2015-01-29T19:11:19","guid":{"rendered":"http:\/\/suri-catt.com\/?page_id=7619"},"modified":"2015-01-29T23:11:19","modified_gmt":"2015-01-29T19:11:19","slug":"la-concepcion-de-la-relacion","status":"publish","type":"page","link":"https:\/\/bodhi.name\/es\/articulos-en-seleccion\/la-concepcion-de-la-relacion\/","title":{"rendered":"La concepci\u00f3n de la \u201crelaci\u00f3n\u201d"},"content":{"rendered":"<p>La pregunta:<\/p>\n<p>\u00abDurante el estudio del concepto \u201crelaci\u00f3n\u201d se manifest\u00f3 que es te\u00f3rico totalmente, es decir este concepto existe s\u00f3lo como resultado de las construcciones conceptuales que se apoyan mutuamente. Por eso decimos que no hay ninguna \u201crelaci\u00f3n\u201d pero de todos modos sabemos que si aprietas un bot\u00f3n del teclado, en la pantalla aparecer\u00e1 una letra&#8230; no entiendo d\u00f3nde est\u00e1 el problema si digo que estas dos percepciones \u201cest\u00e1n relacionadas\u201d&#8230; o mejor dicho, no entiendo qu\u00e9 cambiar\u00e1 si dejamos de emplear esta palabra, de todas maneras comprendes que si aprietas el bot\u00f3n&#8230;\u201d<\/p>\n<p>La respuesta:<\/p>\n<p>\u00abdecimos que no hay ninguna relaci\u00f3n\u00bb<\/p>\n<p>No digo nada parecido. Puedo decir que no existe un\u00a0 \u00abel devorador de las sombras\u00bb, si s\u00e9 qu\u00e9 significa esta palabra.<\/p>\n<p>\u00absi aprietas un bot\u00f3n en el teclado, en la pantalla aparecer\u00e1 una letra&#8230;\u201d<\/p>\n<p>S\u00ed, como regla. Pero no siempre.<\/p>\n<p>\u201cno entiendo d\u00f3nde est\u00e1 el problema si digo que estas dos percepciones \u201cest\u00e1n relacionadas\u201d.<\/p>\n<p>Se puede decir todo lo que quieras, por ejemplo, puedo decir que forman una uni\u00f3n divina. En realidad es igual qu\u00e9 decir, como determinar un conjunto de percepciones de apretar el bot\u00f3n y de aparecer la letra.<\/p>\n<p>\u201cno entiendo qu\u00e9 cambiar\u00e1 si dejamos de emplear esta palabra, de todas maneras comprendes que si aprietas el bot\u00f3n&#8230;\u201d<\/p>\n<p>Cambiar\u00e1n muchas cosas. Si empiezo a llamar a este conjunto de percepciones \u201cuni\u00f3n divina\u201d, no vas a entender qu\u00e9 significa precisamente esta frase y que denomina las percepciones mencionadas arriba, porque las palabras \u201cdivino\u201d y \u201cuni\u00f3n\u201d en su caso tienen un significado incomprensible, as\u00ed que como resultado en vez de la claridad se manifestar\u00e1 la torpeza y t\u00fa mismo lo sentir\u00e1s. Diciendo \u201cla relaci\u00f3n\u201d no entiendes que esta palabra no significa\u00a0 una percepci\u00f3n concreta, es el nombre para todo un conjunto de percepciones. Empiezas a creer que hay una relaci\u00f3n especial por si sola, como si existiera independientemente de todo lo dem\u00e1s.<\/p>\n<p>Precisamente esto pasa con la gente que cree en la relaci\u00f3n entre la vida anterior y la vida actual. Por ejemplo, una persona dice que hay una relac\u00f3n entre lo que haces en esta vida y lo que pasar\u00e1 contigo en la vida siguiente. Esta relaci\u00f3n se llama karma. Millones de personas est\u00e1n convencidas de que entienden de que se trata. Mientras tanto, si ellos pensaran razonablemente, ver\u00edan que: \u201cdigo la palabra \u201crelaci\u00f3n\u201d y s\u00e9 que esta palabra denomina un conjunto de percepciones, as\u00ed que para que este nombre tenga alg\u00fan sentido, han de tener sentido todas las palabras con las cuales determinamos las percepciones que entran en este conjunto. \u00bfDe qu\u00e9 percepciones se trata? Primero, es lo que estoy haciendo ahora. \u00bfPercibo lo que estoy haciendo ahora? S\u00ed, claro. Muy bien. \u00bfDe qu\u00e9 percepciones m\u00e1s se trata? De mi vida siguiente. \u00bfPercibo lo que es mi vida siguiente? &#8230;?? No, no la percibo, percibo los pensamientos que tengo ahora, las emociones, las sensaciones pero no percibo la vida siguiente.<\/p>\n<p>As\u00ed que despu\u00e9s de pensar de esta manera, la persona llega a la conclusi\u00f3n de que la frase \u201cel karma es la relaci\u00f3n entre los acontecimientos actuales y la vida futura\u201d no tiene sentido porque la palabra \u201crelaci\u00f3n\u201d no puede ser empleada, si ha de ser usada con correspondencia estricta a su definici\u00f3n determinada como nombrar un conjunto de percepciones. Por eso la palabra \u201ckarma\u201d se convierte s\u00f3lo en varios sonidos que no tienen ning\u00fan significado.<\/p>\n<p>Con este ejemplo quer\u00eda mostrar que hay una diferencia enorme entre el hecho de emplear la palabra \u201crelaci\u00f3n\u201d y el de no emplearla. Claro que en cualquier caso se puede emplear pero precisamente cuando est\u00e1s completamente seguro qu\u00e9 quieres determinar con esta palabra, porque es lo que no suele pasar y por eso aparecen \u201ckarmas\u201d y todo lo dem\u00e1s.<\/p>\n<p>La manera de solucionar este problema es muy f\u00e1cil, no emplees las palabras que en nuestro idioma ya se han unido con algo misterioso, indeterminado, vago. Emplea otras palabras y entonces para ti ser\u00e1 absolutamente natural pensar cada vez qu\u00e9 significa cada palabra.<\/p>\n","protected":false},"excerpt":{"rendered":"<p>La pregunta: \u00abDurante el estudio del concepto \u201crelaci\u00f3n\u201d se manifest\u00f3 que es te\u00f3rico totalmente, es decir este concepto existe s\u00f3lo como resultado de las construcciones conceptuales que se apoyan mutuamente. Por eso decimos que no hay ninguna \u201crelaci\u00f3n\u201d pero de todos modos sabemos que si aprietas un bot\u00f3n del teclado, en la pantalla aparecer\u00e1 una [&hellip;]<\/p>\n","protected":false},"author":1,"featured_media":0,"parent":7587,"menu_order":0,"comment_status":"open","ping_status":"closed","template":"","meta":{"_acf_changed":false,"footnotes":""},"class_list":["post-7619","page","type-page","status-publish","hentry"],"acf":[],"yoast_head":"<!-- This site is optimized with the Yoast SEO plugin v27.2 - https:\/\/yoast.com\/product\/yoast-seo-wordpress\/ -->\n<title>La concepci\u00f3n de la \u201crelaci\u00f3n\u201d - Selecci\u00f3n de estados atractivos<\/title>\n<meta name=\"robots\" content=\"index, follow, max-snippet:-1, max-image-preview:large, max-video-preview:-1\" \/>\n<link rel=\"canonical\" href=\"https:\/\/bodhi.name\/es\/articulos-en-seleccion\/la-concepcion-de-la-relacion\/\" \/>\n<meta property=\"og:locale\" content=\"es_ES\" \/>\n<meta property=\"og:type\" content=\"article\" \/>\n<meta property=\"og:title\" content=\"La concepci\u00f3n de la \u201crelaci\u00f3n\u201d - Selecci\u00f3n de estados atractivos\" \/>\n<meta property=\"og:description\" content=\"La pregunta: \u00abDurante el estudio del concepto \u201crelaci\u00f3n\u201d se manifest\u00f3 que es te\u00f3rico totalmente, es decir este concepto existe s\u00f3lo como resultado de las construcciones conceptuales que se apoyan mutuamente. Por eso decimos que no hay ninguna \u201crelaci\u00f3n\u201d pero de todos modos sabemos que si aprietas un bot\u00f3n del teclado, en la pantalla aparecer\u00e1 una [&hellip;]\" \/>\n<meta property=\"og:url\" content=\"https:\/\/bodhi.name\/es\/articulos-en-seleccion\/la-concepcion-de-la-relacion\/\" \/>\n<meta property=\"og:site_name\" content=\"Selecci\u00f3n de estados atractivos\" \/>\n<meta name=\"twitter:card\" content=\"summary_large_image\" \/>\n<meta name=\"twitter:label1\" content=\"Tiempo de lectura\" \/>\n\t<meta name=\"twitter:data1\" content=\"4 minutos\" \/>\n<script type=\"application\/ld+json\" class=\"yoast-schema-graph\">{\"@context\":\"https:\/\/schema.org\",\"@graph\":[{\"@type\":\"WebPage\",\"@id\":\"https:\/\/bodhi.name\/es\/articulos-en-seleccion\/la-concepcion-de-la-relacion\/\",\"url\":\"https:\/\/bodhi.name\/es\/articulos-en-seleccion\/la-concepcion-de-la-relacion\/\",\"name\":\"La concepci\u00f3n de la \u201crelaci\u00f3n\u201d - Selecci\u00f3n de estados atractivos\",\"isPartOf\":{\"@id\":\"https:\/\/bodhi.name\/ru\/#website\"},\"datePublished\":\"2015-01-29T19:11:19+00:00\",\"breadcrumb\":{\"@id\":\"https:\/\/bodhi.name\/es\/articulos-en-seleccion\/la-concepcion-de-la-relacion\/#breadcrumb\"},\"inLanguage\":\"es\",\"potentialAction\":[{\"@type\":\"ReadAction\",\"target\":[\"https:\/\/bodhi.name\/es\/articulos-en-seleccion\/la-concepcion-de-la-relacion\/\"]}]},{\"@type\":\"BreadcrumbList\",\"@id\":\"https:\/\/bodhi.name\/es\/articulos-en-seleccion\/la-concepcion-de-la-relacion\/#breadcrumb\",\"itemListElement\":[{\"@type\":\"ListItem\",\"position\":1,\"name\":\"\u0413\u043b\u0430\u0432\u043d\u0430\u044f \u0441\u0442\u0440\u0430\u043d\u0438\u0446\u0430\",\"item\":\"https:\/\/bodhi.name\/es\/\"},{\"@type\":\"ListItem\",\"position\":2,\"name\":\"Articulos en Selecci\u00f3n\",\"item\":\"https:\/\/bodhi.name\/es\/articulos-en-seleccion\/\"},{\"@type\":\"ListItem\",\"position\":3,\"name\":\"La concepci\u00f3n de la \u201crelaci\u00f3n\u201d\"}]},{\"@type\":\"WebSite\",\"@id\":\"https:\/\/bodhi.name\/ru\/#website\",\"url\":\"https:\/\/bodhi.name\/ru\/\",\"name\":\"Selecci\u00f3n de estados atractivos\",\"description\":\"Psicolog\u00eda experimental\",\"potentialAction\":[{\"@type\":\"SearchAction\",\"target\":{\"@type\":\"EntryPoint\",\"urlTemplate\":\"https:\/\/bodhi.name\/ru\/?s={search_term_string}\"},\"query-input\":{\"@type\":\"PropertyValueSpecification\",\"valueRequired\":true,\"valueName\":\"search_term_string\"}}],\"inLanguage\":\"es\"}]}<\/script>\n<!-- \/ Yoast SEO plugin. -->","yoast_head_json":{"title":"La concepci\u00f3n de la \u201crelaci\u00f3n\u201d - Selecci\u00f3n de estados atractivos","robots":{"index":"index","follow":"follow","max-snippet":"max-snippet:-1","max-image-preview":"max-image-preview:large","max-video-preview":"max-video-preview:-1"},"canonical":"https:\/\/bodhi.name\/es\/articulos-en-seleccion\/la-concepcion-de-la-relacion\/","og_locale":"es_ES","og_type":"article","og_title":"La concepci\u00f3n de la \u201crelaci\u00f3n\u201d - Selecci\u00f3n de estados atractivos","og_description":"La pregunta: \u00abDurante el estudio del concepto \u201crelaci\u00f3n\u201d se manifest\u00f3 que es te\u00f3rico totalmente, es decir este concepto existe s\u00f3lo como resultado de las construcciones conceptuales que se apoyan mutuamente. Por eso decimos que no hay ninguna \u201crelaci\u00f3n\u201d pero de todos modos sabemos que si aprietas un bot\u00f3n del teclado, en la pantalla aparecer\u00e1 una [&hellip;]","og_url":"https:\/\/bodhi.name\/es\/articulos-en-seleccion\/la-concepcion-de-la-relacion\/","og_site_name":"Selecci\u00f3n de estados atractivos","twitter_card":"summary_large_image","twitter_misc":{"Tiempo de lectura":"4 minutos"},"schema":{"@context":"https:\/\/schema.org","@graph":[{"@type":"WebPage","@id":"https:\/\/bodhi.name\/es\/articulos-en-seleccion\/la-concepcion-de-la-relacion\/","url":"https:\/\/bodhi.name\/es\/articulos-en-seleccion\/la-concepcion-de-la-relacion\/","name":"La concepci\u00f3n de la \u201crelaci\u00f3n\u201d - Selecci\u00f3n de estados atractivos","isPartOf":{"@id":"https:\/\/bodhi.name\/ru\/#website"},"datePublished":"2015-01-29T19:11:19+00:00","breadcrumb":{"@id":"https:\/\/bodhi.name\/es\/articulos-en-seleccion\/la-concepcion-de-la-relacion\/#breadcrumb"},"inLanguage":"es","potentialAction":[{"@type":"ReadAction","target":["https:\/\/bodhi.name\/es\/articulos-en-seleccion\/la-concepcion-de-la-relacion\/"]}]},{"@type":"BreadcrumbList","@id":"https:\/\/bodhi.name\/es\/articulos-en-seleccion\/la-concepcion-de-la-relacion\/#breadcrumb","itemListElement":[{"@type":"ListItem","position":1,"name":"\u0413\u043b\u0430\u0432\u043d\u0430\u044f \u0441\u0442\u0440\u0430\u043d\u0438\u0446\u0430","item":"https:\/\/bodhi.name\/es\/"},{"@type":"ListItem","position":2,"name":"Articulos en Selecci\u00f3n","item":"https:\/\/bodhi.name\/es\/articulos-en-seleccion\/"},{"@type":"ListItem","position":3,"name":"La concepci\u00f3n de la \u201crelaci\u00f3n\u201d"}]},{"@type":"WebSite","@id":"https:\/\/bodhi.name\/ru\/#website","url":"https:\/\/bodhi.name\/ru\/","name":"Selecci\u00f3n de estados atractivos","description":"Psicolog\u00eda experimental","potentialAction":[{"@type":"SearchAction","target":{"@type":"EntryPoint","urlTemplate":"https:\/\/bodhi.name\/ru\/?s={search_term_string}"},"query-input":{"@type":"PropertyValueSpecification","valueRequired":true,"valueName":"search_term_string"}}],"inLanguage":"es"}]}},"_links":{"self":[{"href":"https:\/\/bodhi.name\/es\/wp-json\/wp\/v2\/pages\/7619","targetHints":{"allow":["GET"]}}],"collection":[{"href":"https:\/\/bodhi.name\/es\/wp-json\/wp\/v2\/pages"}],"about":[{"href":"https:\/\/bodhi.name\/es\/wp-json\/wp\/v2\/types\/page"}],"author":[{"embeddable":true,"href":"https:\/\/bodhi.name\/es\/wp-json\/wp\/v2\/users\/1"}],"replies":[{"embeddable":true,"href":"https:\/\/bodhi.name\/es\/wp-json\/wp\/v2\/comments?post=7619"}],"version-history":[{"count":1,"href":"https:\/\/bodhi.name\/es\/wp-json\/wp\/v2\/pages\/7619\/revisions"}],"predecessor-version":[{"id":7620,"href":"https:\/\/bodhi.name\/es\/wp-json\/wp\/v2\/pages\/7619\/revisions\/7620"}],"up":[{"embeddable":true,"href":"https:\/\/bodhi.name\/es\/wp-json\/wp\/v2\/pages\/7587"}],"wp:attachment":[{"href":"https:\/\/bodhi.name\/es\/wp-json\/wp\/v2\/media?parent=7619"}],"curies":[{"name":"wp","href":"https:\/\/api.w.org\/{rel}","templated":true}]}}