{"id":7617,"date":"2015-01-29T23:10:04","date_gmt":"2015-01-29T19:10:04","guid":{"rendered":"http:\/\/suri-catt.com\/?page_id=7617"},"modified":"2015-01-29T23:10:04","modified_gmt":"2015-01-29T19:10:04","slug":"la-seleccion-siempre-sera-marginado-en-el-mundo-espiritual","status":"publish","type":"page","link":"https:\/\/bodhi.name\/es\/articulos-en-seleccion\/la-seleccion-siempre-sera-marginado-en-el-mundo-espiritual\/","title":{"rendered":"La Selecci\u00f3n siempre ser\u00e1 marginado en el mundo \u201cespiritual\u201d"},"content":{"rendered":"<p>Los que se dedican la Selecci\u00f3n, siempre y en todas partes, ser\u00e1n marginados, y sobre todo en el mundo de la gente que se halla en una b\u00fasqueda espiritual, y sobre todo en el c\u00edrculo de los que se consideran ser maestros espirituales, porque si partimos de la CCC, la persona que tiene las EN no est\u00e1 iluminada nada de nada. Y los maestros contempor\u00e1neos est\u00e1n tan sometidos a las EN que ni siquiera ellos mismos se atrever\u00edan a mencionar que est\u00e1n libres de las EN, porque toda su vida es un flujo permanente de EN y no pueden ocult\u00e1rselo ni siquiera a la persona m\u00e1s inocente. Por eso surge un odio tan bestia hacia m\u00ed y hacia\u00a0la Selecci\u00f3n y por eso aparece esta posici\u00f3n que defiende la existencia indiscutible de las EN porque hay que explicar por qu\u00e9 estos \u201cmaestros\u201d tienen tantas EN&#8230;<\/p>\n<p>Estos profesores son tan astutos e inventan tantas justificaciones sobre por qu\u00e9 no se puede vivir sin las EN, que pierden el sentido com\u00fan, ya que afirmando que las EN son indiscutibles y necesarias, acuden a la ayuda de teor\u00edas m\u00e1s incre\u00edbles tipo yin y yang (encontr\u00e9 una teor\u00eda sobre que no pod\u00eda existir \u201cyang\u201d sin \u201cyin\u201d, tiene que existir un equilibrio entre ambos, por eso las EN son necesarias) y de esta manera comunican que la gente que ellos mismos consideran ser los fundadores espirituales, tambi\u00e9n experimentaron las EN porque si no tuvieran las EN, estar\u00edan paralizados sus \u201cyin y yang\u201d y la vida ser\u00eda una mierda en general J De esto podemos sacar una conclusi\u00f3n sorprendente, que Ramakrishna, y Jes\u00fas, y Buda\u00a0 y todos los que se respetan tanto, experimentaron odio, irritaci\u00f3n, aburrimiento, celos y no s\u00f3lo los experimentaron sino que tambi\u00e9n afirmaron que eran condiciones necesarias para la iluminaci\u00f3n.<\/p>\n<p>La Selecci\u00f3n\u00a0siempre ser\u00e1 marginado en el mundo de las pr\u00e1cticas ocultas, esot\u00e9ricas y otras pr\u00e1cticas espirituales, y CUALQUIER maestro de cualquier doctrina sentir\u00e1 y manifestar\u00e1 el odio hacia\u00a0la Selecci\u00f3n y a la gente que lo practica y tratar\u00e1 de probar por qu\u00e9 no se puede vivir sin EN.<\/p>\n","protected":false},"excerpt":{"rendered":"<p>Los que se dedican la Selecci\u00f3n, siempre y en todas partes, ser\u00e1n marginados, y sobre todo en el mundo de la gente que se halla en una b\u00fasqueda espiritual, y sobre todo en el c\u00edrculo de los que se consideran ser maestros espirituales, porque si partimos de la CCC, la persona que tiene las EN [&hellip;]<\/p>\n","protected":false},"author":1,"featured_media":0,"parent":7587,"menu_order":0,"comment_status":"open","ping_status":"closed","template":"","meta":{"_acf_changed":false,"footnotes":""},"class_list":["post-7617","page","type-page","status-publish","hentry"],"acf":[],"yoast_head":"<!-- This site is optimized with the Yoast SEO plugin v27.2 - https:\/\/yoast.com\/product\/yoast-seo-wordpress\/ -->\n<title>La Selecci\u00f3n siempre ser\u00e1 marginado en el mundo \u201cespiritual\u201d - Selecci\u00f3n de estados atractivos<\/title>\n<meta name=\"robots\" content=\"index, follow, max-snippet:-1, max-image-preview:large, max-video-preview:-1\" \/>\n<link rel=\"canonical\" href=\"https:\/\/bodhi.name\/es\/articulos-en-seleccion\/la-seleccion-siempre-sera-marginado-en-el-mundo-espiritual\/\" \/>\n<meta property=\"og:locale\" content=\"es_ES\" \/>\n<meta property=\"og:type\" content=\"article\" \/>\n<meta property=\"og:title\" content=\"La Selecci\u00f3n siempre ser\u00e1 marginado en el mundo \u201cespiritual\u201d - Selecci\u00f3n de estados atractivos\" \/>\n<meta property=\"og:description\" content=\"Los que se dedican la Selecci\u00f3n, siempre y en todas partes, ser\u00e1n marginados, y sobre todo en el mundo de la gente que se halla en una b\u00fasqueda espiritual, y sobre todo en el c\u00edrculo de los que se consideran ser maestros espirituales, porque si partimos de la CCC, la persona que tiene las EN [&hellip;]\" \/>\n<meta property=\"og:url\" content=\"https:\/\/bodhi.name\/es\/articulos-en-seleccion\/la-seleccion-siempre-sera-marginado-en-el-mundo-espiritual\/\" \/>\n<meta property=\"og:site_name\" content=\"Selecci\u00f3n de estados atractivos\" \/>\n<meta name=\"twitter:card\" content=\"summary_large_image\" \/>\n<meta name=\"twitter:label1\" content=\"Tiempo de lectura\" \/>\n\t<meta name=\"twitter:data1\" content=\"2 minutos\" \/>\n<script type=\"application\/ld+json\" class=\"yoast-schema-graph\">{\"@context\":\"https:\/\/schema.org\",\"@graph\":[{\"@type\":\"WebPage\",\"@id\":\"https:\/\/bodhi.name\/es\/articulos-en-seleccion\/la-seleccion-siempre-sera-marginado-en-el-mundo-espiritual\/\",\"url\":\"https:\/\/bodhi.name\/es\/articulos-en-seleccion\/la-seleccion-siempre-sera-marginado-en-el-mundo-espiritual\/\",\"name\":\"La Selecci\u00f3n siempre ser\u00e1 marginado en el mundo \u201cespiritual\u201d - Selecci\u00f3n de estados atractivos\",\"isPartOf\":{\"@id\":\"https:\/\/bodhi.name\/ru\/#website\"},\"datePublished\":\"2015-01-29T19:10:04+00:00\",\"breadcrumb\":{\"@id\":\"https:\/\/bodhi.name\/es\/articulos-en-seleccion\/la-seleccion-siempre-sera-marginado-en-el-mundo-espiritual\/#breadcrumb\"},\"inLanguage\":\"es\",\"potentialAction\":[{\"@type\":\"ReadAction\",\"target\":[\"https:\/\/bodhi.name\/es\/articulos-en-seleccion\/la-seleccion-siempre-sera-marginado-en-el-mundo-espiritual\/\"]}]},{\"@type\":\"BreadcrumbList\",\"@id\":\"https:\/\/bodhi.name\/es\/articulos-en-seleccion\/la-seleccion-siempre-sera-marginado-en-el-mundo-espiritual\/#breadcrumb\",\"itemListElement\":[{\"@type\":\"ListItem\",\"position\":1,\"name\":\"\u0413\u043b\u0430\u0432\u043d\u0430\u044f \u0441\u0442\u0440\u0430\u043d\u0438\u0446\u0430\",\"item\":\"https:\/\/bodhi.name\/es\/\"},{\"@type\":\"ListItem\",\"position\":2,\"name\":\"Articulos en Selecci\u00f3n\",\"item\":\"https:\/\/bodhi.name\/es\/articulos-en-seleccion\/\"},{\"@type\":\"ListItem\",\"position\":3,\"name\":\"La Selecci\u00f3n siempre ser\u00e1 marginado en el mundo \u201cespiritual\u201d\"}]},{\"@type\":\"WebSite\",\"@id\":\"https:\/\/bodhi.name\/ru\/#website\",\"url\":\"https:\/\/bodhi.name\/ru\/\",\"name\":\"Selecci\u00f3n de estados atractivos\",\"description\":\"Psicolog\u00eda experimental\",\"potentialAction\":[{\"@type\":\"SearchAction\",\"target\":{\"@type\":\"EntryPoint\",\"urlTemplate\":\"https:\/\/bodhi.name\/ru\/?s={search_term_string}\"},\"query-input\":{\"@type\":\"PropertyValueSpecification\",\"valueRequired\":true,\"valueName\":\"search_term_string\"}}],\"inLanguage\":\"es\"}]}<\/script>\n<!-- \/ Yoast SEO plugin. -->","yoast_head_json":{"title":"La Selecci\u00f3n siempre ser\u00e1 marginado en el mundo \u201cespiritual\u201d - Selecci\u00f3n de estados atractivos","robots":{"index":"index","follow":"follow","max-snippet":"max-snippet:-1","max-image-preview":"max-image-preview:large","max-video-preview":"max-video-preview:-1"},"canonical":"https:\/\/bodhi.name\/es\/articulos-en-seleccion\/la-seleccion-siempre-sera-marginado-en-el-mundo-espiritual\/","og_locale":"es_ES","og_type":"article","og_title":"La Selecci\u00f3n siempre ser\u00e1 marginado en el mundo \u201cespiritual\u201d - Selecci\u00f3n de estados atractivos","og_description":"Los que se dedican la Selecci\u00f3n, siempre y en todas partes, ser\u00e1n marginados, y sobre todo en el mundo de la gente que se halla en una b\u00fasqueda espiritual, y sobre todo en el c\u00edrculo de los que se consideran ser maestros espirituales, porque si partimos de la CCC, la persona que tiene las EN [&hellip;]","og_url":"https:\/\/bodhi.name\/es\/articulos-en-seleccion\/la-seleccion-siempre-sera-marginado-en-el-mundo-espiritual\/","og_site_name":"Selecci\u00f3n de estados atractivos","twitter_card":"summary_large_image","twitter_misc":{"Tiempo de lectura":"2 minutos"},"schema":{"@context":"https:\/\/schema.org","@graph":[{"@type":"WebPage","@id":"https:\/\/bodhi.name\/es\/articulos-en-seleccion\/la-seleccion-siempre-sera-marginado-en-el-mundo-espiritual\/","url":"https:\/\/bodhi.name\/es\/articulos-en-seleccion\/la-seleccion-siempre-sera-marginado-en-el-mundo-espiritual\/","name":"La Selecci\u00f3n siempre ser\u00e1 marginado en el mundo \u201cespiritual\u201d - Selecci\u00f3n de estados atractivos","isPartOf":{"@id":"https:\/\/bodhi.name\/ru\/#website"},"datePublished":"2015-01-29T19:10:04+00:00","breadcrumb":{"@id":"https:\/\/bodhi.name\/es\/articulos-en-seleccion\/la-seleccion-siempre-sera-marginado-en-el-mundo-espiritual\/#breadcrumb"},"inLanguage":"es","potentialAction":[{"@type":"ReadAction","target":["https:\/\/bodhi.name\/es\/articulos-en-seleccion\/la-seleccion-siempre-sera-marginado-en-el-mundo-espiritual\/"]}]},{"@type":"BreadcrumbList","@id":"https:\/\/bodhi.name\/es\/articulos-en-seleccion\/la-seleccion-siempre-sera-marginado-en-el-mundo-espiritual\/#breadcrumb","itemListElement":[{"@type":"ListItem","position":1,"name":"\u0413\u043b\u0430\u0432\u043d\u0430\u044f \u0441\u0442\u0440\u0430\u043d\u0438\u0446\u0430","item":"https:\/\/bodhi.name\/es\/"},{"@type":"ListItem","position":2,"name":"Articulos en Selecci\u00f3n","item":"https:\/\/bodhi.name\/es\/articulos-en-seleccion\/"},{"@type":"ListItem","position":3,"name":"La Selecci\u00f3n siempre ser\u00e1 marginado en el mundo \u201cespiritual\u201d"}]},{"@type":"WebSite","@id":"https:\/\/bodhi.name\/ru\/#website","url":"https:\/\/bodhi.name\/ru\/","name":"Selecci\u00f3n de estados atractivos","description":"Psicolog\u00eda experimental","potentialAction":[{"@type":"SearchAction","target":{"@type":"EntryPoint","urlTemplate":"https:\/\/bodhi.name\/ru\/?s={search_term_string}"},"query-input":{"@type":"PropertyValueSpecification","valueRequired":true,"valueName":"search_term_string"}}],"inLanguage":"es"}]}},"_links":{"self":[{"href":"https:\/\/bodhi.name\/es\/wp-json\/wp\/v2\/pages\/7617","targetHints":{"allow":["GET"]}}],"collection":[{"href":"https:\/\/bodhi.name\/es\/wp-json\/wp\/v2\/pages"}],"about":[{"href":"https:\/\/bodhi.name\/es\/wp-json\/wp\/v2\/types\/page"}],"author":[{"embeddable":true,"href":"https:\/\/bodhi.name\/es\/wp-json\/wp\/v2\/users\/1"}],"replies":[{"embeddable":true,"href":"https:\/\/bodhi.name\/es\/wp-json\/wp\/v2\/comments?post=7617"}],"version-history":[{"count":1,"href":"https:\/\/bodhi.name\/es\/wp-json\/wp\/v2\/pages\/7617\/revisions"}],"predecessor-version":[{"id":7618,"href":"https:\/\/bodhi.name\/es\/wp-json\/wp\/v2\/pages\/7617\/revisions\/7618"}],"up":[{"embeddable":true,"href":"https:\/\/bodhi.name\/es\/wp-json\/wp\/v2\/pages\/7587"}],"wp:attachment":[{"href":"https:\/\/bodhi.name\/es\/wp-json\/wp\/v2\/media?parent=7617"}],"curies":[{"name":"wp","href":"https:\/\/api.w.org\/{rel}","templated":true}]}}