{"id":7615,"date":"2015-01-29T23:07:19","date_gmt":"2015-01-29T19:07:19","guid":{"rendered":"http:\/\/suri-catt.com\/?page_id=7615"},"modified":"2015-01-29T23:07:19","modified_gmt":"2015-01-29T19:07:19","slug":"la-revelacion-de-la-gratitud","status":"publish","type":"page","link":"https:\/\/bodhi.name\/es\/articulos-en-seleccion\/la-revelacion-de-la-gratitud\/","title":{"rendered":"La revelaci\u00f3n de la gratitud"},"content":{"rendered":"<p>Prob\u00e9 a tener gratitud (por cualquier cosa) y a no tenerla, compar\u00e9 estos dos estados y para m\u00ed la elecci\u00f3n est\u00e1 muy clara \u2013 nunca m\u00e1s la tendr\u00e9, y ahora (si es interesante) se puede decir c\u00f3mo se puedo explicar.<\/p>\n<p>Cuando una persona le agradece a alguien por algo, se basa en el argumento de \u201calguien hizo algo por \u00e9l\u201d, precisamente por \u00e9l y no para s\u00ed mismo. Cuando le escribo a alguien una carta, le toco las piernas a una chica, escribo mi libro o explico a alguien lo que no entiende, lo hago porque estas acciones me traen alegr\u00eda, as\u00ed que agradecerme significa equivocarse porque creen que lo hago en contra de mis deseos alegres. Porque precisamente as\u00ed pasa con la gente ordinaria \u2013 uno cede su asiento en el autob\u00fas \u2013 recibi\u00f3 gratitud porque \u00e9l mismo quer\u00eda estar sentado pero funcion\u00f3 la concepci\u00f3n que dec\u00eda que hay que ceder el asiento a la gente mayor \u2013 se levant\u00f3 o sea hizo algo en perjuicio de sus deseos, de recibir el placer, se sent\u00eda inc\u00f3modo, ten\u00eda angustia, cansancio, y al mismo tiempo la satisfacci\u00f3n porque observ\u00f3 las reglas y alguien estaba orgulloso de \u00e9l, es decir, experiment\u00f3 las PI que eran reflejos de las EN correspondientes.<\/p>\n<p>Si llamo a una putita y la follo \u00bfmerecer\u00e9 la gratitud? No, porque hice lo que quer\u00eda, lo que me gustaba. Por eso afirmo que cuando le agradeces a una persona, primero, crees que los deseos de esa persona son convencionales a la concepci\u00f3n o al af\u00e1n de tu relaci\u00f3n positiva hacia \u00e9l, se vendieron a sus deseos alegres que no son convencionales a ninguna concepci\u00f3n. Segundo, sentir\u00e1s el sentimiento de la culpabilidad inevitable porque \u00e9l se esforz\u00f3 por ti, adem\u00e1s tendr\u00e1s la satisfacci\u00f3n de que eres una persona importante, porque alguien hace algo por ti.<\/p>\n<p>Creo que si alguien hace por m\u00ed algo \u2013 no lo hace por m\u00ed, se esfuerza por \u00e9l mismo porque recibe placer de lo que est\u00e1 haciendo. Y si no recibe placer, le aconsejar\u00eda no hacerlo si tuviera simpat\u00eda hacia esta persona, y no le dar\u00eda ning\u00fan consejo si no me interesara.<\/p>\n<p>Adem\u00e1s cuando agradecen, cuentan con la relaci\u00f3n positiva mutua, o cuentan con la ayuda de la respuesta o sea estamos hablando de las relaciones puramente de mercado.<\/p>\n<p>As\u00ed que resulta que cuando le agradeces a alguien por algo, con este hecho t\u00fa:<\/p>\n<p>1) afirmas que una persona que te ayud\u00f3, lo hizo porque sus deseos tenebrosos hab\u00edan vencido a los deseos alegres.<\/p>\n<p>2) afirmas que no te importa (en el caso contrario le aconsejar\u00edas no hacerlo sino estudiar las concepciones)<\/p>\n<p>3) tienes un sentimiento de culpabilidad<\/p>\n<p>4) experimentas las EP porque eres muy \u201cbueno\u201d o sea te entablas a ti mismo aun m\u00e1s profundamente en las concepciones.<\/p>\n<p>5) cuentas con que te deber\u00e1 algo por tu gratitud.<\/p>\n","protected":false},"excerpt":{"rendered":"<p>Prob\u00e9 a tener gratitud (por cualquier cosa) y a no tenerla, compar\u00e9 estos dos estados y para m\u00ed la elecci\u00f3n est\u00e1 muy clara \u2013 nunca m\u00e1s la tendr\u00e9, y ahora (si es interesante) se puede decir c\u00f3mo se puedo explicar. Cuando una persona le agradece a alguien por algo, se basa en el argumento de [&hellip;]<\/p>\n","protected":false},"author":1,"featured_media":0,"parent":7587,"menu_order":0,"comment_status":"open","ping_status":"closed","template":"","meta":{"_acf_changed":false,"footnotes":""},"class_list":["post-7615","page","type-page","status-publish","hentry"],"acf":[],"yoast_head":"<!-- This site is optimized with the Yoast SEO plugin v27.2 - https:\/\/yoast.com\/product\/yoast-seo-wordpress\/ -->\n<title>La revelaci\u00f3n de la gratitud - Selecci\u00f3n de estados atractivos<\/title>\n<meta name=\"robots\" content=\"index, follow, max-snippet:-1, max-image-preview:large, max-video-preview:-1\" \/>\n<link rel=\"canonical\" href=\"https:\/\/bodhi.name\/es\/articulos-en-seleccion\/la-revelacion-de-la-gratitud\/\" \/>\n<meta property=\"og:locale\" content=\"es_ES\" \/>\n<meta property=\"og:type\" content=\"article\" \/>\n<meta property=\"og:title\" content=\"La revelaci\u00f3n de la gratitud - Selecci\u00f3n de estados atractivos\" \/>\n<meta property=\"og:description\" content=\"Prob\u00e9 a tener gratitud (por cualquier cosa) y a no tenerla, compar\u00e9 estos dos estados y para m\u00ed la elecci\u00f3n est\u00e1 muy clara \u2013 nunca m\u00e1s la tendr\u00e9, y ahora (si es interesante) se puede decir c\u00f3mo se puedo explicar. Cuando una persona le agradece a alguien por algo, se basa en el argumento de [&hellip;]\" \/>\n<meta property=\"og:url\" content=\"https:\/\/bodhi.name\/es\/articulos-en-seleccion\/la-revelacion-de-la-gratitud\/\" \/>\n<meta property=\"og:site_name\" content=\"Selecci\u00f3n de estados atractivos\" \/>\n<meta name=\"twitter:card\" content=\"summary_large_image\" \/>\n<meta name=\"twitter:label1\" content=\"Tiempo de lectura\" \/>\n\t<meta name=\"twitter:data1\" content=\"2 minutos\" \/>\n<script type=\"application\/ld+json\" class=\"yoast-schema-graph\">{\"@context\":\"https:\/\/schema.org\",\"@graph\":[{\"@type\":\"WebPage\",\"@id\":\"https:\/\/bodhi.name\/es\/articulos-en-seleccion\/la-revelacion-de-la-gratitud\/\",\"url\":\"https:\/\/bodhi.name\/es\/articulos-en-seleccion\/la-revelacion-de-la-gratitud\/\",\"name\":\"La revelaci\u00f3n de la gratitud - Selecci\u00f3n de estados atractivos\",\"isPartOf\":{\"@id\":\"https:\/\/bodhi.name\/ru\/#website\"},\"datePublished\":\"2015-01-29T19:07:19+00:00\",\"breadcrumb\":{\"@id\":\"https:\/\/bodhi.name\/es\/articulos-en-seleccion\/la-revelacion-de-la-gratitud\/#breadcrumb\"},\"inLanguage\":\"es\",\"potentialAction\":[{\"@type\":\"ReadAction\",\"target\":[\"https:\/\/bodhi.name\/es\/articulos-en-seleccion\/la-revelacion-de-la-gratitud\/\"]}]},{\"@type\":\"BreadcrumbList\",\"@id\":\"https:\/\/bodhi.name\/es\/articulos-en-seleccion\/la-revelacion-de-la-gratitud\/#breadcrumb\",\"itemListElement\":[{\"@type\":\"ListItem\",\"position\":1,\"name\":\"\u0413\u043b\u0430\u0432\u043d\u0430\u044f \u0441\u0442\u0440\u0430\u043d\u0438\u0446\u0430\",\"item\":\"https:\/\/bodhi.name\/es\/\"},{\"@type\":\"ListItem\",\"position\":2,\"name\":\"Articulos en Selecci\u00f3n\",\"item\":\"https:\/\/bodhi.name\/es\/articulos-en-seleccion\/\"},{\"@type\":\"ListItem\",\"position\":3,\"name\":\"La revelaci\u00f3n de la gratitud\"}]},{\"@type\":\"WebSite\",\"@id\":\"https:\/\/bodhi.name\/ru\/#website\",\"url\":\"https:\/\/bodhi.name\/ru\/\",\"name\":\"Selecci\u00f3n de estados atractivos\",\"description\":\"Psicolog\u00eda experimental\",\"potentialAction\":[{\"@type\":\"SearchAction\",\"target\":{\"@type\":\"EntryPoint\",\"urlTemplate\":\"https:\/\/bodhi.name\/ru\/?s={search_term_string}\"},\"query-input\":{\"@type\":\"PropertyValueSpecification\",\"valueRequired\":true,\"valueName\":\"search_term_string\"}}],\"inLanguage\":\"es\"}]}<\/script>\n<!-- \/ Yoast SEO plugin. -->","yoast_head_json":{"title":"La revelaci\u00f3n de la gratitud - Selecci\u00f3n de estados atractivos","robots":{"index":"index","follow":"follow","max-snippet":"max-snippet:-1","max-image-preview":"max-image-preview:large","max-video-preview":"max-video-preview:-1"},"canonical":"https:\/\/bodhi.name\/es\/articulos-en-seleccion\/la-revelacion-de-la-gratitud\/","og_locale":"es_ES","og_type":"article","og_title":"La revelaci\u00f3n de la gratitud - Selecci\u00f3n de estados atractivos","og_description":"Prob\u00e9 a tener gratitud (por cualquier cosa) y a no tenerla, compar\u00e9 estos dos estados y para m\u00ed la elecci\u00f3n est\u00e1 muy clara \u2013 nunca m\u00e1s la tendr\u00e9, y ahora (si es interesante) se puede decir c\u00f3mo se puedo explicar. Cuando una persona le agradece a alguien por algo, se basa en el argumento de [&hellip;]","og_url":"https:\/\/bodhi.name\/es\/articulos-en-seleccion\/la-revelacion-de-la-gratitud\/","og_site_name":"Selecci\u00f3n de estados atractivos","twitter_card":"summary_large_image","twitter_misc":{"Tiempo de lectura":"2 minutos"},"schema":{"@context":"https:\/\/schema.org","@graph":[{"@type":"WebPage","@id":"https:\/\/bodhi.name\/es\/articulos-en-seleccion\/la-revelacion-de-la-gratitud\/","url":"https:\/\/bodhi.name\/es\/articulos-en-seleccion\/la-revelacion-de-la-gratitud\/","name":"La revelaci\u00f3n de la gratitud - Selecci\u00f3n de estados atractivos","isPartOf":{"@id":"https:\/\/bodhi.name\/ru\/#website"},"datePublished":"2015-01-29T19:07:19+00:00","breadcrumb":{"@id":"https:\/\/bodhi.name\/es\/articulos-en-seleccion\/la-revelacion-de-la-gratitud\/#breadcrumb"},"inLanguage":"es","potentialAction":[{"@type":"ReadAction","target":["https:\/\/bodhi.name\/es\/articulos-en-seleccion\/la-revelacion-de-la-gratitud\/"]}]},{"@type":"BreadcrumbList","@id":"https:\/\/bodhi.name\/es\/articulos-en-seleccion\/la-revelacion-de-la-gratitud\/#breadcrumb","itemListElement":[{"@type":"ListItem","position":1,"name":"\u0413\u043b\u0430\u0432\u043d\u0430\u044f \u0441\u0442\u0440\u0430\u043d\u0438\u0446\u0430","item":"https:\/\/bodhi.name\/es\/"},{"@type":"ListItem","position":2,"name":"Articulos en Selecci\u00f3n","item":"https:\/\/bodhi.name\/es\/articulos-en-seleccion\/"},{"@type":"ListItem","position":3,"name":"La revelaci\u00f3n de la gratitud"}]},{"@type":"WebSite","@id":"https:\/\/bodhi.name\/ru\/#website","url":"https:\/\/bodhi.name\/ru\/","name":"Selecci\u00f3n de estados atractivos","description":"Psicolog\u00eda experimental","potentialAction":[{"@type":"SearchAction","target":{"@type":"EntryPoint","urlTemplate":"https:\/\/bodhi.name\/ru\/?s={search_term_string}"},"query-input":{"@type":"PropertyValueSpecification","valueRequired":true,"valueName":"search_term_string"}}],"inLanguage":"es"}]}},"_links":{"self":[{"href":"https:\/\/bodhi.name\/es\/wp-json\/wp\/v2\/pages\/7615","targetHints":{"allow":["GET"]}}],"collection":[{"href":"https:\/\/bodhi.name\/es\/wp-json\/wp\/v2\/pages"}],"about":[{"href":"https:\/\/bodhi.name\/es\/wp-json\/wp\/v2\/types\/page"}],"author":[{"embeddable":true,"href":"https:\/\/bodhi.name\/es\/wp-json\/wp\/v2\/users\/1"}],"replies":[{"embeddable":true,"href":"https:\/\/bodhi.name\/es\/wp-json\/wp\/v2\/comments?post=7615"}],"version-history":[{"count":1,"href":"https:\/\/bodhi.name\/es\/wp-json\/wp\/v2\/pages\/7615\/revisions"}],"predecessor-version":[{"id":7616,"href":"https:\/\/bodhi.name\/es\/wp-json\/wp\/v2\/pages\/7615\/revisions\/7616"}],"up":[{"embeddable":true,"href":"https:\/\/bodhi.name\/es\/wp-json\/wp\/v2\/pages\/7587"}],"wp:attachment":[{"href":"https:\/\/bodhi.name\/es\/wp-json\/wp\/v2\/media?parent=7615"}],"curies":[{"name":"wp","href":"https:\/\/api.w.org\/{rel}","templated":true}]}}