{"id":7613,"date":"2015-01-29T23:05:44","date_gmt":"2015-01-29T19:05:44","guid":{"rendered":"http:\/\/suri-catt.com\/?page_id=7613"},"modified":"2015-01-29T23:05:44","modified_gmt":"2015-01-29T19:05:44","slug":"la-seleccion-no-se-basa-en-ninguna-teoria","status":"publish","type":"page","link":"https:\/\/bodhi.name\/es\/articulos-en-seleccion\/la-seleccion-no-se-basa-en-ninguna-teoria\/","title":{"rendered":"La Selecci\u00f3n no se basa en ninguna teor\u00eda"},"content":{"rendered":"<p>La pregunta: \u00abSelecci\u00f3n de estados atractivos\u00bb es la descripci\u00f3n de una pr\u00e1ctica. Entonces, si hay una pr\u00e1ctica, tiene que basarse en alguna teor\u00eda que es la percepci\u00f3n personal del mundo y el sentido de su vida. Si existe \u00bfqu\u00e9 es?\u201d<\/p>\n<p>La respuesta: no, mi pr\u00e1ctica no se basa en ninguna teor\u00eda, no hay ninguna teor\u00eda para nada. Creo que es muy habitual apoyar una pr\u00e1ctica en la teor\u00eda pero este m\u00e9todo no me convence porque si lo hago, me desquicia en un momento, ya que, en vez de seguir mis deseos y otras percepciones, tengo que mirar las concepciones.<\/p>\n<p>Por ejemplo, me dicen: el objetivo de la vida es la iluminaci\u00f3n, y para la iluminaci\u00f3n hay que limpiar los chacras y para esto hay que cruzar las piernas en la posici\u00f3n de loto, y respirar con el vientre durante 20 a\u00f1os.<\/p>\n<p>En este momento estoy en una situaci\u00f3n rara porque no s\u00e9 qu\u00e9 es la iluminaci\u00f3n ya que para saberlo hay que estar ya iluminado. Tampoco s\u00e9 qu\u00e9 son los chacras, pero s\u00e9 c\u00f3mo hay que cruzar las piernas, y c\u00f3mo respirar, as\u00ed que no tengo otro remedio que creer a mi interlocutor de palabra, y empezar a practicar. Entonces cruzo las piernas en la posici\u00f3n de loto, me pongo a respirar mientras que todas mis acciones son las convencionales de las concepciones, o sea, de las palabras con las que no puedo consentir, pero a las que tampoco puedo dar un ment\u00eds. Es la concepci\u00f3n sin sentido si no tengo ninguna percepci\u00f3n del chacra ni de la iluminaci\u00f3n.<\/p>\n<p>Despu\u00e9s, cojo del estante otro libro, y all\u00ed est\u00e1 escrito que hay que desarrollar el bodhichita, y para esto hay que hacer acciones buenas. Ahora no puedo pasar de esta informaci\u00f3n porque si una vez segu\u00ed el consejo de una persona simp\u00e1tica para m\u00ed, por qu\u00e9 ahora no presto atenci\u00f3n a otro consejo de otra persona tambi\u00e9n simp\u00e1tica. \u00bfQu\u00e9 es \u201cbodhichitta\u201d? No lo s\u00e9,\u00a0 \u00bfQu\u00e9 significa hacer acciones buenas? Tampoco lo s\u00e9, por esto cojo el tercer libro, y all\u00ed, el tercer hombre simp\u00e1tico me dice que hay que ayudar a la madre porque, precisamente esto, es una acci\u00f3n buena. Entonces me vuelco en ayudar a la madre.<\/p>\n<p>Y as\u00ed sigo, hasta que no me embrolle totalmente \u2013 diez hombres simp\u00e1ticos me dan cien diferentes consejos, no puedo cumplirlos todos, aparece la preocupaci\u00f3n, adem\u00e1s los resultados no son muy claros, por no decir algo m\u00e1s fuerte.<\/p>\n<p>\u00bfY qu\u00e9 hacer despu\u00e9s? Adem\u00e1s no quiero cruzar las piernas en la posici\u00f3n de loto, lo que quiero es dejar de experimentar las EN, hacer el amor con una chica, pasear por el bosque, no puedo estar todo el d\u00eda sentado y respirar, no lo quiero. \u00a1Quiero tener una vida llena, tengo tantos deseos!<\/p>\n<p>Por esto tengo otro punto de vista en lo que se refiere a la pr\u00e1ctica. Simplemente quiero ser sincero y no fingir que lo entiendo todo, o no entiendo nada, he dejado de usar las palabras que no entiendo \u2013 \u201ckarma\u201d, \u201cactitud buena\u201d \u201cjol\u00edn\u201d etc. Como resultado simplemente no puedo seguir los consejos referentes a \u201cchacras\u201d, \u201ckarma\u201d \u00bfY qu\u00e9 hago entonces? Todo lo que quiero. Simplemente hago lo que quiero, y tengo claro que en unas circunstancias cualesquiera no quiero experimentar las EN, por esto, al principio las elimino, y despu\u00e9s volver\u00e9 a encontrar algo a que dedicarme, pero este asunto tendr\u00e1 que ser interesante y hacer mi vida m\u00e1s agradable. \u00a1As\u00ed que me pongo a eliminar las EN y qu\u00e9 veo: la vida empieza a cambiar! Y cuanto m\u00e1s tiempo me dedico a la pr\u00e1ctica previa para purificarme de las EN, y de las concepciones, realizando al mismo tiempo mis deseos, tanto m\u00e1s noto con sorpresa c\u00f3mo empiezan a pasar los cambios que me gustan, aparecen nuevas percepciones que me gustan tambi\u00e9n, y ya no tengo la necesidad de creer a alguien de palabra, y yo mismo siempre s\u00e9 qu\u00e9 es lo que quiero y qu\u00e9 es lo que me interesa.<\/p>\n<p>\u00bfY la teor\u00eda? Hago lo que me gusta, recibo resultados interesantes, despu\u00e9s puedo pensar en estos resultados, probar a encontrar algunas leyes generales, y como resultado de mis estudios, mis deseos a veces cambian totalmente, o un poco, o, a veces, para nada, pero de todas maneras hago s\u00f3lo lo que quiero. Por ejemplo, puedo analizar los resultados de mis esfuerzos para eliminar los celos, y suponer que si la eliminaci\u00f3n de los celos me ha dado una sensaci\u00f3n de libertad tan fant\u00e1stica, puede ser que al eliminar el aburrimiento subir\u00e9 al nivel m\u00e1s alto de la libertad y recibir\u00e9 una nueva calidad de percepciones. Esta suposici\u00f3n aparece en la base de mi experiencia real y mis deseos se manifiestan al unison, antes quer\u00eda eliminar s\u00f3lo los celos, y ahora aparece el deseo alegre de eliminar el aburrimiento.<\/p>\n<p>As\u00ed que mi pr\u00e1ctica no se basa en nada, simplemente es el proceso de vivir los deseos alegres y los deseos de realizar estos deseos. Incluso este deseo de pensar un poco en mi experiencia, he probado a realizar algunas suposiciones porque a m\u00ed me gusta pensar y como consecuencia disfruto de este proceso.<\/p>\n","protected":false},"excerpt":{"rendered":"<p>La pregunta: \u00abSelecci\u00f3n de estados atractivos\u00bb es la descripci\u00f3n de una pr\u00e1ctica. Entonces, si hay una pr\u00e1ctica, tiene que basarse en alguna teor\u00eda que es la percepci\u00f3n personal del mundo y el sentido de su vida. Si existe \u00bfqu\u00e9 es?\u201d La respuesta: no, mi pr\u00e1ctica no se basa en ninguna teor\u00eda, no hay ninguna teor\u00eda [&hellip;]<\/p>\n","protected":false},"author":1,"featured_media":0,"parent":7587,"menu_order":0,"comment_status":"open","ping_status":"closed","template":"","meta":{"_acf_changed":false,"footnotes":""},"class_list":["post-7613","page","type-page","status-publish","hentry"],"acf":[],"yoast_head":"<!-- This site is optimized with the Yoast SEO plugin v27.4 - https:\/\/yoast.com\/product\/yoast-seo-wordpress\/ -->\n<title>La Selecci\u00f3n no se basa en ninguna teor\u00eda - Selecci\u00f3n de estados atractivos<\/title>\n<meta name=\"robots\" content=\"index, follow, max-snippet:-1, max-image-preview:large, max-video-preview:-1\" \/>\n<link rel=\"canonical\" href=\"https:\/\/bodhi.name\/es\/articulos-en-seleccion\/la-seleccion-no-se-basa-en-ninguna-teoria\/\" \/>\n<meta property=\"og:locale\" content=\"es_ES\" \/>\n<meta property=\"og:type\" content=\"article\" \/>\n<meta property=\"og:title\" content=\"La Selecci\u00f3n no se basa en ninguna teor\u00eda - Selecci\u00f3n de estados atractivos\" \/>\n<meta property=\"og:description\" content=\"La pregunta: \u00abSelecci\u00f3n de estados atractivos\u00bb es la descripci\u00f3n de una pr\u00e1ctica. Entonces, si hay una pr\u00e1ctica, tiene que basarse en alguna teor\u00eda que es la percepci\u00f3n personal del mundo y el sentido de su vida. Si existe \u00bfqu\u00e9 es?\u201d La respuesta: no, mi pr\u00e1ctica no se basa en ninguna teor\u00eda, no hay ninguna teor\u00eda [&hellip;]\" \/>\n<meta property=\"og:url\" content=\"https:\/\/bodhi.name\/es\/articulos-en-seleccion\/la-seleccion-no-se-basa-en-ninguna-teoria\/\" \/>\n<meta property=\"og:site_name\" content=\"Selecci\u00f3n de estados atractivos\" \/>\n<meta name=\"twitter:card\" content=\"summary_large_image\" \/>\n<meta name=\"twitter:label1\" content=\"Tiempo de lectura\" \/>\n\t<meta name=\"twitter:data1\" content=\"5 minutos\" \/>\n<script type=\"application\/ld+json\" class=\"yoast-schema-graph\">{\"@context\":\"https:\\\/\\\/schema.org\",\"@graph\":[{\"@type\":\"WebPage\",\"@id\":\"https:\\\/\\\/bodhi.name\\\/es\\\/articulos-en-seleccion\\\/la-seleccion-no-se-basa-en-ninguna-teoria\\\/\",\"url\":\"https:\\\/\\\/bodhi.name\\\/es\\\/articulos-en-seleccion\\\/la-seleccion-no-se-basa-en-ninguna-teoria\\\/\",\"name\":\"La Selecci\u00f3n no se basa en ninguna teor\u00eda - Selecci\u00f3n de estados atractivos\",\"isPartOf\":{\"@id\":\"https:\\\/\\\/bodhi.name\\\/ru\\\/#website\"},\"datePublished\":\"2015-01-29T19:05:44+00:00\",\"breadcrumb\":{\"@id\":\"https:\\\/\\\/bodhi.name\\\/es\\\/articulos-en-seleccion\\\/la-seleccion-no-se-basa-en-ninguna-teoria\\\/#breadcrumb\"},\"inLanguage\":\"es\",\"potentialAction\":[{\"@type\":\"ReadAction\",\"target\":[\"https:\\\/\\\/bodhi.name\\\/es\\\/articulos-en-seleccion\\\/la-seleccion-no-se-basa-en-ninguna-teoria\\\/\"]}]},{\"@type\":\"BreadcrumbList\",\"@id\":\"https:\\\/\\\/bodhi.name\\\/es\\\/articulos-en-seleccion\\\/la-seleccion-no-se-basa-en-ninguna-teoria\\\/#breadcrumb\",\"itemListElement\":[{\"@type\":\"ListItem\",\"position\":1,\"name\":\"\u0413\u043b\u0430\u0432\u043d\u0430\u044f \u0441\u0442\u0440\u0430\u043d\u0438\u0446\u0430\",\"item\":\"https:\\\/\\\/bodhi.name\\\/es\\\/\"},{\"@type\":\"ListItem\",\"position\":2,\"name\":\"Articulos en Selecci\u00f3n\",\"item\":\"https:\\\/\\\/bodhi.name\\\/es\\\/articulos-en-seleccion\\\/\"},{\"@type\":\"ListItem\",\"position\":3,\"name\":\"La Selecci\u00f3n no se basa en ninguna teor\u00eda\"}]},{\"@type\":\"WebSite\",\"@id\":\"https:\\\/\\\/bodhi.name\\\/ru\\\/#website\",\"url\":\"https:\\\/\\\/bodhi.name\\\/ru\\\/\",\"name\":\"Selecci\u00f3n de estados atractivos\",\"description\":\"Psicolog\u00eda experimental\",\"potentialAction\":[{\"@type\":\"SearchAction\",\"target\":{\"@type\":\"EntryPoint\",\"urlTemplate\":\"https:\\\/\\\/bodhi.name\\\/ru\\\/?s={search_term_string}\"},\"query-input\":{\"@type\":\"PropertyValueSpecification\",\"valueRequired\":true,\"valueName\":\"search_term_string\"}}],\"inLanguage\":\"es\"}]}<\/script>\n<!-- \/ Yoast SEO plugin. -->","yoast_head_json":{"title":"La Selecci\u00f3n no se basa en ninguna teor\u00eda - Selecci\u00f3n de estados atractivos","robots":{"index":"index","follow":"follow","max-snippet":"max-snippet:-1","max-image-preview":"max-image-preview:large","max-video-preview":"max-video-preview:-1"},"canonical":"https:\/\/bodhi.name\/es\/articulos-en-seleccion\/la-seleccion-no-se-basa-en-ninguna-teoria\/","og_locale":"es_ES","og_type":"article","og_title":"La Selecci\u00f3n no se basa en ninguna teor\u00eda - Selecci\u00f3n de estados atractivos","og_description":"La pregunta: \u00abSelecci\u00f3n de estados atractivos\u00bb es la descripci\u00f3n de una pr\u00e1ctica. Entonces, si hay una pr\u00e1ctica, tiene que basarse en alguna teor\u00eda que es la percepci\u00f3n personal del mundo y el sentido de su vida. Si existe \u00bfqu\u00e9 es?\u201d La respuesta: no, mi pr\u00e1ctica no se basa en ninguna teor\u00eda, no hay ninguna teor\u00eda [&hellip;]","og_url":"https:\/\/bodhi.name\/es\/articulos-en-seleccion\/la-seleccion-no-se-basa-en-ninguna-teoria\/","og_site_name":"Selecci\u00f3n de estados atractivos","twitter_card":"summary_large_image","twitter_misc":{"Tiempo de lectura":"5 minutos"},"schema":{"@context":"https:\/\/schema.org","@graph":[{"@type":"WebPage","@id":"https:\/\/bodhi.name\/es\/articulos-en-seleccion\/la-seleccion-no-se-basa-en-ninguna-teoria\/","url":"https:\/\/bodhi.name\/es\/articulos-en-seleccion\/la-seleccion-no-se-basa-en-ninguna-teoria\/","name":"La Selecci\u00f3n no se basa en ninguna teor\u00eda - Selecci\u00f3n de estados atractivos","isPartOf":{"@id":"https:\/\/bodhi.name\/ru\/#website"},"datePublished":"2015-01-29T19:05:44+00:00","breadcrumb":{"@id":"https:\/\/bodhi.name\/es\/articulos-en-seleccion\/la-seleccion-no-se-basa-en-ninguna-teoria\/#breadcrumb"},"inLanguage":"es","potentialAction":[{"@type":"ReadAction","target":["https:\/\/bodhi.name\/es\/articulos-en-seleccion\/la-seleccion-no-se-basa-en-ninguna-teoria\/"]}]},{"@type":"BreadcrumbList","@id":"https:\/\/bodhi.name\/es\/articulos-en-seleccion\/la-seleccion-no-se-basa-en-ninguna-teoria\/#breadcrumb","itemListElement":[{"@type":"ListItem","position":1,"name":"\u0413\u043b\u0430\u0432\u043d\u0430\u044f \u0441\u0442\u0440\u0430\u043d\u0438\u0446\u0430","item":"https:\/\/bodhi.name\/es\/"},{"@type":"ListItem","position":2,"name":"Articulos en Selecci\u00f3n","item":"https:\/\/bodhi.name\/es\/articulos-en-seleccion\/"},{"@type":"ListItem","position":3,"name":"La Selecci\u00f3n no se basa en ninguna teor\u00eda"}]},{"@type":"WebSite","@id":"https:\/\/bodhi.name\/ru\/#website","url":"https:\/\/bodhi.name\/ru\/","name":"Selecci\u00f3n de estados atractivos","description":"Psicolog\u00eda experimental","potentialAction":[{"@type":"SearchAction","target":{"@type":"EntryPoint","urlTemplate":"https:\/\/bodhi.name\/ru\/?s={search_term_string}"},"query-input":{"@type":"PropertyValueSpecification","valueRequired":true,"valueName":"search_term_string"}}],"inLanguage":"es"}]}},"_links":{"self":[{"href":"https:\/\/bodhi.name\/es\/wp-json\/wp\/v2\/pages\/7613","targetHints":{"allow":["GET"]}}],"collection":[{"href":"https:\/\/bodhi.name\/es\/wp-json\/wp\/v2\/pages"}],"about":[{"href":"https:\/\/bodhi.name\/es\/wp-json\/wp\/v2\/types\/page"}],"author":[{"embeddable":true,"href":"https:\/\/bodhi.name\/es\/wp-json\/wp\/v2\/users\/1"}],"replies":[{"embeddable":true,"href":"https:\/\/bodhi.name\/es\/wp-json\/wp\/v2\/comments?post=7613"}],"version-history":[{"count":1,"href":"https:\/\/bodhi.name\/es\/wp-json\/wp\/v2\/pages\/7613\/revisions"}],"predecessor-version":[{"id":7614,"href":"https:\/\/bodhi.name\/es\/wp-json\/wp\/v2\/pages\/7613\/revisions\/7614"}],"up":[{"embeddable":true,"href":"https:\/\/bodhi.name\/es\/wp-json\/wp\/v2\/pages\/7587"}],"wp:attachment":[{"href":"https:\/\/bodhi.name\/es\/wp-json\/wp\/v2\/media?parent=7613"}],"curies":[{"name":"wp","href":"https:\/\/api.w.org\/{rel}","templated":true}]}}