{"id":7610,"date":"2015-01-29T23:01:57","date_gmt":"2015-01-29T19:01:57","guid":{"rendered":"http:\/\/suri-catt.com\/?page_id=7610"},"modified":"2015-01-29T23:01:57","modified_gmt":"2015-01-29T19:01:57","slug":"las-explicaciones-y-las-comprensiones","status":"publish","type":"page","link":"https:\/\/bodhi.name\/es\/articulos-en-seleccion\/las-explicaciones-y-las-comprensiones\/","title":{"rendered":"Las explicaciones y las comprensiones"},"content":{"rendered":"<p>Antes, a menudo pensaba que si una persona que me preguntaba algo, no pod\u00eda comprender mis explicaciones, era porque no ten\u00eda capacidades suficientes, o bien, mis explicaciones eran demasiado complicadas. Como no puedo cambiar las capacidades de comprender de una persona, y s\u00ed que puedo mejorar la calidad de mis explicaciones, me dediqu\u00e9 precisamente a esta tarea. En mi propio pellejo prob\u00e9 someterme hasta la cabeza a una cantidad enorme de diferentes tenebrosidades. Y despu\u00e9s de probarlas todas, hasta el nivel m\u00e1s insoportable, pude salir de este estado aplicando mi propia pr\u00e1ctica. Esto me permiti\u00f3 estudiar tanto las tenebrosidades mismas como el m\u00e9todo de su eliminaci\u00f3n.<\/p>\n<p>Pero despu\u00e9s pas\u00f3 algo que me dej\u00f3 sorprendido. Result\u00f3 que mi trabajo realizado no cambia en casi nada mis capacidades de explicar claramente, hasta en el caso en que una persona trata de comprender mis explicaciones. Por el otro lado es f\u00e1cil notar que era suficiente repetir a algunas personas mi explicaci\u00f3n tres-cuatro veces con diferentes palabras, y, demostrarlo con los ejemplos de varias situaciones, y todo fue claro. Despu\u00e9s me di cuenta de que el motivo de la incomprensi\u00f3n no consiste s\u00f3lo en que mis explicaciones eran insuficientemente claras, aunque sin duda, la claridad absoluta es deseable para transmitir cualquier experiencia. Pero el problema principal estriba en otra cosa: la gente parece que quiere entender algo, pero no puede hacerlo, y en realidad NO QUIEREN COMPRENDER. \u00bfPero qu\u00e9 es lo que no quieren comprender? Todo lo que sea o todo\u00a0 lo que se refiere a recibir las impresiones, entrar en el c\u00edrculo de los practicantes, satisfacer el SImP, causar impresi\u00f3n a los dem\u00e1s, etc. Pero el deseo mismo de comprender, el deseo de cambiar la vida teniendo en cuenta esta comprensi\u00f3n no lo tienen para nada, o est\u00e1 muy poco destacado. Para convencerme a m\u00ed mismo, llev\u00e9 mis explicaciones hasta el nivel cuando cualquiera, hasta un imb\u00e9cil total, pudiera comprenderlas. Lo mostrar\u00e9 en un ejemplo esquem\u00e1tico. Por ejemplo, pregunto a una persona por qu\u00e9 no lleva a cabo un experimento. Me contesta que no quiere. Entonces le pregunto lo mismo pero con otras palabras y me contesta que no puede. En este momento me paro y le digo: \u201cAntes me has dicho que no quieres pero ahora me dices que no puedes, y la pregunta es la misma\u201d. Esto significa que en uno de los casos, conscientemente o no, me has mentido. \u00bfCu\u00e1ndo me has mentido y por qu\u00e9?\u201d. En 99 de cien casos la persona se niega a reconocer el hecho de esta contradicci\u00f3n. Se pone a explicarme el rollo de que \u201cno quiero\u201d era cierto, pero por el otro lado \u201cno puedo\u201d era cierto tambi\u00e9n, que cualquier cosa depende del punto de vista, y, en realidad, lo ten\u00eda en cuenta cuando hablaba contigo&#8230; al fin y al cabo no reconoce el hecho de haberme mentido en uno de los casos.\u00a0 Hace poco en el experimento de Skvo con los \u201cbudistas\u201d, uno de ellos a su pregunta \u201ccu\u00e1les son los resultados de su pr\u00e1ctica\u201d respondi\u00f3 que no hay resultados intermedios, el resultado es \u00fanico &#8211; llegar a la iluminaci\u00f3n total y no hay m\u00e1s opciones: o lo consigues, o no. Skvo le respondi\u00f3 con las citas del texto de Mahamudra, donde est\u00e1n descritos detalladamente los resultados intermedios de la pr\u00e1ctica del budismo (hay un mont\u00f3n de ejemplos en los libros sagrados de los budistas) y le pregunt\u00f3 qu\u00e9 era sino la descripci\u00f3n de los resultados intermedios. La persona que, de verdad, quiere comprender, notar\u00eda enseguida su falta, y empezar\u00eda a buscar la raz\u00f3n de \u00e9sta, o, mejor dicho, tenebrosidades, concepciones, EN que le hab\u00edan llevado a la conclusi\u00f3n falsa. Pero el interlocutor de Skvo decidi\u00f3 hacer un truco muy t\u00edpico, afirm\u00f3 que no era la descripci\u00f3n de los resultados intermedios sino se trataba de las etapas intermedias y a la pregunta de si no es lo mismo, contest\u00f3 que es una cuesti\u00f3n de sem\u00e1ntica.\u00a0 Es uno de los ejemplos m\u00e1s claros de la mentira brutal, de la insinceridad que se manifiesta en la mayor\u00eda de los casos cuando tratas de explicar algo a alguien, y, t\u00fa mismo, inventas en tu interlocutor el deseo de comprender, que en realidad no tiene. Esto significa que no se trata de explicar claramente, sino de la falta del deseo de comprender algo.<\/p>\n<p>La mayor\u00eda absoluta de los que anuncian que son practicantes hacen cualquier cosa, pero no practican ni buscan los caminos para comprender m\u00e1s. Para ellos no es m\u00e1s que uno de los modos de recibir las impresiones, o atraer la atenci\u00f3n, y, el rasgo representativo de esta gente es el miedo patol\u00f3gico a las conversaciones de los resultados intermedios (porque no los tienen).<\/p>\n","protected":false},"excerpt":{"rendered":"<p>Antes, a menudo pensaba que si una persona que me preguntaba algo, no pod\u00eda comprender mis explicaciones, era porque no ten\u00eda capacidades suficientes, o bien, mis explicaciones eran demasiado complicadas. Como no puedo cambiar las capacidades de comprender de una persona, y s\u00ed que puedo mejorar la calidad de mis explicaciones, me dediqu\u00e9 precisamente a [&hellip;]<\/p>\n","protected":false},"author":1,"featured_media":0,"parent":7587,"menu_order":0,"comment_status":"open","ping_status":"closed","template":"","meta":{"_acf_changed":false,"footnotes":""},"class_list":["post-7610","page","type-page","status-publish","hentry"],"acf":[],"yoast_head":"<!-- This site is optimized with the Yoast SEO plugin v27.2 - https:\/\/yoast.com\/product\/yoast-seo-wordpress\/ -->\n<title>Las explicaciones y las comprensiones - Selecci\u00f3n de estados atractivos<\/title>\n<meta name=\"robots\" content=\"index, follow, max-snippet:-1, max-image-preview:large, max-video-preview:-1\" \/>\n<link rel=\"canonical\" href=\"https:\/\/bodhi.name\/es\/articulos-en-seleccion\/las-explicaciones-y-las-comprensiones\/\" \/>\n<meta property=\"og:locale\" content=\"es_ES\" \/>\n<meta property=\"og:type\" content=\"article\" \/>\n<meta property=\"og:title\" content=\"Las explicaciones y las comprensiones - Selecci\u00f3n de estados atractivos\" \/>\n<meta property=\"og:description\" content=\"Antes, a menudo pensaba que si una persona que me preguntaba algo, no pod\u00eda comprender mis explicaciones, era porque no ten\u00eda capacidades suficientes, o bien, mis explicaciones eran demasiado complicadas. Como no puedo cambiar las capacidades de comprender de una persona, y s\u00ed que puedo mejorar la calidad de mis explicaciones, me dediqu\u00e9 precisamente a [&hellip;]\" \/>\n<meta property=\"og:url\" content=\"https:\/\/bodhi.name\/es\/articulos-en-seleccion\/las-explicaciones-y-las-comprensiones\/\" \/>\n<meta property=\"og:site_name\" content=\"Selecci\u00f3n de estados atractivos\" \/>\n<meta name=\"twitter:card\" content=\"summary_large_image\" \/>\n<meta name=\"twitter:label1\" content=\"Tiempo de lectura\" \/>\n\t<meta name=\"twitter:data1\" content=\"4 minutos\" \/>\n<script type=\"application\/ld+json\" class=\"yoast-schema-graph\">{\"@context\":\"https:\/\/schema.org\",\"@graph\":[{\"@type\":\"WebPage\",\"@id\":\"https:\/\/bodhi.name\/es\/articulos-en-seleccion\/las-explicaciones-y-las-comprensiones\/\",\"url\":\"https:\/\/bodhi.name\/es\/articulos-en-seleccion\/las-explicaciones-y-las-comprensiones\/\",\"name\":\"Las explicaciones y las comprensiones - Selecci\u00f3n de estados atractivos\",\"isPartOf\":{\"@id\":\"https:\/\/bodhi.name\/ru\/#website\"},\"datePublished\":\"2015-01-29T19:01:57+00:00\",\"breadcrumb\":{\"@id\":\"https:\/\/bodhi.name\/es\/articulos-en-seleccion\/las-explicaciones-y-las-comprensiones\/#breadcrumb\"},\"inLanguage\":\"es\",\"potentialAction\":[{\"@type\":\"ReadAction\",\"target\":[\"https:\/\/bodhi.name\/es\/articulos-en-seleccion\/las-explicaciones-y-las-comprensiones\/\"]}]},{\"@type\":\"BreadcrumbList\",\"@id\":\"https:\/\/bodhi.name\/es\/articulos-en-seleccion\/las-explicaciones-y-las-comprensiones\/#breadcrumb\",\"itemListElement\":[{\"@type\":\"ListItem\",\"position\":1,\"name\":\"\u0413\u043b\u0430\u0432\u043d\u0430\u044f \u0441\u0442\u0440\u0430\u043d\u0438\u0446\u0430\",\"item\":\"https:\/\/bodhi.name\/es\/\"},{\"@type\":\"ListItem\",\"position\":2,\"name\":\"Articulos en Selecci\u00f3n\",\"item\":\"https:\/\/bodhi.name\/es\/articulos-en-seleccion\/\"},{\"@type\":\"ListItem\",\"position\":3,\"name\":\"Las explicaciones y las comprensiones\"}]},{\"@type\":\"WebSite\",\"@id\":\"https:\/\/bodhi.name\/ru\/#website\",\"url\":\"https:\/\/bodhi.name\/ru\/\",\"name\":\"Selecci\u00f3n de estados atractivos\",\"description\":\"Psicolog\u00eda experimental\",\"potentialAction\":[{\"@type\":\"SearchAction\",\"target\":{\"@type\":\"EntryPoint\",\"urlTemplate\":\"https:\/\/bodhi.name\/ru\/?s={search_term_string}\"},\"query-input\":{\"@type\":\"PropertyValueSpecification\",\"valueRequired\":true,\"valueName\":\"search_term_string\"}}],\"inLanguage\":\"es\"}]}<\/script>\n<!-- \/ Yoast SEO plugin. -->","yoast_head_json":{"title":"Las explicaciones y las comprensiones - Selecci\u00f3n de estados atractivos","robots":{"index":"index","follow":"follow","max-snippet":"max-snippet:-1","max-image-preview":"max-image-preview:large","max-video-preview":"max-video-preview:-1"},"canonical":"https:\/\/bodhi.name\/es\/articulos-en-seleccion\/las-explicaciones-y-las-comprensiones\/","og_locale":"es_ES","og_type":"article","og_title":"Las explicaciones y las comprensiones - Selecci\u00f3n de estados atractivos","og_description":"Antes, a menudo pensaba que si una persona que me preguntaba algo, no pod\u00eda comprender mis explicaciones, era porque no ten\u00eda capacidades suficientes, o bien, mis explicaciones eran demasiado complicadas. Como no puedo cambiar las capacidades de comprender de una persona, y s\u00ed que puedo mejorar la calidad de mis explicaciones, me dediqu\u00e9 precisamente a [&hellip;]","og_url":"https:\/\/bodhi.name\/es\/articulos-en-seleccion\/las-explicaciones-y-las-comprensiones\/","og_site_name":"Selecci\u00f3n de estados atractivos","twitter_card":"summary_large_image","twitter_misc":{"Tiempo de lectura":"4 minutos"},"schema":{"@context":"https:\/\/schema.org","@graph":[{"@type":"WebPage","@id":"https:\/\/bodhi.name\/es\/articulos-en-seleccion\/las-explicaciones-y-las-comprensiones\/","url":"https:\/\/bodhi.name\/es\/articulos-en-seleccion\/las-explicaciones-y-las-comprensiones\/","name":"Las explicaciones y las comprensiones - Selecci\u00f3n de estados atractivos","isPartOf":{"@id":"https:\/\/bodhi.name\/ru\/#website"},"datePublished":"2015-01-29T19:01:57+00:00","breadcrumb":{"@id":"https:\/\/bodhi.name\/es\/articulos-en-seleccion\/las-explicaciones-y-las-comprensiones\/#breadcrumb"},"inLanguage":"es","potentialAction":[{"@type":"ReadAction","target":["https:\/\/bodhi.name\/es\/articulos-en-seleccion\/las-explicaciones-y-las-comprensiones\/"]}]},{"@type":"BreadcrumbList","@id":"https:\/\/bodhi.name\/es\/articulos-en-seleccion\/las-explicaciones-y-las-comprensiones\/#breadcrumb","itemListElement":[{"@type":"ListItem","position":1,"name":"\u0413\u043b\u0430\u0432\u043d\u0430\u044f \u0441\u0442\u0440\u0430\u043d\u0438\u0446\u0430","item":"https:\/\/bodhi.name\/es\/"},{"@type":"ListItem","position":2,"name":"Articulos en Selecci\u00f3n","item":"https:\/\/bodhi.name\/es\/articulos-en-seleccion\/"},{"@type":"ListItem","position":3,"name":"Las explicaciones y las comprensiones"}]},{"@type":"WebSite","@id":"https:\/\/bodhi.name\/ru\/#website","url":"https:\/\/bodhi.name\/ru\/","name":"Selecci\u00f3n de estados atractivos","description":"Psicolog\u00eda experimental","potentialAction":[{"@type":"SearchAction","target":{"@type":"EntryPoint","urlTemplate":"https:\/\/bodhi.name\/ru\/?s={search_term_string}"},"query-input":{"@type":"PropertyValueSpecification","valueRequired":true,"valueName":"search_term_string"}}],"inLanguage":"es"}]}},"_links":{"self":[{"href":"https:\/\/bodhi.name\/es\/wp-json\/wp\/v2\/pages\/7610","targetHints":{"allow":["GET"]}}],"collection":[{"href":"https:\/\/bodhi.name\/es\/wp-json\/wp\/v2\/pages"}],"about":[{"href":"https:\/\/bodhi.name\/es\/wp-json\/wp\/v2\/types\/page"}],"author":[{"embeddable":true,"href":"https:\/\/bodhi.name\/es\/wp-json\/wp\/v2\/users\/1"}],"replies":[{"embeddable":true,"href":"https:\/\/bodhi.name\/es\/wp-json\/wp\/v2\/comments?post=7610"}],"version-history":[{"count":1,"href":"https:\/\/bodhi.name\/es\/wp-json\/wp\/v2\/pages\/7610\/revisions"}],"predecessor-version":[{"id":7611,"href":"https:\/\/bodhi.name\/es\/wp-json\/wp\/v2\/pages\/7610\/revisions\/7611"}],"up":[{"embeddable":true,"href":"https:\/\/bodhi.name\/es\/wp-json\/wp\/v2\/pages\/7587"}],"wp:attachment":[{"href":"https:\/\/bodhi.name\/es\/wp-json\/wp\/v2\/media?parent=7610"}],"curies":[{"name":"wp","href":"https:\/\/api.w.org\/{rel}","templated":true}]}}