{"id":7604,"date":"2015-01-29T22:50:06","date_gmt":"2015-01-29T18:50:06","guid":{"rendered":"http:\/\/suri-catt.com\/?page_id=7604"},"modified":"2015-01-29T22:50:20","modified_gmt":"2015-01-29T18:50:20","slug":"el-entrenamiento-del-ceso-del-automatismo-de-la-rn-y-de-las-en","status":"publish","type":"page","link":"https:\/\/bodhi.name\/es\/articulos-en-seleccion\/el-entrenamiento-del-ceso-del-automatismo-de-la-rn-y-de-las-en\/","title":{"rendered":"El entrenamiento del ceso del automatismo de la RN y de las EN"},"content":{"rendered":"<p>Hay dos errores t\u00edpicos que suele cometer la gente comunic\u00e1ndose con una persona llena de las EN: al principio hablas con esta persona como si fuera posible que \u00e9sta quiere comprenderte, pero te olvidas de que ahora no hablas con un hombre sino con las percepciones que est\u00e1n manifestadas en este momento: con irritaci\u00f3n, l\u00e1stima a si mismo etc. \u00bfAcaso de verdad esperas encontrar la comprensi\u00f3n mutua con su irritaci\u00f3n? \u00bfO con la l\u00e1stima a si mismo? \u00bfC\u00f3mo es posible comprender mutuamente el odio? Esto es imposible, porque las EN son incompatibles con la claridad, con el deseo alegre de comprender algo.<\/p>\n<p>Luego, una vez tras otra chocando con su incomprensi\u00f3n, empiezas a tener la RN hacia esta persona y en seguida la claridad te abandona a ti tambi\u00e9n.<\/p>\n<p>Comunicando con la persona que tiene la EN es posible entrenarse eliminar la costumbre de la RN hacia las EN y tener las PI durante cualesquiera circunstancias. Si comunic\u00e1ndote con la gente que tiene las EN, le respondes con las EN y no las eliminas impecablemente, entonces \u00bfc\u00f3mo quieres conseguir las PI? De hecho estamos rodeados por la gente que experimenta las EN casi continuamente.<\/p>\n<p>Es eficaz encontrar a una persona que tiene las EN fuertes a menudo y comunicarse con \u00e9sta de vez en cuando. El objetivo-m\u00e1ximo es experimentar las PI durante estos contactos.<\/p>\n","protected":false},"excerpt":{"rendered":"<p>Hay dos errores t\u00edpicos que suele cometer la gente comunic\u00e1ndose con una persona llena de las EN: al principio hablas con esta persona como si fuera posible que \u00e9sta quiere comprenderte, pero te olvidas de que ahora no hablas con un hombre sino con las percepciones que est\u00e1n manifestadas en este momento: con irritaci\u00f3n, l\u00e1stima [&hellip;]<\/p>\n","protected":false},"author":1,"featured_media":0,"parent":7587,"menu_order":0,"comment_status":"open","ping_status":"closed","template":"","meta":{"_acf_changed":false,"footnotes":""},"class_list":["post-7604","page","type-page","status-publish","hentry"],"acf":[],"yoast_head":"<!-- This site is optimized with the Yoast SEO plugin v27.2 - https:\/\/yoast.com\/product\/yoast-seo-wordpress\/ -->\n<title>El entrenamiento del ceso del automatismo de la RN y de las EN - Selecci\u00f3n de estados atractivos<\/title>\n<meta name=\"robots\" content=\"index, follow, max-snippet:-1, max-image-preview:large, max-video-preview:-1\" \/>\n<link rel=\"canonical\" href=\"https:\/\/bodhi.name\/es\/articulos-en-seleccion\/el-entrenamiento-del-ceso-del-automatismo-de-la-rn-y-de-las-en\/\" \/>\n<meta property=\"og:locale\" content=\"es_ES\" \/>\n<meta property=\"og:type\" content=\"article\" \/>\n<meta property=\"og:title\" content=\"El entrenamiento del ceso del automatismo de la RN y de las EN - Selecci\u00f3n de estados atractivos\" \/>\n<meta property=\"og:description\" content=\"Hay dos errores t\u00edpicos que suele cometer la gente comunic\u00e1ndose con una persona llena de las EN: al principio hablas con esta persona como si fuera posible que \u00e9sta quiere comprenderte, pero te olvidas de que ahora no hablas con un hombre sino con las percepciones que est\u00e1n manifestadas en este momento: con irritaci\u00f3n, l\u00e1stima [&hellip;]\" \/>\n<meta property=\"og:url\" content=\"https:\/\/bodhi.name\/es\/articulos-en-seleccion\/el-entrenamiento-del-ceso-del-automatismo-de-la-rn-y-de-las-en\/\" \/>\n<meta property=\"og:site_name\" content=\"Selecci\u00f3n de estados atractivos\" \/>\n<meta property=\"article:modified_time\" content=\"2015-01-29T18:50:20+00:00\" \/>\n<meta name=\"twitter:card\" content=\"summary_large_image\" \/>\n<meta name=\"twitter:label1\" content=\"Tiempo de lectura\" \/>\n\t<meta name=\"twitter:data1\" content=\"1 minuto\" \/>\n<script type=\"application\/ld+json\" class=\"yoast-schema-graph\">{\"@context\":\"https:\/\/schema.org\",\"@graph\":[{\"@type\":\"WebPage\",\"@id\":\"https:\/\/bodhi.name\/es\/articulos-en-seleccion\/el-entrenamiento-del-ceso-del-automatismo-de-la-rn-y-de-las-en\/\",\"url\":\"https:\/\/bodhi.name\/es\/articulos-en-seleccion\/el-entrenamiento-del-ceso-del-automatismo-de-la-rn-y-de-las-en\/\",\"name\":\"El entrenamiento del ceso del automatismo de la RN y de las EN - Selecci\u00f3n de estados atractivos\",\"isPartOf\":{\"@id\":\"https:\/\/bodhi.name\/ru\/#website\"},\"datePublished\":\"2015-01-29T18:50:06+00:00\",\"dateModified\":\"2015-01-29T18:50:20+00:00\",\"breadcrumb\":{\"@id\":\"https:\/\/bodhi.name\/es\/articulos-en-seleccion\/el-entrenamiento-del-ceso-del-automatismo-de-la-rn-y-de-las-en\/#breadcrumb\"},\"inLanguage\":\"es\",\"potentialAction\":[{\"@type\":\"ReadAction\",\"target\":[\"https:\/\/bodhi.name\/es\/articulos-en-seleccion\/el-entrenamiento-del-ceso-del-automatismo-de-la-rn-y-de-las-en\/\"]}]},{\"@type\":\"BreadcrumbList\",\"@id\":\"https:\/\/bodhi.name\/es\/articulos-en-seleccion\/el-entrenamiento-del-ceso-del-automatismo-de-la-rn-y-de-las-en\/#breadcrumb\",\"itemListElement\":[{\"@type\":\"ListItem\",\"position\":1,\"name\":\"\u0413\u043b\u0430\u0432\u043d\u0430\u044f \u0441\u0442\u0440\u0430\u043d\u0438\u0446\u0430\",\"item\":\"https:\/\/bodhi.name\/es\/\"},{\"@type\":\"ListItem\",\"position\":2,\"name\":\"Articulos en Selecci\u00f3n\",\"item\":\"https:\/\/bodhi.name\/es\/articulos-en-seleccion\/\"},{\"@type\":\"ListItem\",\"position\":3,\"name\":\"El entrenamiento del ceso del automatismo de la RN y de las EN\"}]},{\"@type\":\"WebSite\",\"@id\":\"https:\/\/bodhi.name\/ru\/#website\",\"url\":\"https:\/\/bodhi.name\/ru\/\",\"name\":\"Selecci\u00f3n de estados atractivos\",\"description\":\"Psicolog\u00eda experimental\",\"potentialAction\":[{\"@type\":\"SearchAction\",\"target\":{\"@type\":\"EntryPoint\",\"urlTemplate\":\"https:\/\/bodhi.name\/ru\/?s={search_term_string}\"},\"query-input\":{\"@type\":\"PropertyValueSpecification\",\"valueRequired\":true,\"valueName\":\"search_term_string\"}}],\"inLanguage\":\"es\"}]}<\/script>\n<!-- \/ Yoast SEO plugin. -->","yoast_head_json":{"title":"El entrenamiento del ceso del automatismo de la RN y de las EN - Selecci\u00f3n de estados atractivos","robots":{"index":"index","follow":"follow","max-snippet":"max-snippet:-1","max-image-preview":"max-image-preview:large","max-video-preview":"max-video-preview:-1"},"canonical":"https:\/\/bodhi.name\/es\/articulos-en-seleccion\/el-entrenamiento-del-ceso-del-automatismo-de-la-rn-y-de-las-en\/","og_locale":"es_ES","og_type":"article","og_title":"El entrenamiento del ceso del automatismo de la RN y de las EN - Selecci\u00f3n de estados atractivos","og_description":"Hay dos errores t\u00edpicos que suele cometer la gente comunic\u00e1ndose con una persona llena de las EN: al principio hablas con esta persona como si fuera posible que \u00e9sta quiere comprenderte, pero te olvidas de que ahora no hablas con un hombre sino con las percepciones que est\u00e1n manifestadas en este momento: con irritaci\u00f3n, l\u00e1stima [&hellip;]","og_url":"https:\/\/bodhi.name\/es\/articulos-en-seleccion\/el-entrenamiento-del-ceso-del-automatismo-de-la-rn-y-de-las-en\/","og_site_name":"Selecci\u00f3n de estados atractivos","article_modified_time":"2015-01-29T18:50:20+00:00","twitter_card":"summary_large_image","twitter_misc":{"Tiempo de lectura":"1 minuto"},"schema":{"@context":"https:\/\/schema.org","@graph":[{"@type":"WebPage","@id":"https:\/\/bodhi.name\/es\/articulos-en-seleccion\/el-entrenamiento-del-ceso-del-automatismo-de-la-rn-y-de-las-en\/","url":"https:\/\/bodhi.name\/es\/articulos-en-seleccion\/el-entrenamiento-del-ceso-del-automatismo-de-la-rn-y-de-las-en\/","name":"El entrenamiento del ceso del automatismo de la RN y de las EN - Selecci\u00f3n de estados atractivos","isPartOf":{"@id":"https:\/\/bodhi.name\/ru\/#website"},"datePublished":"2015-01-29T18:50:06+00:00","dateModified":"2015-01-29T18:50:20+00:00","breadcrumb":{"@id":"https:\/\/bodhi.name\/es\/articulos-en-seleccion\/el-entrenamiento-del-ceso-del-automatismo-de-la-rn-y-de-las-en\/#breadcrumb"},"inLanguage":"es","potentialAction":[{"@type":"ReadAction","target":["https:\/\/bodhi.name\/es\/articulos-en-seleccion\/el-entrenamiento-del-ceso-del-automatismo-de-la-rn-y-de-las-en\/"]}]},{"@type":"BreadcrumbList","@id":"https:\/\/bodhi.name\/es\/articulos-en-seleccion\/el-entrenamiento-del-ceso-del-automatismo-de-la-rn-y-de-las-en\/#breadcrumb","itemListElement":[{"@type":"ListItem","position":1,"name":"\u0413\u043b\u0430\u0432\u043d\u0430\u044f \u0441\u0442\u0440\u0430\u043d\u0438\u0446\u0430","item":"https:\/\/bodhi.name\/es\/"},{"@type":"ListItem","position":2,"name":"Articulos en Selecci\u00f3n","item":"https:\/\/bodhi.name\/es\/articulos-en-seleccion\/"},{"@type":"ListItem","position":3,"name":"El entrenamiento del ceso del automatismo de la RN y de las EN"}]},{"@type":"WebSite","@id":"https:\/\/bodhi.name\/ru\/#website","url":"https:\/\/bodhi.name\/ru\/","name":"Selecci\u00f3n de estados atractivos","description":"Psicolog\u00eda experimental","potentialAction":[{"@type":"SearchAction","target":{"@type":"EntryPoint","urlTemplate":"https:\/\/bodhi.name\/ru\/?s={search_term_string}"},"query-input":{"@type":"PropertyValueSpecification","valueRequired":true,"valueName":"search_term_string"}}],"inLanguage":"es"}]}},"_links":{"self":[{"href":"https:\/\/bodhi.name\/es\/wp-json\/wp\/v2\/pages\/7604","targetHints":{"allow":["GET"]}}],"collection":[{"href":"https:\/\/bodhi.name\/es\/wp-json\/wp\/v2\/pages"}],"about":[{"href":"https:\/\/bodhi.name\/es\/wp-json\/wp\/v2\/types\/page"}],"author":[{"embeddable":true,"href":"https:\/\/bodhi.name\/es\/wp-json\/wp\/v2\/users\/1"}],"replies":[{"embeddable":true,"href":"https:\/\/bodhi.name\/es\/wp-json\/wp\/v2\/comments?post=7604"}],"version-history":[{"count":1,"href":"https:\/\/bodhi.name\/es\/wp-json\/wp\/v2\/pages\/7604\/revisions"}],"predecessor-version":[{"id":7605,"href":"https:\/\/bodhi.name\/es\/wp-json\/wp\/v2\/pages\/7604\/revisions\/7605"}],"up":[{"embeddable":true,"href":"https:\/\/bodhi.name\/es\/wp-json\/wp\/v2\/pages\/7587"}],"wp:attachment":[{"href":"https:\/\/bodhi.name\/es\/wp-json\/wp\/v2\/media?parent=7604"}],"curies":[{"name":"wp","href":"https:\/\/api.w.org\/{rel}","templated":true}]}}