{"id":7602,"date":"2015-01-29T22:48:47","date_gmt":"2015-01-29T18:48:47","guid":{"rendered":"http:\/\/suri-catt.com\/?page_id=7602"},"modified":"2015-01-29T22:48:47","modified_gmt":"2015-01-29T18:48:47","slug":"el-deseo-mecanico-de-iluminar","status":"publish","type":"page","link":"https:\/\/bodhi.name\/es\/articulos-en-seleccion\/el-deseo-mecanico-de-iluminar\/","title":{"rendered":"El deseo mec\u00e1nico de iluminar"},"content":{"rendered":"<p>Hay unas razonas del deseo mec\u00e1nico de iluminar a todos que te rodean. Es el miedo de la soledad, que abarca a la persona, cuando comienza a ver lo muerto que es la gente que la rodea. Tambi\u00e9n es el SImP y el deseo sincero pero transformado por las ilusiones, siego por la ignorancia y la ausencia de la experiencia en la pr\u00e1ctica de compartir la claridad y las PI.<\/p>\n<p>El s\u00edntoma de que una persona sufre de esta variedad de terrosidades son sus relatos sobre que \u00e9l hablaba con alguien de la pr\u00e1ctica y que \u00e9ste lo \u00abha comprendido\u00bb \u00abse dio cuenta de muchas cosas\u00bb, \u00abha manifestado el inter\u00e9s sincero\u00bb. Especialmente esta enfermedad es grave para los que tienen la experiencia en las PI pero no han llevado a cabo el trabajo suficiente de la eliminaci\u00f3n de las ilusiones. Ellos quieren tanto compartir su alegr\u00eda que se hacen completamente torpes e insinceros. M\u00e1s a menudo esto se demuestra en las conversaciones con los parientes y los amigos que indica a la concepci\u00f3n fuerte que los parientes es la gente seguramente pr\u00f3xima. Ellos quieren nadar entre dos aguas: tener asuntos con la gente que aspiran a las PI pero al mismo tiempo guardar la amistad con los viejos amigos a las que tienen afici\u00f3n (es decir el conjunto de las EN y EP), y \u00abencuentran\u00bb el compromiso, comienzan a \u00abiluminar\u00bb a los parientes y amigos independientemente de lo que si realmente les interesa o no. Ellos prefieren simplemente creer en que este inter\u00e9s existes, descartando todo lo que contradice a \u00e9sta ilusi\u00f3n.<\/p>\n<p>Ve\u00eda los ejemplos, cuando una practicante habl\u00f3 decenas de veces con el marido, con la madre, y despu\u00e9s de cada esta conversaci\u00f3n comunicaba alegremente que \u00bb esta vez \u00e9l ha comprendido\u00bb, \u00aben sus ojos he notado la claridad\u00bb, \u00ab\u00e9l se ha dado cuenta, y esto era tan alegre\u00bbetc. Pero no le molestaba que despu\u00e9s de aseguraciones en la comprensi\u00f3n este pariente manifestara con su conducta la misma torpeza y la ausencia de comprensi\u00f3n, la ausencia de deseo de investigar, aplicar los esfuerzos al cambio. Una vez tras otra ella continuaba iluminar a los parientes, aceptando sus reacciones motivadas por la cortes\u00eda, por el aburrimiento, el deseo de probar la satisfacci\u00f3n, tener la familia buena y etc., por el deseo sincero de comprender.<\/p>\n<p>Hay unas historias absolutamente absurdas. Por ejemplo, la muchacha se encuentra con el marido, ellos fuman juntos la marihuana, despu\u00e9s de esto ella comunica que \u00e9l por fin se ha dado cuenta de que no vale la pena fumar la marihuana y que ella no fuma la marihuana, y hasta no le apetece nada. Otro ejemplo: la muchacha en una fiesta mundada comunica con una se\u00f1ora sobre el teatro, el tiempo, la m\u00fasica, los caracteres, y esto le parece poco m\u00e1s \u00abvivo\u00bb, que las conversaciones de la gente restante de la pol\u00edtica y el dinero, por eso ella trata inmediatamente de utilizar a esta se\u00f1ora en calidad de la pastilla contra la sensaci\u00f3n desagradable de esta compa\u00f1\u00eda, en la que se encontraba gracias a la piedad al marido que organiz\u00f3 todo esto, al deseo de la satisfacci\u00f3n. Ella entabla la conversaci\u00f3n de la pr\u00e1ctica y surge un milagro porque ve en los ojos de la se\u00f1ora un \u00abinter\u00e9s vivo\u00bb, \u00abla comprensi\u00f3n sincera\u00bb.No se le ocurre que para esta se\u00f1ora la conversaci\u00f3n de la pr\u00e1ctica es la misma rutina, igual que el resto. Ella no comprueba si de verdad tiene inter\u00e9s en el asunto si ella hace las preguntas, si medita, si comienza a hacer las tentativas de cambiar la percepci\u00f3n etc.<\/p>\n<p>Las consecuencias que de estas ilusiones del inter\u00e9s parasitario de otras personas pueden variarse de la desolaci\u00f3n por alg\u00fan tiempo hasta la ca\u00edda profunda en las EN.<\/p>\n<p>La indicaci\u00f3n a lo que hay razones de juzgar si tiene una persona la comprensi\u00f3n de algo aparece s\u00f3lo cuando esta persona comienza a PORTARSE en concordancia con esta comprensi\u00f3n, choca habitualmente con la reacci\u00f3n defensiva, las aseveraciones espasm\u00f3dicas y otra presi\u00f3n mental que tiene como objetivo hacer compartir su fe.<\/p>\n","protected":false},"excerpt":{"rendered":"<p>Hay unas razonas del deseo mec\u00e1nico de iluminar a todos que te rodean. Es el miedo de la soledad, que abarca a la persona, cuando comienza a ver lo muerto que es la gente que la rodea. Tambi\u00e9n es el SImP y el deseo sincero pero transformado por las ilusiones, siego por la ignorancia y [&hellip;]<\/p>\n","protected":false},"author":1,"featured_media":0,"parent":7587,"menu_order":0,"comment_status":"open","ping_status":"closed","template":"","meta":{"_acf_changed":false,"footnotes":""},"class_list":["post-7602","page","type-page","status-publish","hentry"],"acf":[],"yoast_head":"<!-- This site is optimized with the Yoast SEO plugin v27.4 - https:\/\/yoast.com\/product\/yoast-seo-wordpress\/ -->\n<title>El deseo mec\u00e1nico de iluminar - Selecci\u00f3n de estados atractivos<\/title>\n<meta name=\"robots\" content=\"index, follow, max-snippet:-1, max-image-preview:large, max-video-preview:-1\" \/>\n<link rel=\"canonical\" href=\"https:\/\/bodhi.name\/es\/articulos-en-seleccion\/el-deseo-mecanico-de-iluminar\/\" \/>\n<meta property=\"og:locale\" content=\"es_ES\" \/>\n<meta property=\"og:type\" content=\"article\" \/>\n<meta property=\"og:title\" content=\"El deseo mec\u00e1nico de iluminar - Selecci\u00f3n de estados atractivos\" \/>\n<meta property=\"og:description\" content=\"Hay unas razonas del deseo mec\u00e1nico de iluminar a todos que te rodean. Es el miedo de la soledad, que abarca a la persona, cuando comienza a ver lo muerto que es la gente que la rodea. Tambi\u00e9n es el SImP y el deseo sincero pero transformado por las ilusiones, siego por la ignorancia y [&hellip;]\" \/>\n<meta property=\"og:url\" content=\"https:\/\/bodhi.name\/es\/articulos-en-seleccion\/el-deseo-mecanico-de-iluminar\/\" \/>\n<meta property=\"og:site_name\" content=\"Selecci\u00f3n de estados atractivos\" \/>\n<meta name=\"twitter:card\" content=\"summary_large_image\" \/>\n<meta name=\"twitter:label1\" content=\"Tiempo de lectura\" \/>\n\t<meta name=\"twitter:data1\" content=\"4 minutos\" \/>\n<script type=\"application\/ld+json\" class=\"yoast-schema-graph\">{\"@context\":\"https:\\\/\\\/schema.org\",\"@graph\":[{\"@type\":\"WebPage\",\"@id\":\"https:\\\/\\\/bodhi.name\\\/es\\\/articulos-en-seleccion\\\/el-deseo-mecanico-de-iluminar\\\/\",\"url\":\"https:\\\/\\\/bodhi.name\\\/es\\\/articulos-en-seleccion\\\/el-deseo-mecanico-de-iluminar\\\/\",\"name\":\"El deseo mec\u00e1nico de iluminar - Selecci\u00f3n de estados atractivos\",\"isPartOf\":{\"@id\":\"https:\\\/\\\/bodhi.name\\\/ru\\\/#website\"},\"datePublished\":\"2015-01-29T18:48:47+00:00\",\"breadcrumb\":{\"@id\":\"https:\\\/\\\/bodhi.name\\\/es\\\/articulos-en-seleccion\\\/el-deseo-mecanico-de-iluminar\\\/#breadcrumb\"},\"inLanguage\":\"es\",\"potentialAction\":[{\"@type\":\"ReadAction\",\"target\":[\"https:\\\/\\\/bodhi.name\\\/es\\\/articulos-en-seleccion\\\/el-deseo-mecanico-de-iluminar\\\/\"]}]},{\"@type\":\"BreadcrumbList\",\"@id\":\"https:\\\/\\\/bodhi.name\\\/es\\\/articulos-en-seleccion\\\/el-deseo-mecanico-de-iluminar\\\/#breadcrumb\",\"itemListElement\":[{\"@type\":\"ListItem\",\"position\":1,\"name\":\"\u0413\u043b\u0430\u0432\u043d\u0430\u044f \u0441\u0442\u0440\u0430\u043d\u0438\u0446\u0430\",\"item\":\"https:\\\/\\\/bodhi.name\\\/es\\\/\"},{\"@type\":\"ListItem\",\"position\":2,\"name\":\"Articulos en Selecci\u00f3n\",\"item\":\"https:\\\/\\\/bodhi.name\\\/es\\\/articulos-en-seleccion\\\/\"},{\"@type\":\"ListItem\",\"position\":3,\"name\":\"El deseo mec\u00e1nico de iluminar\"}]},{\"@type\":\"WebSite\",\"@id\":\"https:\\\/\\\/bodhi.name\\\/ru\\\/#website\",\"url\":\"https:\\\/\\\/bodhi.name\\\/ru\\\/\",\"name\":\"Selecci\u00f3n de estados atractivos\",\"description\":\"Psicolog\u00eda experimental\",\"potentialAction\":[{\"@type\":\"SearchAction\",\"target\":{\"@type\":\"EntryPoint\",\"urlTemplate\":\"https:\\\/\\\/bodhi.name\\\/ru\\\/?s={search_term_string}\"},\"query-input\":{\"@type\":\"PropertyValueSpecification\",\"valueRequired\":true,\"valueName\":\"search_term_string\"}}],\"inLanguage\":\"es\"}]}<\/script>\n<!-- \/ Yoast SEO plugin. -->","yoast_head_json":{"title":"El deseo mec\u00e1nico de iluminar - Selecci\u00f3n de estados atractivos","robots":{"index":"index","follow":"follow","max-snippet":"max-snippet:-1","max-image-preview":"max-image-preview:large","max-video-preview":"max-video-preview:-1"},"canonical":"https:\/\/bodhi.name\/es\/articulos-en-seleccion\/el-deseo-mecanico-de-iluminar\/","og_locale":"es_ES","og_type":"article","og_title":"El deseo mec\u00e1nico de iluminar - Selecci\u00f3n de estados atractivos","og_description":"Hay unas razonas del deseo mec\u00e1nico de iluminar a todos que te rodean. Es el miedo de la soledad, que abarca a la persona, cuando comienza a ver lo muerto que es la gente que la rodea. Tambi\u00e9n es el SImP y el deseo sincero pero transformado por las ilusiones, siego por la ignorancia y [&hellip;]","og_url":"https:\/\/bodhi.name\/es\/articulos-en-seleccion\/el-deseo-mecanico-de-iluminar\/","og_site_name":"Selecci\u00f3n de estados atractivos","twitter_card":"summary_large_image","twitter_misc":{"Tiempo de lectura":"4 minutos"},"schema":{"@context":"https:\/\/schema.org","@graph":[{"@type":"WebPage","@id":"https:\/\/bodhi.name\/es\/articulos-en-seleccion\/el-deseo-mecanico-de-iluminar\/","url":"https:\/\/bodhi.name\/es\/articulos-en-seleccion\/el-deseo-mecanico-de-iluminar\/","name":"El deseo mec\u00e1nico de iluminar - Selecci\u00f3n de estados atractivos","isPartOf":{"@id":"https:\/\/bodhi.name\/ru\/#website"},"datePublished":"2015-01-29T18:48:47+00:00","breadcrumb":{"@id":"https:\/\/bodhi.name\/es\/articulos-en-seleccion\/el-deseo-mecanico-de-iluminar\/#breadcrumb"},"inLanguage":"es","potentialAction":[{"@type":"ReadAction","target":["https:\/\/bodhi.name\/es\/articulos-en-seleccion\/el-deseo-mecanico-de-iluminar\/"]}]},{"@type":"BreadcrumbList","@id":"https:\/\/bodhi.name\/es\/articulos-en-seleccion\/el-deseo-mecanico-de-iluminar\/#breadcrumb","itemListElement":[{"@type":"ListItem","position":1,"name":"\u0413\u043b\u0430\u0432\u043d\u0430\u044f \u0441\u0442\u0440\u0430\u043d\u0438\u0446\u0430","item":"https:\/\/bodhi.name\/es\/"},{"@type":"ListItem","position":2,"name":"Articulos en Selecci\u00f3n","item":"https:\/\/bodhi.name\/es\/articulos-en-seleccion\/"},{"@type":"ListItem","position":3,"name":"El deseo mec\u00e1nico de iluminar"}]},{"@type":"WebSite","@id":"https:\/\/bodhi.name\/ru\/#website","url":"https:\/\/bodhi.name\/ru\/","name":"Selecci\u00f3n de estados atractivos","description":"Psicolog\u00eda experimental","potentialAction":[{"@type":"SearchAction","target":{"@type":"EntryPoint","urlTemplate":"https:\/\/bodhi.name\/ru\/?s={search_term_string}"},"query-input":{"@type":"PropertyValueSpecification","valueRequired":true,"valueName":"search_term_string"}}],"inLanguage":"es"}]}},"_links":{"self":[{"href":"https:\/\/bodhi.name\/es\/wp-json\/wp\/v2\/pages\/7602","targetHints":{"allow":["GET"]}}],"collection":[{"href":"https:\/\/bodhi.name\/es\/wp-json\/wp\/v2\/pages"}],"about":[{"href":"https:\/\/bodhi.name\/es\/wp-json\/wp\/v2\/types\/page"}],"author":[{"embeddable":true,"href":"https:\/\/bodhi.name\/es\/wp-json\/wp\/v2\/users\/1"}],"replies":[{"embeddable":true,"href":"https:\/\/bodhi.name\/es\/wp-json\/wp\/v2\/comments?post=7602"}],"version-history":[{"count":1,"href":"https:\/\/bodhi.name\/es\/wp-json\/wp\/v2\/pages\/7602\/revisions"}],"predecessor-version":[{"id":7603,"href":"https:\/\/bodhi.name\/es\/wp-json\/wp\/v2\/pages\/7602\/revisions\/7603"}],"up":[{"embeddable":true,"href":"https:\/\/bodhi.name\/es\/wp-json\/wp\/v2\/pages\/7587"}],"wp:attachment":[{"href":"https:\/\/bodhi.name\/es\/wp-json\/wp\/v2\/media?parent=7602"}],"curies":[{"name":"wp","href":"https:\/\/api.w.org\/{rel}","templated":true}]}}