{"id":7600,"date":"2015-01-29T22:47:39","date_gmt":"2015-01-29T18:47:39","guid":{"rendered":"http:\/\/suri-catt.com\/?page_id=7600"},"modified":"2015-01-29T22:47:39","modified_gmt":"2015-01-29T18:47:39","slug":"el-miedo-de-llegar-tarde","status":"publish","type":"page","link":"https:\/\/bodhi.name\/es\/articulos-en-seleccion\/el-miedo-de-llegar-tarde\/","title":{"rendered":"El miedo de llegar tarde"},"content":{"rendered":"<p>\u00abEl Miedo de llegar tarde\u00bb se demuestra as\u00ed: te ocupas de la eliminaci\u00f3n de las EN o desmontas las concepciones, y ves que otros que practican discuten la manifestaci\u00f3n de las PI, los aspectos de la pr\u00e1ctica en los sue\u00f1os reconocidos, etc., y aparece un miedo espasm\u00f3dico de tardar, el miedo de caerse del chorro com\u00fan, ser el que atrasa, poco interesante para los dem\u00e1s.<\/p>\n<p>Si alguien ya puede experimentar las PI y t\u00fa est\u00e1s obligada a ocuparte de la eliminaci\u00f3n de las EN y la diseminaci\u00f3n de las concepciones, esto no significa que uno est\u00e1 detr\u00e1s, y el otro delante. Incluso el que tiene la experiencia de las PI ext\u00e1ticas volver\u00e1 m\u00e1s de una vez para \u00abatr\u00e1s\u00bb para limpiar las tenebrosidades no eliminadas. La etapa cuando el regreso a las tenebrosidades es imposible ya, ser\u00e1 atravesada solamente cuando el que practica pasar\u00e1 en el estado de la percepci\u00f3n permanente de las PI.<\/p>\n<p>La inquietud acerca del atraso s\u00f3lo retira la atenci\u00f3n de los problemas interesantes, estorba a la manifestaci\u00f3n de las PI. Cuando se demuestran las PI, el tiempo se extiende mucho. En una semana puedes sobrevivir tanto, cuanto antes sobreviviste durante un a\u00f1o, y entonces para ti se hace aun m\u00e1s claro que ni tiene sentido hablar del atraso.<\/p>\n<p>Si te ocupas de algo muy interesante, no hay inquietud del atraso. Cualquier cosa que hagas si esto es la realizaci\u00f3n del deseo alegre y se acompa\u00f1a por propensi\u00f3n, anticipaci\u00f3n, inter\u00e9s, te vas a sentirte constantemente que avanzas impetuosamente cuanto m\u00e1s intensiva sea tu pr\u00e1ctica, tanto m\u00e1s intensivo sea este sentimiento.<\/p>\n<p>Si el miedo del retraso surge cuando est\u00e1s sumergido en las EN y en las acciones mec\u00e1nicas, en este caso es la manifestaci\u00f3n de la aspiraci\u00f3n a las PI. Este miedo se difiere esencialmente de la inquietud mec\u00e1nica, ya que es activo, no aplasta, y despierta, provoca los deseos de liberarse de las tenebrosidades.<\/p>\n","protected":false},"excerpt":{"rendered":"<p>\u00abEl Miedo de llegar tarde\u00bb se demuestra as\u00ed: te ocupas de la eliminaci\u00f3n de las EN o desmontas las concepciones, y ves que otros que practican discuten la manifestaci\u00f3n de las PI, los aspectos de la pr\u00e1ctica en los sue\u00f1os reconocidos, etc., y aparece un miedo espasm\u00f3dico de tardar, el miedo de caerse del chorro [&hellip;]<\/p>\n","protected":false},"author":1,"featured_media":0,"parent":7587,"menu_order":0,"comment_status":"open","ping_status":"closed","template":"","meta":{"_acf_changed":false,"footnotes":""},"class_list":["post-7600","page","type-page","status-publish","hentry"],"acf":[],"yoast_head":"<!-- This site is optimized with the Yoast SEO plugin v27.4 - https:\/\/yoast.com\/product\/yoast-seo-wordpress\/ -->\n<title>El miedo de llegar tarde - Selecci\u00f3n de estados atractivos<\/title>\n<meta name=\"robots\" content=\"index, follow, max-snippet:-1, max-image-preview:large, max-video-preview:-1\" \/>\n<link rel=\"canonical\" href=\"https:\/\/bodhi.name\/es\/articulos-en-seleccion\/el-miedo-de-llegar-tarde\/\" \/>\n<meta property=\"og:locale\" content=\"es_ES\" \/>\n<meta property=\"og:type\" content=\"article\" \/>\n<meta property=\"og:title\" content=\"El miedo de llegar tarde - Selecci\u00f3n de estados atractivos\" \/>\n<meta property=\"og:description\" content=\"\u00abEl Miedo de llegar tarde\u00bb se demuestra as\u00ed: te ocupas de la eliminaci\u00f3n de las EN o desmontas las concepciones, y ves que otros que practican discuten la manifestaci\u00f3n de las PI, los aspectos de la pr\u00e1ctica en los sue\u00f1os reconocidos, etc., y aparece un miedo espasm\u00f3dico de tardar, el miedo de caerse del chorro [&hellip;]\" \/>\n<meta property=\"og:url\" content=\"https:\/\/bodhi.name\/es\/articulos-en-seleccion\/el-miedo-de-llegar-tarde\/\" \/>\n<meta property=\"og:site_name\" content=\"Selecci\u00f3n de estados atractivos\" \/>\n<meta name=\"twitter:card\" content=\"summary_large_image\" \/>\n<meta name=\"twitter:label1\" content=\"Tiempo de lectura\" \/>\n\t<meta name=\"twitter:data1\" content=\"2 minutos\" \/>\n<script type=\"application\/ld+json\" class=\"yoast-schema-graph\">{\"@context\":\"https:\\\/\\\/schema.org\",\"@graph\":[{\"@type\":\"WebPage\",\"@id\":\"https:\\\/\\\/bodhi.name\\\/es\\\/articulos-en-seleccion\\\/el-miedo-de-llegar-tarde\\\/\",\"url\":\"https:\\\/\\\/bodhi.name\\\/es\\\/articulos-en-seleccion\\\/el-miedo-de-llegar-tarde\\\/\",\"name\":\"El miedo de llegar tarde - Selecci\u00f3n de estados atractivos\",\"isPartOf\":{\"@id\":\"https:\\\/\\\/bodhi.name\\\/ru\\\/#website\"},\"datePublished\":\"2015-01-29T18:47:39+00:00\",\"breadcrumb\":{\"@id\":\"https:\\\/\\\/bodhi.name\\\/es\\\/articulos-en-seleccion\\\/el-miedo-de-llegar-tarde\\\/#breadcrumb\"},\"inLanguage\":\"es\",\"potentialAction\":[{\"@type\":\"ReadAction\",\"target\":[\"https:\\\/\\\/bodhi.name\\\/es\\\/articulos-en-seleccion\\\/el-miedo-de-llegar-tarde\\\/\"]}]},{\"@type\":\"BreadcrumbList\",\"@id\":\"https:\\\/\\\/bodhi.name\\\/es\\\/articulos-en-seleccion\\\/el-miedo-de-llegar-tarde\\\/#breadcrumb\",\"itemListElement\":[{\"@type\":\"ListItem\",\"position\":1,\"name\":\"\u0413\u043b\u0430\u0432\u043d\u0430\u044f \u0441\u0442\u0440\u0430\u043d\u0438\u0446\u0430\",\"item\":\"https:\\\/\\\/bodhi.name\\\/es\\\/\"},{\"@type\":\"ListItem\",\"position\":2,\"name\":\"Articulos en Selecci\u00f3n\",\"item\":\"https:\\\/\\\/bodhi.name\\\/es\\\/articulos-en-seleccion\\\/\"},{\"@type\":\"ListItem\",\"position\":3,\"name\":\"El miedo de llegar tarde\"}]},{\"@type\":\"WebSite\",\"@id\":\"https:\\\/\\\/bodhi.name\\\/ru\\\/#website\",\"url\":\"https:\\\/\\\/bodhi.name\\\/ru\\\/\",\"name\":\"Selecci\u00f3n de estados atractivos\",\"description\":\"Psicolog\u00eda experimental\",\"potentialAction\":[{\"@type\":\"SearchAction\",\"target\":{\"@type\":\"EntryPoint\",\"urlTemplate\":\"https:\\\/\\\/bodhi.name\\\/ru\\\/?s={search_term_string}\"},\"query-input\":{\"@type\":\"PropertyValueSpecification\",\"valueRequired\":true,\"valueName\":\"search_term_string\"}}],\"inLanguage\":\"es\"}]}<\/script>\n<!-- \/ Yoast SEO plugin. -->","yoast_head_json":{"title":"El miedo de llegar tarde - Selecci\u00f3n de estados atractivos","robots":{"index":"index","follow":"follow","max-snippet":"max-snippet:-1","max-image-preview":"max-image-preview:large","max-video-preview":"max-video-preview:-1"},"canonical":"https:\/\/bodhi.name\/es\/articulos-en-seleccion\/el-miedo-de-llegar-tarde\/","og_locale":"es_ES","og_type":"article","og_title":"El miedo de llegar tarde - Selecci\u00f3n de estados atractivos","og_description":"\u00abEl Miedo de llegar tarde\u00bb se demuestra as\u00ed: te ocupas de la eliminaci\u00f3n de las EN o desmontas las concepciones, y ves que otros que practican discuten la manifestaci\u00f3n de las PI, los aspectos de la pr\u00e1ctica en los sue\u00f1os reconocidos, etc., y aparece un miedo espasm\u00f3dico de tardar, el miedo de caerse del chorro [&hellip;]","og_url":"https:\/\/bodhi.name\/es\/articulos-en-seleccion\/el-miedo-de-llegar-tarde\/","og_site_name":"Selecci\u00f3n de estados atractivos","twitter_card":"summary_large_image","twitter_misc":{"Tiempo de lectura":"2 minutos"},"schema":{"@context":"https:\/\/schema.org","@graph":[{"@type":"WebPage","@id":"https:\/\/bodhi.name\/es\/articulos-en-seleccion\/el-miedo-de-llegar-tarde\/","url":"https:\/\/bodhi.name\/es\/articulos-en-seleccion\/el-miedo-de-llegar-tarde\/","name":"El miedo de llegar tarde - Selecci\u00f3n de estados atractivos","isPartOf":{"@id":"https:\/\/bodhi.name\/ru\/#website"},"datePublished":"2015-01-29T18:47:39+00:00","breadcrumb":{"@id":"https:\/\/bodhi.name\/es\/articulos-en-seleccion\/el-miedo-de-llegar-tarde\/#breadcrumb"},"inLanguage":"es","potentialAction":[{"@type":"ReadAction","target":["https:\/\/bodhi.name\/es\/articulos-en-seleccion\/el-miedo-de-llegar-tarde\/"]}]},{"@type":"BreadcrumbList","@id":"https:\/\/bodhi.name\/es\/articulos-en-seleccion\/el-miedo-de-llegar-tarde\/#breadcrumb","itemListElement":[{"@type":"ListItem","position":1,"name":"\u0413\u043b\u0430\u0432\u043d\u0430\u044f \u0441\u0442\u0440\u0430\u043d\u0438\u0446\u0430","item":"https:\/\/bodhi.name\/es\/"},{"@type":"ListItem","position":2,"name":"Articulos en Selecci\u00f3n","item":"https:\/\/bodhi.name\/es\/articulos-en-seleccion\/"},{"@type":"ListItem","position":3,"name":"El miedo de llegar tarde"}]},{"@type":"WebSite","@id":"https:\/\/bodhi.name\/ru\/#website","url":"https:\/\/bodhi.name\/ru\/","name":"Selecci\u00f3n de estados atractivos","description":"Psicolog\u00eda experimental","potentialAction":[{"@type":"SearchAction","target":{"@type":"EntryPoint","urlTemplate":"https:\/\/bodhi.name\/ru\/?s={search_term_string}"},"query-input":{"@type":"PropertyValueSpecification","valueRequired":true,"valueName":"search_term_string"}}],"inLanguage":"es"}]}},"_links":{"self":[{"href":"https:\/\/bodhi.name\/es\/wp-json\/wp\/v2\/pages\/7600","targetHints":{"allow":["GET"]}}],"collection":[{"href":"https:\/\/bodhi.name\/es\/wp-json\/wp\/v2\/pages"}],"about":[{"href":"https:\/\/bodhi.name\/es\/wp-json\/wp\/v2\/types\/page"}],"author":[{"embeddable":true,"href":"https:\/\/bodhi.name\/es\/wp-json\/wp\/v2\/users\/1"}],"replies":[{"embeddable":true,"href":"https:\/\/bodhi.name\/es\/wp-json\/wp\/v2\/comments?post=7600"}],"version-history":[{"count":1,"href":"https:\/\/bodhi.name\/es\/wp-json\/wp\/v2\/pages\/7600\/revisions"}],"predecessor-version":[{"id":7601,"href":"https:\/\/bodhi.name\/es\/wp-json\/wp\/v2\/pages\/7600\/revisions\/7601"}],"up":[{"embeddable":true,"href":"https:\/\/bodhi.name\/es\/wp-json\/wp\/v2\/pages\/7587"}],"wp:attachment":[{"href":"https:\/\/bodhi.name\/es\/wp-json\/wp\/v2\/media?parent=7600"}],"curies":[{"name":"wp","href":"https:\/\/api.w.org\/{rel}","templated":true}]}}