{"id":7598,"date":"2015-01-29T22:46:18","date_gmt":"2015-01-29T18:46:18","guid":{"rendered":"http:\/\/suri-catt.com\/?page_id=7598"},"modified":"2015-01-29T22:46:18","modified_gmt":"2015-01-29T18:46:18","slug":"la-auto-educacion-a-la-parada-al-borde-del-orgasmo","status":"publish","type":"page","link":"https:\/\/bodhi.name\/es\/articulos-en-seleccion\/la-auto-educacion-a-la-parada-al-borde-del-orgasmo\/","title":{"rendered":"La Auto educaci\u00f3n a la parada al borde del orgasmo"},"content":{"rendered":"<p>La b\u00fasqueda de la resoluci\u00f3n \u00f3ptima de la tarea de retener al chico del orgasmo exige los esfuerzos muy fuertes. Y los esfuerzos a\u00fan m\u00e1s graves son necesarios para realizar esta decisi\u00f3n.<\/p>\n<p>Miraremos el punto de vista puramente masculino: no cuento eficaz el m\u00e9todo de apretar la polla en la base en el momento, cuando el orgasmo comienza. En el primer lugar, da lo mismo porque como resultado las percepciones cambian casi igualmente que despu\u00e9s del orgasmo con la eaculaci\u00f3n. En el segundo lugar, esta intervenci\u00f3n mec\u00e1nica trae las sensaciones largas, desagradables e incluso dolorosas. En el tercer lugar, ya que no te has retenido, significa que no quer\u00eda fuertemente pararte mientras que el deseo de correrte fue bastante fuerte, especialmente en el momento, cuando el orgasmo se HA DESGARRADO, y la interrupci\u00f3n de la eaculaci\u00f3n debilita el placer sexual, y te quedas sin encontrar nada de nada porque te has corrido pero no has disfrutado el placer del orgasmo ni has recibido la experiencia del proceso de la eaculaci\u00f3n y as\u00ed no has hecho el paso a la eliminaci\u00f3n del deseo mec\u00e1nico de correrte. En el resultado se forma un hueco que se llena de muchas EN en el estado, cuando t\u00fa no est\u00e1s nada preparado (despu\u00e9s del orgasmo la posibilidad de apilar los esfuerzos est\u00e1 debilitada bruscamente), y en vez de hacer todo lo que puede hacer despu\u00e9s del orgasmo, dedicarte por completo al engendro de las PI empiezas a experimentar las EN. Todo lo negativo que se puede leer de as\u00ed llamad acto sexual interrumpido se refiere a esta forma de la interrupci\u00f3n y sus modificaciones diferentes.<\/p>\n<p>La tarea consiste en no llevar hasta el orgasmo, en vez de tratar de influir mec\u00e1nicamente en la polla y frenar el lanzamiento de la esperma. Lo siguiente se refiere tanto a los chicos como a las chicas. Si simplemente introducir la polla en el co\u00f1o y no moverse, esto probablemente permitir\u00e1 tambi\u00e9n no correrse pero los deseos sexuales no son limitados con esta forma del sexo, as\u00ed que aparecer\u00e1 inevitablemente un deseo de encontrar el pretexto para moverse y satisfacer los deseos sexuales sin correrse.<\/p>\n<p>Para empezar ofrezco el an\u00e1logo del trabajo sobre la maqueta de entrenamiento o sea la masturbaci\u00f3n. Adem\u00e1s es conveniente porque el deseo de masturbarse surge a menudo en la persona que no aplasta las fantas\u00edas sexuales. Te masturbas hasta que no sientas que te acercas al borde del orgasmo y en este momento te paras. Admitimos que has podido cumplir 10 movimientos. Haces la interrupci\u00f3n para 5 segundos, y haces 10 movimientos m\u00e1s. Descansas m\u00e1s y sigues con 10 m\u00e1s. Admitimos que has hecho 10 series por 10 movimientos y no te has corrido. Esto significa que es posible aumentar la cantidad de los movimientos para cada serie y\/o hay que reducir la interrupci\u00f3n entre series.<\/p>\n<p>Puede ser que tardar\u00e1s una semana o un mes para alcanzar el progreso. Despu\u00e9s de esto o paralelamente con esto pasas al sexo real. Es muy deseable que tu muchacho sepa de tu pr\u00e1ctica y te ayudaba en esto, parando despu\u00e9s de tu orden \u00abalto\u00bb. Haces una serie diremos, para el comienzo por 10 movimientos y la interrupci\u00f3n. 10 m\u00e1s &#8211; una interrupci\u00f3n m\u00e1s. Cada uno escoge su frecuencia y la cantidad de las repeticiones. La tarea de tu pareja consiste en incluirse en el proceso, cuando te mueves, quedar inm\u00f3vil instantemente y por completo, cuando te paras. Esto te permitir\u00e1 estar segura de que cuando te paras, todos los movimientos cesan. Para muchas chicas este entrenamiento parecer\u00e1 absurdo, ya que muchas no pueden experimentar el orgasmo, practicando el sexo, o para conseguirlo tienen que esforzarse mucho. Pero si eliminas las EN y las concepciones, realizas libremente las fantas\u00edas sexuales y no te corres durante uno-dos mes, entonces la sexualidad comienza a desarrollarse bruscamente, y el problema de resistirse del orgasmo r\u00e1pido se hace tan actual como para los chicos.<\/p>\n<p>A la medida de la ejecuci\u00f3n de esta pr\u00e1ctica comenzar\u00e1s sentir m\u00e1s claro el estado en el borde del orgasmo, estar\u00e1s m\u00e1s segura en las acciones. Comprendo que la descripci\u00f3n parece muy t\u00e9cnica, pero en el discurso se trata de la t\u00e9cnica de superaci\u00f3n del automatismo de correrse. Este mecanismo mismo a mi ver ha crecido del deseo de la compensaci\u00f3n, quieres recuperar todo lo perdido por ti en la infancia y la juventud, de hecho las primeras fantas\u00edas er\u00f3ticas aparecen ya en 3 a\u00f1os y se declaran activamente en 5-6 a\u00f1os, pero hasta 14-20 a\u00f1os habitualmente no puedes hacer el amor por la violencia de los padres, y despu\u00e9s cuando la ley te lo permite ya, e incluso despu\u00e9s de 18, cuando conforme a la moral p\u00fablica es normal, de todos modos ya no eres capaz para nada porque est\u00e1s anudada por las manos y los pies por el conglomerado temible de miedos, NE, concepciones relacionadas con el sexo, de hecho estos mecanismos los que la sociedad te ha puesto en tu cabeza con el objetivo de impedirte practicar el sexo de los 3 a los 18 a\u00f1os, a distinci\u00f3n del programa de ordenador no tienen el mecanismo empotrado de desinstalaci\u00f3n y contin\u00faan influir durante toda la vida hasta que no comiences su eliminaci\u00f3n directa. As\u00ed, como no existe en nuestra cultura ninguna posibilidad de hacer el amor o por lo menos para realizar las fantas\u00edas er\u00f3ticas para los ni\u00f1os, hay un aplastamiento cruel de la sexualidad, y como resultado es lo que hay o sea la cantidad grandiosa de los deseos sexuales y er\u00f3ticos no realizados. De aqu\u00ed viene esta necesidad febril de correrse, por eso tienes que comenzar por los trucos t\u00e9cnicos, que te permiten superar el engranaje del mecanismo de la hypercompensaci\u00f3n.<\/p>\n<p>En lo que se refiere a los plazos. El logro del arte de permanecer tranquila y seguramente el borde del orgasmo puede tardar en un a\u00f1o o dos, pero vale la pena conseguirlo, de hecho no hay otras opciones porque ora tendr\u00e1s muchos orgasmos infinitos pero no avanzar\u00e1s en tu pr\u00e1ctica ora tendr\u00e1s una represi\u00f3n de los deseos sexuales y, conformemente, tampoco podr\u00e1s practicar bien.<\/p>\n","protected":false},"excerpt":{"rendered":"<p>La b\u00fasqueda de la resoluci\u00f3n \u00f3ptima de la tarea de retener al chico del orgasmo exige los esfuerzos muy fuertes. Y los esfuerzos a\u00fan m\u00e1s graves son necesarios para realizar esta decisi\u00f3n. Miraremos el punto de vista puramente masculino: no cuento eficaz el m\u00e9todo de apretar la polla en la base en el momento, cuando [&hellip;]<\/p>\n","protected":false},"author":1,"featured_media":0,"parent":7587,"menu_order":0,"comment_status":"open","ping_status":"closed","template":"","meta":{"_acf_changed":false,"footnotes":""},"class_list":["post-7598","page","type-page","status-publish","hentry"],"acf":[],"yoast_head":"<!-- This site is optimized with the Yoast SEO plugin v27.2 - https:\/\/yoast.com\/product\/yoast-seo-wordpress\/ -->\n<title>La Auto educaci\u00f3n a la parada al borde del orgasmo - Selecci\u00f3n de estados atractivos<\/title>\n<meta name=\"robots\" content=\"index, follow, max-snippet:-1, max-image-preview:large, max-video-preview:-1\" \/>\n<link rel=\"canonical\" href=\"https:\/\/bodhi.name\/es\/articulos-en-seleccion\/la-auto-educacion-a-la-parada-al-borde-del-orgasmo\/\" \/>\n<meta property=\"og:locale\" content=\"es_ES\" \/>\n<meta property=\"og:type\" content=\"article\" \/>\n<meta property=\"og:title\" content=\"La Auto educaci\u00f3n a la parada al borde del orgasmo - Selecci\u00f3n de estados atractivos\" \/>\n<meta property=\"og:description\" content=\"La b\u00fasqueda de la resoluci\u00f3n \u00f3ptima de la tarea de retener al chico del orgasmo exige los esfuerzos muy fuertes. Y los esfuerzos a\u00fan m\u00e1s graves son necesarios para realizar esta decisi\u00f3n. Miraremos el punto de vista puramente masculino: no cuento eficaz el m\u00e9todo de apretar la polla en la base en el momento, cuando [&hellip;]\" \/>\n<meta property=\"og:url\" content=\"https:\/\/bodhi.name\/es\/articulos-en-seleccion\/la-auto-educacion-a-la-parada-al-borde-del-orgasmo\/\" \/>\n<meta property=\"og:site_name\" content=\"Selecci\u00f3n de estados atractivos\" \/>\n<meta name=\"twitter:card\" content=\"summary_large_image\" \/>\n<meta name=\"twitter:label1\" content=\"Tiempo de lectura\" \/>\n\t<meta name=\"twitter:data1\" content=\"5 minutos\" \/>\n<script type=\"application\/ld+json\" class=\"yoast-schema-graph\">{\"@context\":\"https:\/\/schema.org\",\"@graph\":[{\"@type\":\"WebPage\",\"@id\":\"https:\/\/bodhi.name\/es\/articulos-en-seleccion\/la-auto-educacion-a-la-parada-al-borde-del-orgasmo\/\",\"url\":\"https:\/\/bodhi.name\/es\/articulos-en-seleccion\/la-auto-educacion-a-la-parada-al-borde-del-orgasmo\/\",\"name\":\"La Auto educaci\u00f3n a la parada al borde del orgasmo - Selecci\u00f3n de estados atractivos\",\"isPartOf\":{\"@id\":\"https:\/\/bodhi.name\/ru\/#website\"},\"datePublished\":\"2015-01-29T18:46:18+00:00\",\"breadcrumb\":{\"@id\":\"https:\/\/bodhi.name\/es\/articulos-en-seleccion\/la-auto-educacion-a-la-parada-al-borde-del-orgasmo\/#breadcrumb\"},\"inLanguage\":\"es\",\"potentialAction\":[{\"@type\":\"ReadAction\",\"target\":[\"https:\/\/bodhi.name\/es\/articulos-en-seleccion\/la-auto-educacion-a-la-parada-al-borde-del-orgasmo\/\"]}]},{\"@type\":\"BreadcrumbList\",\"@id\":\"https:\/\/bodhi.name\/es\/articulos-en-seleccion\/la-auto-educacion-a-la-parada-al-borde-del-orgasmo\/#breadcrumb\",\"itemListElement\":[{\"@type\":\"ListItem\",\"position\":1,\"name\":\"\u0413\u043b\u0430\u0432\u043d\u0430\u044f \u0441\u0442\u0440\u0430\u043d\u0438\u0446\u0430\",\"item\":\"https:\/\/bodhi.name\/es\/\"},{\"@type\":\"ListItem\",\"position\":2,\"name\":\"Articulos en Selecci\u00f3n\",\"item\":\"https:\/\/bodhi.name\/es\/articulos-en-seleccion\/\"},{\"@type\":\"ListItem\",\"position\":3,\"name\":\"La Auto educaci\u00f3n a la parada al borde del orgasmo\"}]},{\"@type\":\"WebSite\",\"@id\":\"https:\/\/bodhi.name\/ru\/#website\",\"url\":\"https:\/\/bodhi.name\/ru\/\",\"name\":\"Selecci\u00f3n de estados atractivos\",\"description\":\"Psicolog\u00eda experimental\",\"potentialAction\":[{\"@type\":\"SearchAction\",\"target\":{\"@type\":\"EntryPoint\",\"urlTemplate\":\"https:\/\/bodhi.name\/ru\/?s={search_term_string}\"},\"query-input\":{\"@type\":\"PropertyValueSpecification\",\"valueRequired\":true,\"valueName\":\"search_term_string\"}}],\"inLanguage\":\"es\"}]}<\/script>\n<!-- \/ Yoast SEO plugin. -->","yoast_head_json":{"title":"La Auto educaci\u00f3n a la parada al borde del orgasmo - Selecci\u00f3n de estados atractivos","robots":{"index":"index","follow":"follow","max-snippet":"max-snippet:-1","max-image-preview":"max-image-preview:large","max-video-preview":"max-video-preview:-1"},"canonical":"https:\/\/bodhi.name\/es\/articulos-en-seleccion\/la-auto-educacion-a-la-parada-al-borde-del-orgasmo\/","og_locale":"es_ES","og_type":"article","og_title":"La Auto educaci\u00f3n a la parada al borde del orgasmo - Selecci\u00f3n de estados atractivos","og_description":"La b\u00fasqueda de la resoluci\u00f3n \u00f3ptima de la tarea de retener al chico del orgasmo exige los esfuerzos muy fuertes. Y los esfuerzos a\u00fan m\u00e1s graves son necesarios para realizar esta decisi\u00f3n. Miraremos el punto de vista puramente masculino: no cuento eficaz el m\u00e9todo de apretar la polla en la base en el momento, cuando [&hellip;]","og_url":"https:\/\/bodhi.name\/es\/articulos-en-seleccion\/la-auto-educacion-a-la-parada-al-borde-del-orgasmo\/","og_site_name":"Selecci\u00f3n de estados atractivos","twitter_card":"summary_large_image","twitter_misc":{"Tiempo de lectura":"5 minutos"},"schema":{"@context":"https:\/\/schema.org","@graph":[{"@type":"WebPage","@id":"https:\/\/bodhi.name\/es\/articulos-en-seleccion\/la-auto-educacion-a-la-parada-al-borde-del-orgasmo\/","url":"https:\/\/bodhi.name\/es\/articulos-en-seleccion\/la-auto-educacion-a-la-parada-al-borde-del-orgasmo\/","name":"La Auto educaci\u00f3n a la parada al borde del orgasmo - Selecci\u00f3n de estados atractivos","isPartOf":{"@id":"https:\/\/bodhi.name\/ru\/#website"},"datePublished":"2015-01-29T18:46:18+00:00","breadcrumb":{"@id":"https:\/\/bodhi.name\/es\/articulos-en-seleccion\/la-auto-educacion-a-la-parada-al-borde-del-orgasmo\/#breadcrumb"},"inLanguage":"es","potentialAction":[{"@type":"ReadAction","target":["https:\/\/bodhi.name\/es\/articulos-en-seleccion\/la-auto-educacion-a-la-parada-al-borde-del-orgasmo\/"]}]},{"@type":"BreadcrumbList","@id":"https:\/\/bodhi.name\/es\/articulos-en-seleccion\/la-auto-educacion-a-la-parada-al-borde-del-orgasmo\/#breadcrumb","itemListElement":[{"@type":"ListItem","position":1,"name":"\u0413\u043b\u0430\u0432\u043d\u0430\u044f \u0441\u0442\u0440\u0430\u043d\u0438\u0446\u0430","item":"https:\/\/bodhi.name\/es\/"},{"@type":"ListItem","position":2,"name":"Articulos en Selecci\u00f3n","item":"https:\/\/bodhi.name\/es\/articulos-en-seleccion\/"},{"@type":"ListItem","position":3,"name":"La Auto educaci\u00f3n a la parada al borde del orgasmo"}]},{"@type":"WebSite","@id":"https:\/\/bodhi.name\/ru\/#website","url":"https:\/\/bodhi.name\/ru\/","name":"Selecci\u00f3n de estados atractivos","description":"Psicolog\u00eda experimental","potentialAction":[{"@type":"SearchAction","target":{"@type":"EntryPoint","urlTemplate":"https:\/\/bodhi.name\/ru\/?s={search_term_string}"},"query-input":{"@type":"PropertyValueSpecification","valueRequired":true,"valueName":"search_term_string"}}],"inLanguage":"es"}]}},"_links":{"self":[{"href":"https:\/\/bodhi.name\/es\/wp-json\/wp\/v2\/pages\/7598","targetHints":{"allow":["GET"]}}],"collection":[{"href":"https:\/\/bodhi.name\/es\/wp-json\/wp\/v2\/pages"}],"about":[{"href":"https:\/\/bodhi.name\/es\/wp-json\/wp\/v2\/types\/page"}],"author":[{"embeddable":true,"href":"https:\/\/bodhi.name\/es\/wp-json\/wp\/v2\/users\/1"}],"replies":[{"embeddable":true,"href":"https:\/\/bodhi.name\/es\/wp-json\/wp\/v2\/comments?post=7598"}],"version-history":[{"count":1,"href":"https:\/\/bodhi.name\/es\/wp-json\/wp\/v2\/pages\/7598\/revisions"}],"predecessor-version":[{"id":7599,"href":"https:\/\/bodhi.name\/es\/wp-json\/wp\/v2\/pages\/7598\/revisions\/7599"}],"up":[{"embeddable":true,"href":"https:\/\/bodhi.name\/es\/wp-json\/wp\/v2\/pages\/7587"}],"wp:attachment":[{"href":"https:\/\/bodhi.name\/es\/wp-json\/wp\/v2\/media?parent=7598"}],"curies":[{"name":"wp","href":"https:\/\/api.w.org\/{rel}","templated":true}]}}