{"id":7572,"date":"2015-01-29T21:51:14","date_gmt":"2015-01-29T17:51:14","guid":{"rendered":"http:\/\/suri-catt.com\/?page_id=7572"},"modified":"2015-01-29T22:00:29","modified_gmt":"2015-01-29T18:00:29","slug":"la-sinceridad","status":"publish","type":"page","link":"https:\/\/bodhi.name\/es\/diferentes-articulos\/la-sinceridad\/","title":{"rendered":"Cursos: La sinceridad"},"content":{"rendered":"<p><b>Qu\u00e9 aprender\u00e1s:<\/b><\/p>\n<p>&nbsp;<\/p>\n<p>La insinceridad es una tenebrosidad enorme y fundamental que alimenta a una cantidad infinita de otras tenebrosidades. Los esfuerzos para lograr la sinceridad son unos de los m\u00e1s razonables y eficaces para alcanzar las percepciones iluminadas (PI) y para eliminar todos los tipos de tenebrosidades.<\/p>\n<p>A pesar de que la tenebrosidad de la insinceridad es una de las m\u00e1s potentes, que penetra en cada (no exagero, precisamente en cada) acci\u00f3n de la persona, y a veces parece insuperable e invencible, de todos modos, s\u00ed que es posible luchar contra esta tenebrosidad, y no s\u00f3lo \u201cse puede\u201d, sino que mientras tanto experimentar\u00e1s la anticipaci\u00f3n, la alegr\u00eda de la lucha, la firmeza y otras PI.<\/p>\n<p>El m\u00e9todo m\u00e1s eficaz para eliminar a un monstruo tal como es la insiceridad, consiste en\u00a0 revelar diferentes mecanismos de su manifestaci\u00f3n, llegar a la claridad con el trabajo en estos mecanismos, obtener aquellos h\u00e1bitos pr\u00e1cticos para eliminar cada uno de aquellos.<\/p>\n<p>Despu\u00e9s de acabar este curso, conocer\u00e1s los m\u00e9todos m\u00e1s frecuentes y m\u00e1s f\u00e1ciles de la manifestaci\u00f3n de la insinceridad, adquirir\u00e1s los h\u00e1bitos de su revelaci\u00f3n y eliminaci\u00f3n.<\/p>\n<p>&nbsp;<\/p>\n<p><b>El curso se compone\u00a0 de los h\u00e1bitos siguientes:<\/b><\/p>\n<p>01 \u2013 la respuesta a la pregunta hecha<\/p>\n<p>02 \u2013 la eliminaci\u00f3n de reconocer el error<\/p>\n<p>03 \u2013 la eliminaci\u00f3n de impropiedades peque\u00f1as<\/p>\n<p>&nbsp;<\/p>\n<p align=\"center\">= = = = = = = = = =<\/p>\n<p>&nbsp;<\/p>\n<p><b>El H\u00e1bito 01: la respuesta a la pregunta hecha.<\/b><\/p>\n<p>&nbsp;<\/p>\n<p><b>La explicaci\u00f3n<\/b><b>:<\/b><b><\/b><\/p>\n<p>&nbsp;<\/p>\n<p>El modo t\u00edpico de manifestar la insinceridad es contestar a una pregunta que nadie ha hecho. Esto se refiere a los \u201cdi\u00e1logos\u201d que una persona tiene consigo misma, o sea, se hace una pregunta, pero contesta &#8230; a otra.<\/p>\n<p>La pregunta inicial que uno se hace a si mismo voy a definirla con la palabra \u201cpregunta\u201d. Y con el t\u00e9rmino \u201cpseudo-pregunta\u201d voy a referirme a la pregunta por la que uno cambia la pregunta inicial.<\/p>\n<p>La diferencia entre la pregunta y la pseudo-pregunta, a veces, es sorprendentemente enorme, y, otras\u00a0 veces, casi imperceptible pero suficiente para manifestar la insinceridad, cambiando de tema, o, simplemente, un acento dentro del tema.<\/p>\n<p>Te sorprender\u00e1s de la gran cantidad de descubrimientos y de PI que podr\u00e1s experimentar despu\u00e9s de entrenar el h\u00e1bito de acometer una acci\u00f3n, a primera vista tan elemental, como la de contestarte a ti misma (y a la gente a la que, en una situaci\u00f3n dada, quieres contestar sinceramente), precisamente aquellas preguntas que han sido hechas.<\/p>\n<p>Te sorprender\u00e1s de lo complicado que ser\u00e1 contestar precisamente a la pregunta hecha y no cambiarla por una pseudo-pregunta hasta en aquellas situaciones en que hablas contigo misma o con una persona por la que sientes fidelidad o simpat\u00eda, etc.<\/p>\n<p>Para entrenar este h\u00e1bito, la colaboraci\u00f3n con tu instructor juega un papel muy importante, porque en muchos casos la persona necesita explicaciones detalladas, y, a veces, hace falta repetirle varias veces que acaba de cambiar la pregunta por una pseudo-pregunta.<\/p>\n<p>Cuando cambias la pregunta por la pseudo-pregunta y en seguida lo desplazas y crees que contestas precisamente a la pregunta hecha, es porque tienes un miedo indistinguible a que una respuesta sincera (incluso a ti misma) a la pregunta hecha pueda descubrir algo de tu vida que t\u00fa misma clasificas como algo negativo. La insinceridad es\u00a0 el miedo a la claridad, el miedo de que al obtener esta claridad en alguna cuesti\u00f3n lleve sin remedio al deseo de cambiar el estilo de la vida que llevas ahora. Aparece el miedo a los cambios, aparece toda una serie de otros mecanismos.<\/p>\n<p>&nbsp;<\/p>\n<p><b>La<\/b><b> <\/b><b>pr<\/b><b>\u00e1<\/b><b>ctica<\/b><b>:<\/b><\/p>\n<p>\u0430) Comp\u00f3n una lista de preguntas. Incluye en esta lista preguntas muy diferentes incluso las que te gustar\u00eda hacerle a una persona imaginada o real, si tienes como prop\u00f3sito entender mejor sus percepciones o su estilo de vida. Y tambi\u00e9n, incluye las preguntas que se refieran a las cosas m\u00e1s habituales y normales, por ejemplo: por qu\u00e9 hice una cosa y no otra, por qu\u00e9 fui a aquel lugar etc. Te recomiendo a\u00f1adir a esta lista las preguntas que te haga tu instructor. La cantidad de preguntas en cada serie puede limitarse a 10-20.<\/p>\n<p>b) Respuesta por escrito a estas preguntas.<\/p>\n<p>c) Revisa si tus respuestas son precisamente las respuestas a las preguntas hechas. Si no, corrige tus respuestas.<\/p>\n<p>d) Dentro de alg\u00fan tiempo cuando tu estado emocional haya cambiado bastante, repasa las preguntas y las respuestas, y rev\u00edsalo todo otra vez.<\/p>\n<p>e) Env\u00eda tus preguntas &#8211; respuestas al instructor.<\/p>\n<p>f) Es necesario darse cuenta que hace falta suficiente experiencia en aplicar esfuerzos para conseguir la sinceridad, para que el h\u00e1bito de no cambiar las preguntas por las pseudo-preguntas se manifieste no s\u00f3lo durante un estudio especial realizado por escrito, si no tambi\u00e9n, en la vida normal y corriente. Por eso, de vez en cuando, es razonable tener conversaciones con tu instructor (en el chat, por ejemplo) para que el instructor pueda valorar si el h\u00e1bito de conseguir la sinceridad en este aspecto concreto de la vida es estable. Durante la conversaci\u00f3n el instructor va a hacerte\u00a0 preguntas diferentes y vigilar si has entrenado este h\u00e1bito suficientemente.<\/p>\n<p>&nbsp;<\/p>\n<div align=\"right\">\n<table style=\"width: 444px;\" border=\"1\" cellspacing=\"0\" cellpadding=\"0\">\n<tbody>\n<tr>\n<td valign=\"top\" width=\"444\"><b><i>\u00a1Ojo!<\/i><\/b>: despu\u00e9s de empezar a formar los h\u00e1bitos de ser sincero, claro que te entrar\u00e1n ganas de aplicar estos h\u00e1bitos. Pero siempre debes advertir que aplicar estos h\u00e1bitos sin pensar \u00a1es muy peligroso! \u00a1<b>La gente que te rodea nunca aspira a la sinceridad! <\/b>Tienes que darte cuenta de esto. Por eso si de repente decides en una conversaci\u00f3n con tus amigos o con tus padres seguir los h\u00e1bitos elaborados dentro de este curso (incluso contestar a las preguntas hechas e insistir en que tu interlocutor haga lo mismo) chocar\u00e1s con una agresi\u00f3n intensa, franca y a veces peligrosa, y sobre todo de parte de la gente a la que consideras \u201c\u00edntima\u201d y la que te considera \u201cser \u00edntima\u201d a ti. Siempre piensa con qui\u00e9n tratas, cu\u00e1l es el asunto y cu\u00e1les son tus objetivos.<\/td>\n<\/tr>\n<\/tbody>\n<\/table>\n<\/div>\n<p>&nbsp;<\/p>\n<p><b>El H\u00e1bito 02: la eliminaci\u00f3n\u00a0 del cambio de tema.<\/b><\/p>\n<p>&nbsp;<\/p>\n<p><b>La<\/b><b> <\/b><b>explicaci<\/b><b>\u00f3<\/b><b>n<\/b><b>:<\/b><\/p>\n<p>Supongamos que est\u00e1s discutiendo con alguien. Cuando empiezas a sentir que el argumento en el que te basas ser\u00e1 casi seguro fallido, incorrecto, o ser\u00e1 reconocido como tonto, o hasta bobo, podr\u00e1s reconocerlo y recibir un enorme placer de la sinceridad que se manifestar\u00e1, de la claridad que tendr\u00e1s, de la liberaci\u00f3n de tu estado loco, en el que diste un argumento tan d\u00e9bil y hasta bobo, de la eliminaci\u00f3n del sentimiento de la propia importancia (simp) que ha hecho todo lo posible para que no reconozcas tu falta o tu torpeza etc.<\/p>\n<p>Pero, en vez de esto, como regla pasas a otra cosa, cambias en seguida de tema y das otro argumento. Normalmente, la conversaci\u00f3n pasa f\u00e1cilmente a otro tema porque en el 99 % de los casos los interlocutores son incapaces de advertir el cambio de tema y, claro, son absolutamente in\u00fatiles para insistir en la vuelta al tema inicial y acabar el examen del primer argumento. Al final de la conversaci\u00f3n te quedas con tu opini\u00f3n, est\u00e1s seguro de que has dado \u201cmuchos\u201d argumentos y no cambias tu posici\u00f3n, la posici\u00f3n de una persona satisfecha, tonta y torpe.<\/p>\n<p>Claro est\u00e1 que hablo de un ejemplo de discusi\u00f3n durante la que todos los participantes expresan el deseo de conseguir la claridad.<\/p>\n<p>S\u00f3lo el examen consecutivo de los argumentos \u2013 uno tras otro &#8211; puede llevar a un aumento de la claridad. Mientras que es muy importante fijar en voz alta la opini\u00f3n resultante, en caso contrario uno puede \u201cconsentirse\u201d para manifestar sentimientos amistosos y para no entrar en apuros de destruir estos sentimientos de amistad, no va a fijar en voz alta que sus posiciones con el interlocutor han sido diferentes, o incluso, opuestas.<\/p>\n<p>&nbsp;<\/p>\n<p><b>La Pr\u00e1ctica:<\/b><\/p>\n<p>\u0430) describe cualquier situaci\u00f3n que te haya pasado hace poco, es deseable que sea una situaci\u00f3n en la que te hayas manifestado de alguna manera \u2013 algunas emociones, acciones de tu parte. Env\u00eda esta descripci\u00f3n a tu instructor.<\/p>\n<p>&nbsp;<\/p>\n<div align=\"right\">\n<table style=\"width: 444px;\" border=\"1\" cellspacing=\"0\" cellpadding=\"0\">\n<tbody>\n<tr>\n<td valign=\"top\" width=\"444\"><i>Nota<\/i>: la forma semejante a la insinceridad se manifiesta, aunque parezca sorprendente, no s\u00f3lo cuando hablas con alguien de tus tenebrosidades sino hasta cuando se trata de materias, a primera vista, puramente abstractas. As\u00ed que como una de las opciones de discusi\u00f3n con tu instructor o con tu compa\u00f1ero se puede elegir el tema \u201csi hay vida en el Martes\u201d<\/td>\n<\/tr>\n<\/tbody>\n<\/table>\n<\/div>\n<p>&nbsp;<\/p>\n<p>b) el instructor despu\u00e9s de leer tu descripci\u00f3n, va a expresar una afirmaci\u00f3n y va a ofrecerte discutir sobre este tema (el instructor tratat\u00e1 de elegir una afirmaci\u00f3n con la que probablemente no consentir\u00e1s y que posiblemente te tocar\u00e1 emocionalmente)<\/p>\n<p>c) en el proceso de la discusi\u00f3n el instructor va a vigilar si uno u otro de tus argumentos es directo o es simplemente una manera de irse del tema de la conversaci\u00f3n, el modo de pasarlo a otro plano, el cambio de los acentos.<\/p>\n<p>d) antes de expresar CUALQUIER frase durante la discusi\u00f3n con el instructor, al principio la pronuncias en voz alta o la pronuncias en el di\u00e1logo interior, despu\u00e9s contestas a la pregunta \u201csi se refiere tu frase precisamente a la discuci\u00f3n de este argumento\u201d. Si la respuesta es \u201cno\u201d o \u201cno por completo\u201d o \u201cno estoy seguro\u201d tienes que anular esta frase, e inventar una nueva que seguramente va a referirse al argumento de la conversaci\u00f3n.<\/p>\n<p>Esta seguridad tienes que fijarla por escrito (si est\u00e1s con tu instructor en el chat) u oralmente si hablas con \u00e9l en persona. Servir\u00e1 cualquier s\u00edmbolo o palabra que pongas antes de cada frase para confirmar que tu frase ha pasado el control de correspondencia con el tema de la conversaci\u00f3n.<\/p>\n<p>A medida que finalices los ejercicios de formaci\u00f3n del h\u00e1bito, t\u00fa, seguramente, estar\u00e1s muy sorprendido de ser una persona tan hip\u00f3crita. Ver\u00e1s que es muy complicado mantener la discusi\u00f3n s\u00f3lo alrededor de un argumento.<\/p>\n<p>(Otra opci\u00f3n del punto \u201cb\u201d, si tienes un conocido que est\u00e9 dispuesto a ayudarte a adquirir este h\u00e1bito, puedes llevar a cabo aquellas discusiones con \u00e9l y mandar a tu instructor la grabaci\u00f3n. Pero de todas formas, es necesario realizar como m\u00ednimo 5 discusiones (en el chat o por e-mail) precisamente con el instructor, o m\u00e1s, si el instructor considerara que durante las primeras 5 discusiones no hubieses conseguido el progreso que te ayude a reconocer que has formado este h\u00e1bito.)<\/p>\n<p>&nbsp;<\/p>\n<div align=\"right\">\n<table style=\"width: 444px;\" border=\"1\" cellspacing=\"0\" cellpadding=\"0\">\n<tbody>\n<tr>\n<td valign=\"top\" width=\"444\"><i>Nota<\/i>: el entrenamiento de tales discuciones con tu instructor en el chat es m\u00e1s eficaz que a trav\u00e9s de e-mail porque casi no te deja tiempo para corregir tus respuestas.<\/td>\n<\/tr>\n<\/tbody>\n<\/table>\n<\/div>\n<p>&nbsp;<\/p>\n<p>e)\u00a0 Una vez examinado cada argumento, ambas partes, que participan en la discusi\u00f3n, fijan cu\u00e1l es su posici\u00f3n despu\u00e9s del intercambio de opiniones que acaban de realizar.<\/p>\n<p>&nbsp;<\/p>\n<p><b>H\u00e1bito 03: la eliminaci\u00f3n de las inexactitudes \u201cpeque\u00f1as\u201d.<\/b><\/p>\n<p>&nbsp;<\/p>\n<p><b>La explicaci\u00f3n:<\/b><\/p>\n<p>&nbsp;<\/p>\n<p>Durante la descripci\u00f3n (tanto a los dem\u00e1s como a si mismo) de alguna situaci\u00f3n, muy a menudo se cometen \u201cpeque\u00f1as\u201d inexactitudes, faltas \u201cinsignificantes\u201d. Pero existe una \u201ccoincidencia\u201d sorprendente \u2013 casi cada una (por no decir todas) de estas inexactitudes, si las estudiamos de cerca, cambia, aunque un poco, el acento hacia una direcci\u00f3n beneficiosa para el narrador. Bajo la palabra \u201cbeneficioso\u201d comprendo la correspondencia con la posici\u00f3n que ocupa el narrador.<\/p>\n<p>El lenguaje de las palabras, los gestos, las entonaciones, interjecciones y otras cosas \u201cinsignificantes\u201d, en realidad, son mucho m\u00e1s expresivos y significativos de lo que puede parecer a primera vista. Y a\u00fan m\u00e1s \u2013 muy a menudo, la posici\u00f3n del oyente no se forma sobre la base de la informaci\u00f3n que recibe, sino en el fundamento de la forma de presentaci\u00f3n de esta informaci\u00f3n, y surge muy a menudo, que un cambio casi imperceptible de la entonaci\u00f3n, cambia la relaci\u00f3n del oyente con lo que le cuentan \u00a1en 180 grados! Por ejemplo, el ni\u00f1o puede confesar a la madre que comi\u00f3 la mermelada de diferente manera. Si se le acerca y dice \u201ccom\u00ed la mermelada\u201d, la madre sentir\u00e1 ira y le castigar\u00e1. Pero si el ni\u00f1o agrega al menos un poco de emociones, la reacci\u00f3n de la madre puede ser completamente diferente, y a veces puramente antagonista, opuesta. Por ejemplo, ella de repente\u00a0 puede experimentar el orgullo por \u00e9l, porque el chico lo ha reconocido por si mismo, o l\u00e1stima porque \u201cel pobre entiende que le van a castigar\u201d y como resultado en vez del castigo el ni\u00f1o recibe una porci\u00f3n de l\u00e1stima y de relaci\u00f3n positiva.<\/p>\n<p>Todos nosotros, ya en la infancia, aprendimos a sentir m\u00e1s o menos estos matices peque\u00f1os y ahora aplicamos este arte casi sin darnos cuenta, o sin darnos cuenta en absoluto.<\/p>\n<p>Una persona a la que sorprenden con inexactitudes durante su narraci\u00f3n, con mayor probabilidad se quedar\u00e1 asombrada o hasta indignada porque desde el punto de vista formal, tiene raz\u00f3n \u2013 no ha cambiado la informaci\u00f3n nada.<\/p>\n<p>El modo ideal de hacer comprender a tal persona que ha manifestado la insinceridad, consiste en la aplicaci\u00f3n del m\u00e9todo de \u201coyente desinteresado imaginable\u201d. Nos imaginamos que la frase que ha dicho esta persona, la haya o\u00eddo un transe\u00fante extra\u00f1o desinteresado. Nos imaginamos a nosotros mismos en el lugar de este transe\u00fante. Preguntemosnos: \u00bfqu\u00e9 opini\u00f3n se formar\u00eda tal transe\u00fante? Si la respuesta es que el narrador la presenta un poco mejor, compar\u00e1ndola con la impresi\u00f3n que podr\u00eda formarse despu\u00e9s de escuchar la misma historia sin inexactitudes \u201cpeque\u00f1as\u201d, esto prueba que la inexactitud no es peque\u00f1a para nada y no es casual. Claro est\u00e1 que es la prueba s\u00f3lo para la gente que quiere conseguir la sinceridad. El que no la quiere, seguir\u00e1 insistiendo en su punto de vista, y si por alguna raz\u00f3n est\u00e1s interesado en rematar esta discusi\u00f3n, tendr\u00e1s que realizar un experimento real, e invitar a un transe\u00fante desinteresado. Si el nivel de la insinceridad es alto, este experimento no cambiar\u00e1 nada.<\/p>\n<p>&nbsp;<\/p>\n<p><b>\u00a0<\/b><\/p>\n<p><b>La Pr\u00e1ctica<\/b><b>:<\/b><\/p>\n<p>&nbsp;<\/p>\n<p>\u0430) el practicante, de una u otra forma, tiene que fijar la situaci\u00f3n en la que se ha manifestado de alguna manera \u2013 puede ser alguna conversaci\u00f3n sobre un tema que es importante para \u00e9l, o una participaci\u00f3n en alguna actividad com\u00fan. Lo m\u00e1s importante es que en esta conversaci\u00f3n o actividad haya un enfrentamiento de las posiciones, por ejemplo, una discusi\u00f3n, un estudio de una situaci\u00f3n conflictiva, etc. Es decir, es necesario que en esta situaci\u00f3n el practicante sea un personaje interesado en tener raz\u00f3n y en defender su posici\u00f3n.<\/p>\n<p>Se puede realizar la fijaci\u00f3n con la ayuda de un v\u00eddeo o audio-grabaci\u00f3n, la que despu\u00e9s hay que enviar al instructor. A veces es suficiente la presencia de un ayudante, que aplicando esfuerzos por desinteresarse de la situaci\u00f3n, observa de cerca, toma nota de todo lo que pasa y despu\u00e9s independientemente del practicante env\u00eda su informe al instructor. Las condiciones ideales son aquellas en que el mismo instructor observa la situaci\u00f3n, incluso en los casos cuando el interlocutor del practicante no lo sabe.<\/p>\n<p>b) el practicante sin usar nada, excepto su memoria, siguiendo las huellas frescas (o sea mejor durante una hora) describe la situaci\u00f3n y env\u00eda la descripci\u00f3n al instructor en el formato, por ejemplo,\u00a0 Word.<\/p>\n<p>c) dentro de alg\u00fan tiempo, suficiente para que el practicante se distraiga de la situaci\u00f3n (como regla dentro de 2-3 horas), vuelve a su descripci\u00f3n e, imagin\u00e1ndose tan fuertemente como pueda que no participaba en la situaci\u00f3n, que s\u00f3lo la observaba\u00a0 desde fuera, repasa el texto. Si cree que alg\u00fan detalle fue modificado o se perdi\u00f3, pone sus correciones entre par\u00e9ntesis, destac\u00e1ndolas con otro color. La segunda versi\u00f3n de la descripci\u00f3n tambi\u00e9n la env\u00eda al instructor.<\/p>\n<p>d) si el instructor despu\u00e9s de poner el v\u00eddeo o audio- grabaci\u00f3n (o con el informe del ayudante del practicante) cree que el nivel de la insinceridad sigue siendo bajo, puede proponer realizar el repaso de la situaci\u00f3n otra vez.<\/p>\n<p>e) si la tercera parte no ha descubierto todos los casos de insinceridad que consiste en inexactitudes de la descripci\u00f3n, el instructor puede indicar los casos en que el practicante pas\u00f3 por ellas sin advertirlo.<\/p>\n<p>f) se recomienda realizar no menos de tres de tales experimentos, hasta en el caso de que los dos primeros muestren un nivel aceptable de sinceridad, tambi\u00e9n hay que cambiar a los participantes de la situaci\u00f3n y el tema sobre el que discuten o habr\u00e1 un conflicto.<\/p>\n","protected":false},"excerpt":{"rendered":"<p>Qu\u00e9 aprender\u00e1s: &nbsp; La insinceridad es una tenebrosidad enorme y fundamental que alimenta a una cantidad infinita de otras tenebrosidades. Los esfuerzos para lograr la sinceridad son unos de los m\u00e1s razonables y eficaces para alcanzar las percepciones iluminadas (PI) y para eliminar todos los tipos de tenebrosidades. A pesar de que la tenebrosidad de [&hellip;]<\/p>\n","protected":false},"author":1,"featured_media":0,"parent":7562,"menu_order":520,"comment_status":"open","ping_status":"closed","template":"","meta":{"_acf_changed":false,"footnotes":""},"class_list":["post-7572","page","type-page","status-publish","hentry"],"acf":[],"yoast_head":"<!-- This site is optimized with the Yoast SEO plugin v27.4 - https:\/\/yoast.com\/product\/yoast-seo-wordpress\/ -->\n<title>Cursos: La sinceridad - Selecci\u00f3n de estados atractivos<\/title>\n<meta name=\"robots\" content=\"index, follow, max-snippet:-1, max-image-preview:large, max-video-preview:-1\" \/>\n<link rel=\"canonical\" href=\"https:\/\/bodhi.name\/es\/diferentes-articulos\/la-sinceridad\/\" \/>\n<meta property=\"og:locale\" content=\"es_ES\" \/>\n<meta property=\"og:type\" content=\"article\" \/>\n<meta property=\"og:title\" content=\"Cursos: La sinceridad - Selecci\u00f3n de estados atractivos\" \/>\n<meta property=\"og:description\" content=\"Qu\u00e9 aprender\u00e1s: &nbsp; La insinceridad es una tenebrosidad enorme y fundamental que alimenta a una cantidad infinita de otras tenebrosidades. Los esfuerzos para lograr la sinceridad son unos de los m\u00e1s razonables y eficaces para alcanzar las percepciones iluminadas (PI) y para eliminar todos los tipos de tenebrosidades. A pesar de que la tenebrosidad de [&hellip;]\" \/>\n<meta property=\"og:url\" content=\"https:\/\/bodhi.name\/es\/diferentes-articulos\/la-sinceridad\/\" \/>\n<meta property=\"og:site_name\" content=\"Selecci\u00f3n de estados atractivos\" \/>\n<meta property=\"article:modified_time\" content=\"2015-01-29T18:00:29+00:00\" \/>\n<meta name=\"twitter:card\" content=\"summary_large_image\" \/>\n<meta name=\"twitter:label1\" content=\"Tiempo de lectura\" \/>\n\t<meta name=\"twitter:data1\" content=\"14 minutos\" \/>\n<script type=\"application\/ld+json\" class=\"yoast-schema-graph\">{\"@context\":\"https:\\\/\\\/schema.org\",\"@graph\":[{\"@type\":\"WebPage\",\"@id\":\"https:\\\/\\\/bodhi.name\\\/es\\\/diferentes-articulos\\\/la-sinceridad\\\/\",\"url\":\"https:\\\/\\\/bodhi.name\\\/es\\\/diferentes-articulos\\\/la-sinceridad\\\/\",\"name\":\"Cursos: La sinceridad - Selecci\u00f3n de estados atractivos\",\"isPartOf\":{\"@id\":\"https:\\\/\\\/bodhi.name\\\/ru\\\/#website\"},\"datePublished\":\"2015-01-29T17:51:14+00:00\",\"dateModified\":\"2015-01-29T18:00:29+00:00\",\"breadcrumb\":{\"@id\":\"https:\\\/\\\/bodhi.name\\\/es\\\/diferentes-articulos\\\/la-sinceridad\\\/#breadcrumb\"},\"inLanguage\":\"es\",\"potentialAction\":[{\"@type\":\"ReadAction\",\"target\":[\"https:\\\/\\\/bodhi.name\\\/es\\\/diferentes-articulos\\\/la-sinceridad\\\/\"]}]},{\"@type\":\"BreadcrumbList\",\"@id\":\"https:\\\/\\\/bodhi.name\\\/es\\\/diferentes-articulos\\\/la-sinceridad\\\/#breadcrumb\",\"itemListElement\":[{\"@type\":\"ListItem\",\"position\":1,\"name\":\"\u0413\u043b\u0430\u0432\u043d\u0430\u044f \u0441\u0442\u0440\u0430\u043d\u0438\u0446\u0430\",\"item\":\"https:\\\/\\\/bodhi.name\\\/es\\\/\"},{\"@type\":\"ListItem\",\"position\":2,\"name\":\"Diferentes art\u00edculos\",\"item\":\"https:\\\/\\\/bodhi.name\\\/es\\\/diferentes-articulos\\\/\"},{\"@type\":\"ListItem\",\"position\":3,\"name\":\"Cursos: La sinceridad\"}]},{\"@type\":\"WebSite\",\"@id\":\"https:\\\/\\\/bodhi.name\\\/ru\\\/#website\",\"url\":\"https:\\\/\\\/bodhi.name\\\/ru\\\/\",\"name\":\"Selecci\u00f3n de estados atractivos\",\"description\":\"Psicolog\u00eda experimental\",\"potentialAction\":[{\"@type\":\"SearchAction\",\"target\":{\"@type\":\"EntryPoint\",\"urlTemplate\":\"https:\\\/\\\/bodhi.name\\\/ru\\\/?s={search_term_string}\"},\"query-input\":{\"@type\":\"PropertyValueSpecification\",\"valueRequired\":true,\"valueName\":\"search_term_string\"}}],\"inLanguage\":\"es\"}]}<\/script>\n<!-- \/ Yoast SEO plugin. -->","yoast_head_json":{"title":"Cursos: La sinceridad - Selecci\u00f3n de estados atractivos","robots":{"index":"index","follow":"follow","max-snippet":"max-snippet:-1","max-image-preview":"max-image-preview:large","max-video-preview":"max-video-preview:-1"},"canonical":"https:\/\/bodhi.name\/es\/diferentes-articulos\/la-sinceridad\/","og_locale":"es_ES","og_type":"article","og_title":"Cursos: La sinceridad - Selecci\u00f3n de estados atractivos","og_description":"Qu\u00e9 aprender\u00e1s: &nbsp; La insinceridad es una tenebrosidad enorme y fundamental que alimenta a una cantidad infinita de otras tenebrosidades. Los esfuerzos para lograr la sinceridad son unos de los m\u00e1s razonables y eficaces para alcanzar las percepciones iluminadas (PI) y para eliminar todos los tipos de tenebrosidades. A pesar de que la tenebrosidad de [&hellip;]","og_url":"https:\/\/bodhi.name\/es\/diferentes-articulos\/la-sinceridad\/","og_site_name":"Selecci\u00f3n de estados atractivos","article_modified_time":"2015-01-29T18:00:29+00:00","twitter_card":"summary_large_image","twitter_misc":{"Tiempo de lectura":"14 minutos"},"schema":{"@context":"https:\/\/schema.org","@graph":[{"@type":"WebPage","@id":"https:\/\/bodhi.name\/es\/diferentes-articulos\/la-sinceridad\/","url":"https:\/\/bodhi.name\/es\/diferentes-articulos\/la-sinceridad\/","name":"Cursos: La sinceridad - Selecci\u00f3n de estados atractivos","isPartOf":{"@id":"https:\/\/bodhi.name\/ru\/#website"},"datePublished":"2015-01-29T17:51:14+00:00","dateModified":"2015-01-29T18:00:29+00:00","breadcrumb":{"@id":"https:\/\/bodhi.name\/es\/diferentes-articulos\/la-sinceridad\/#breadcrumb"},"inLanguage":"es","potentialAction":[{"@type":"ReadAction","target":["https:\/\/bodhi.name\/es\/diferentes-articulos\/la-sinceridad\/"]}]},{"@type":"BreadcrumbList","@id":"https:\/\/bodhi.name\/es\/diferentes-articulos\/la-sinceridad\/#breadcrumb","itemListElement":[{"@type":"ListItem","position":1,"name":"\u0413\u043b\u0430\u0432\u043d\u0430\u044f \u0441\u0442\u0440\u0430\u043d\u0438\u0446\u0430","item":"https:\/\/bodhi.name\/es\/"},{"@type":"ListItem","position":2,"name":"Diferentes art\u00edculos","item":"https:\/\/bodhi.name\/es\/diferentes-articulos\/"},{"@type":"ListItem","position":3,"name":"Cursos: La sinceridad"}]},{"@type":"WebSite","@id":"https:\/\/bodhi.name\/ru\/#website","url":"https:\/\/bodhi.name\/ru\/","name":"Selecci\u00f3n de estados atractivos","description":"Psicolog\u00eda experimental","potentialAction":[{"@type":"SearchAction","target":{"@type":"EntryPoint","urlTemplate":"https:\/\/bodhi.name\/ru\/?s={search_term_string}"},"query-input":{"@type":"PropertyValueSpecification","valueRequired":true,"valueName":"search_term_string"}}],"inLanguage":"es"}]}},"_links":{"self":[{"href":"https:\/\/bodhi.name\/es\/wp-json\/wp\/v2\/pages\/7572","targetHints":{"allow":["GET"]}}],"collection":[{"href":"https:\/\/bodhi.name\/es\/wp-json\/wp\/v2\/pages"}],"about":[{"href":"https:\/\/bodhi.name\/es\/wp-json\/wp\/v2\/types\/page"}],"author":[{"embeddable":true,"href":"https:\/\/bodhi.name\/es\/wp-json\/wp\/v2\/users\/1"}],"replies":[{"embeddable":true,"href":"https:\/\/bodhi.name\/es\/wp-json\/wp\/v2\/comments?post=7572"}],"version-history":[{"count":2,"href":"https:\/\/bodhi.name\/es\/wp-json\/wp\/v2\/pages\/7572\/revisions"}],"predecessor-version":[{"id":7578,"href":"https:\/\/bodhi.name\/es\/wp-json\/wp\/v2\/pages\/7572\/revisions\/7578"}],"up":[{"embeddable":true,"href":"https:\/\/bodhi.name\/es\/wp-json\/wp\/v2\/pages\/7562"}],"wp:attachment":[{"href":"https:\/\/bodhi.name\/es\/wp-json\/wp\/v2\/media?parent=7572"}],"curies":[{"name":"wp","href":"https:\/\/api.w.org\/{rel}","templated":true}]}}