{"id":7558,"date":"2015-01-29T21:20:45","date_gmt":"2015-01-29T17:20:45","guid":{"rendered":"http:\/\/suri-catt.com\/?page_id=7558"},"modified":"2015-01-29T21:20:45","modified_gmt":"2015-01-29T17:20:45","slug":"vaccinio-es-una-baya-rica","status":"publish","type":"page","link":"https:\/\/bodhi.name\/es\/home\/historias\/vaccinio-es-una-baya-rica\/","title":{"rendered":"Vaccinio es una baya rica"},"content":{"rendered":"<p><b>1. <\/b>Se encontraron en el camino polvoriento, a pesar de los problemas cotidianos, animaciones y hormigueo. Era bueno que se encontraran. Alquilaron un piso, no les molestaba mucho su trabajo, ten\u00edan tiempo para el ocio y para el amor, sent\u00edan claramente que todo en este mundo era correcto. Alquilaron un piso de dos habitaciones, en una pusieron sus cosas y en el otro empezaron a habitar. En la habitaci\u00f3n peque\u00f1a quer\u00edan hacer algo especial, poco cl\u00e1sico, no quer\u00edan amueblarla, solo poner una alfombra felpuda, poner muchas plantas, para que la habitaci\u00f3n fuera llena de aire y luz. Pero al principio hab\u00eda que tirar los trastos.<\/p>\n<p>Transcurri\u00f3 un mes. Pero la habitaci\u00f3n no cambi\u00f3 nada, se qued\u00f3 desordenada y llena de basura, ellos no ten\u00edan tiempo, siempre hab\u00eda algo urgente, adem\u00e1s el orden es cuando todo est\u00e1 limpio y si no, la limpieza resulta en vano. Por eso segu\u00eda esperando un momento oportuno, para hacer un respiro profundo y vencer este enemigo de una vez.<\/p>\n<p>Transcurri\u00f3 un mes m\u00e1s. La habitaci\u00f3n se convirti\u00f3 en una broma mutua. Les gustaba ironizar y segu\u00edan planeando c\u00f3mo lo har\u00edan todo y que ser\u00eda maravilloso cuando pusieran todo en orden en esta habitaci\u00f3n. Se form\u00f3 algo muy parecido al folklore familiar y la habitaci\u00f3n jugaba el papel de la piedra angular y era gracioso y halagador. Por fin lleg\u00f3 el D\u00eda en el que se despertaron temprano por la ma\u00f1ana y se pusieron a limpiar la habitaci\u00f3n. \u00a1Es incre\u00edble pero tiraron tanta basura, tanto polvo, una cantidad interminable de libros! Por la noche estaban en la cocina cansados pero contentos\u2026 \u00e9l la abraz\u00f3, ella se puso a re\u00edr. Al fin y al cabo no aguantaron y decidieron echar un vitazo m\u00e1s a la habitaci\u00f3n. La habitaci\u00f3n result\u00f3 ideal y lujosa. En el suelo hab\u00eda alfombra felpuda. En el rinc\u00f3n una palmera alucinante. Las l\u00e1mparas acogedoras, una butaca muy c\u00f3moda, todo era ideal, hab\u00eda mucho espacio en la habitaci\u00f3n y en la cabeza tambi\u00e9n. Estaban descalzos en el medio de la habitaci\u00f3n abraz\u00e1ndose y en ese momento sintieron que no ten\u00edan nada en com\u00fan ahora, y que esta idea result\u00f3 el \u00fanico puente entre ellos. Ahora este puente est\u00e1 destruido e inesperadamente nada lleg\u00f3 a su lugar. Permanecieron as\u00ed unos veinte minutos m\u00e1s, no quer\u00edan hablar, adem\u00e1s ya no ten\u00edan nada de que hablar y hasta las conversaciones, en general, no ten\u00edan sentido para ellos en este momento. El d\u00eda siguiente se separaron para siempre.<\/p>\n<p><b>2. <\/b>Era una broma muy divertida. Creo que lo sep\u00e1is. Te acercas a una chica y le dices: \u201cTe quiero\u2026- y dentro de una pausa, que depende de cuanto tiempo puede aguantar cada uno, de cuanto tiempo tus amigos pueden sostener la risa. Pero hay que esperar a que la chica se ponga colorada y a\u00f1ades: \u201c\u2026pegar con la escoba\u201d. Todos conocen esta broma, es muy famosa pero eficaz y cada vez ten\u00eda m\u00e1s \u00e9xito. Cuando vino a estudiar nueva chica a su colegio, \u00e9l sab\u00eda perfectamente que le tomar\u00eda el pelo.<\/p>\n<p>Ella recogi\u00f3 su mochila reflexionando sobre algunas cosas suyas y se dirigi\u00f3 a la salida. \u00c9l le cerr\u00f3 el camino y ella se tropez\u00f3 con \u00e9l y se apoyo contra la mesa sorprendida con su actitud. El la miraba en hito. Parec\u00eda que todos hab\u00edan pillado que tipo de comedia iba a suceder dentro de unos minutos y ya se anticipaban las risas y carcajadas. \u00c9l pronunci\u00f3 firmemente: \u201cTe quiero\u2026\u201d Y tom\u00f3 una pausa. Sab\u00eda perfectamente que cuanto m\u00e1s aguantara m\u00e1s fuerte ser\u00eda el efecto de esa broma. Con la vista lateral percib\u00eda que todos estaban a punto de romper a re\u00edr para deshacerse de la concentraci\u00f3n y de la tensi\u00f3n de la clase. Ella no se puso roja, y la pausa se retrasaba. Ella estaba observ\u00e1ndole y a \u00e9l le parec\u00eda que su mirada llegaba hasta la misma profundidad de su alma\u2026<\/p>\n<p>Ellos andaban por la calle, brillaba el sol, las charcas se secaban r\u00e1pidamente.<\/p>\n<p><b>3.<\/b> Entr\u00f3 en la ciudad por la ma\u00f1ana. Algunos tal vez encuentren en este hecho alg\u00fan significado oculto, y otros no. Yo, por ejemplo, suelo percibir las cosas de manera simple. Por eso, para m\u00ed no significa nada cuando entr\u00f3, lo principal es que entr\u00f3. Ya hab\u00eda aparecido el sol y el asfalto de las calles estrechas e iba calent\u00e1ndose. Pero este calor no le calentaba, mejor dicho s\u00f3lo promet\u00eda hacerlo. Y le ca\u00eda bien esta promesa. Yo le entiendo, porque la promesa siempre es m\u00e1s fresca y penetrante que cualquier cosa determinada excepto la precisi\u00f3n que contiene en su fundamento; el vac\u00edo que en cualquier momento indeterminado puede devorar todo lo que te rodea. Claro que se encontraba con la gente de esta ciudad, porque no existen ciudades sin gente, pero las caras fueron tapadas con una veladura, con una veladura ligera que ocultaba los rasgos de los rostros de algunas personas o toda la cara de otras. Pero tal vez la vaporizaci\u00f3n de los rayos del sol pintaba un cuadro tan raro.. Caminaba sin ning\u00fan objetivo determinado, acababa de nacer y todav\u00eda no hab\u00eda encontrado su objetivo. A veces las fachadas de las casas, o las palabras de una conversaci\u00f3n desconocida le tra\u00edan algo m\u00e1s que impresiones sencillas y hasta esto podr\u00eda tratarse como un recuerdo pero est\u00e1 claro que no era ning\u00fan recuerdo porque acababa de nacer y no ten\u00eda nada que recordar. Cuando el mar lo ech\u00f3 a la playa, cuando los \u00e1rboles se inclinaron y lo sacaron suavemente de sus ramas a la tierra, cuando la hierba le abri\u00f3 el camino, todo era muy claro y muy f\u00e1cil. Cuando el camino cubierto de hierba cambi\u00f3 por el camino polvoriento y todo era muy claro tambi\u00e9n. No apareci\u00f3 ni un solo pensamiento en su pecho, y no le gustaban los pensamientos en la cabeza. No los soportaba tanto como los pensamientos mismos lo sent\u00edan y trataban de ladearlo. De la profundidad se somet\u00edan las cabezas ex\u00f3ticas de diferentes criaturas, pero en seguida trataron de regresar a las capas m\u00e1s profundas en cuanto \u00e9l prestaba su atenci\u00f3n en ellos. Cuando pasaba a lo largo de la fachada amarilla de una casa grande con los antepechos blancos puestos al rev\u00e9s, apareci\u00f3 en la superficie un pez que se llama Soledad, miro a todos los lados, el cielo estaba despejado. \u00c9l no ten\u00eda ni ca\u00f1a, ni aguja, ni deseos de pescar y el pez se fue, siguiendo con su cola el ritmo de su pasos y todo esto era tan bueno que hasta el camino que recorri\u00f3 estuvo lleno de placer y \u00e9l no tuvo otro remedio que desviarse un poco por la culpa de un hueco en el asfalto. En su pecho tambi\u00e9n hab\u00eda un hueco. Claro que todos sabemos que en el pecho no puede existir ning\u00fan hueco e incluso los que est\u00e1n locos por completo y no saben si tiene el hueco en el pecho o no, pueden tocarlo con la mano y asegurarse. Pero \u00e9l ten\u00eda el hueco de verdad y en este hueco silbaba el viento, este viento era violeta y elegante, saliendo de su espalda, sub\u00eda y mov\u00eda su cabello y los pelos le rozaban suavemente en su nuca.<\/p>\n<p>La chica estaba sentada con las piernas colgantes en el repecho del segundo piso. Claro que sus padres le dec\u00edan muchas veces que estaba prohibido estar sentada de esta manera pero le importaba un pepino la opini\u00f3n de su madre y de su padre. Si murieran en el minuto siguiente claro que llorar\u00eda un poco pero muy poco, casi nada, como en el colegio cuando hab\u00eda roto el arbusto seco bajo el que le gustaba tanto pasar en la hora del recreo y mirar por encima de las cabezas. Estuvo sentada casi dos horas, el sol calentaba sus piernas y le hac\u00eda cosquillas suaves y agradables que penetraban bajo su espalda y se difund\u00eda en las axilas. Se puede decir en las axilas? O se dice de otra manera? Da igual pero en sus axilas estaba caliente y dulce.<\/p>\n<p>Cuando se acerc\u00f3 a la alameda, los \u00e1rboles tiraron un pu\u00f1ado de ahuates. Se divirti\u00f3 un mont\u00f3n, pero claro aunque trat\u00f3 de ocultarlo para que pensaran que le daba igual, que estaba sumergido en sus pensamientos y que esta manada de ahuates no era nada para \u00e9l, nada m\u00e1s que una porquer\u00eda \u2026 y se dirigi\u00f3 a la callecita cercana. En seguida prest\u00f3 atenci\u00f3n a las piernas de la chica. Eran tan atractivas, con esos dedos tan dulces que juegan en su propio juego, su vello de las rodillas y de los tobillos se puede notar s\u00f3lo si te acercas tanto que se puede percibir el olor de su piel. Se acerc\u00f3, se detuvo, levant\u00f3 la cabeza hacia arriba. Y mir\u00f3 m\u00e1s arriba y vio sus ojos. Entonces abrieron las puertas del cielo y el trueno son\u00f3<\/p>\n<p>***<\/p>\n<p>&#8211; \u00bfTe conozco?<br \/>\n&#8211; \u00bfTe conozco?<\/p>\n<p>&#8211; Te conozco.<\/p>\n<p>&#8211; Te conozco.<\/p>\n<p>&#8211; Hac\u00eda niebla, florec\u00eda la lila, la tierra era negra, mi vista era transparente, mi voz me enga\u00f1\u00f3, apareci\u00f3 un nudo en la garganta, se me escap\u00f3 un grito del pecho, la tormenta gir\u00f3, me despert\u00e9 y empec\u00e9 a golpear mi cabeza contra la pared. Quer\u00eda reconciliar el sue\u00f1o, estaba dispuesto a entregarlo todo por un minuto de sue\u00f1o, esperaba tanto, so\u00f1aba tanto y \u00bfqu\u00e9? Todo esto en un momento de sue\u00f1o. El sue\u00f1o limpio como una l\u00e1grima, las l\u00e1grimas son in\u00fatiles como el sue\u00f1o.<\/p>\n<p>&#8211; No sab\u00eda nada de ti, no te ve\u00eda, en la gota de agua no ve\u00eda tu reflejo, en el susurro del viento no o\u00eda tu voz pero yo so\u00f1aba contigo\u2026 La corteza gruesa del \u00e1rbol, las aguas r\u00e1pidas de arroyo, el cielo sin fondo\u2026tanto tiempo te busqu\u00e9. Estuve aqu\u00ed con las piernas colgantes, el sol brillaba y un escarillo resplandeci\u00f3 y me deslumbr\u00f3, baj\u00e9 la mirada. As\u00ed te encontr\u00e9.<\/p>\n<p>&#8211; \u00bfQu\u00e9 podemos decirnos el uno al otro?<\/p>\n<p>&#8211; no tenemos de que hablar<\/p>\n<p>&#8211; \u00bfQu\u00e9 podemos hacer uno por el otro?<\/p>\n<p>&#8211; todo est\u00e1 hecho ya<\/p>\n<p>-\u00a1Qu\u00e9 bueno!<\/p>\n<p>&#8211; Si es bueno.\u00bfEs posible que vaya a vivir mi vida tan temprano y tan f\u00e1cil? \u00bfT\u00fa crees que es posible?<\/p>\n<p>&#8211; S\u00f3lo as\u00ed, s\u00f3lo si es f\u00e1cil es posible.<\/p>\n<p>&#8211; \u00bfy que tenemos aqu\u00ed en adelante?<\/p>\n<p>&#8211; Nada. Simplemente nada. A veces ocurre que no existe nada m\u00e1s adelante, s\u00f3lo existe en la profundidad y de otra manera.<\/p>\n<p>&#8211; tengo miedo y a al mismo tiempo me siento alegre, dura y llena.<\/p>\n<p>Tengo calor, fr\u00edo, me siento tranquilo.<\/p>\n<p>-\u00bfNos dejan marchar?<\/p>\n<p>&#8211; No pueden hacer nada. Est\u00e1n dormidos. Mira sus ojos.<\/p>\n<p>&#8211; No pueden hacer nada. .. est\u00e1n dormidos\u2026 que bueno\u2026 que bueno\u2026 esto significa que puede pasar, puede, puede! Repito mil veces: \u201c\u00a1Puede pasar!\u201d<\/p>\n<p>***<\/p>\n<p>Cuando empez\u00f3 a llover, las ventanas estaban abiertas y por eso un poco de agua apareci\u00f3 en el suelo y la alfombra ahora est\u00e1 mojada, hay que secarla si no, la base puede descomponerse, hay que secarla con la aspiradora o por lo menos con la secadora.<\/p>\n<p>4. Agazap\u00e1ndose, salt\u00f3 del basurero. Nadie lo esperaba aqu\u00ed y todos se desbandaron. Y de pronto uno ech\u00f3 a correr a su encuentro. \u00c9l apret\u00f3 el gatillo \u201cpum-pum-pum-pum-pum\u201d y la pistola autom\u00e1tica de madera estrib\u00f3 en el vientre de un chico los ojos del que emanaban un p\u00e1nico tremendo a pesar de que ya estaba muerto continu\u00f3. \u201cpum-pum-pum\u201d \u2013 le siguieron los tiros- \u201c\u00a1Basta ya! \u00a1Muere!\u201d. Aminor\u00f3 el paso. \u201c\u00a1Basta ya! \u00a1Deja de vivir!\u201d<\/p>\n<p>De los arbustos se oy\u00f3 el graznido de un cuervo.<\/p>\n<p><b>5. <\/b>Llov\u00eda\u2026 m\u00e1s fuerte, despu\u00e9s menos y de pronto las gotas comenzaron a golpear con m\u00e1s frecuencia y todo el mundillo alrededor de la parada lo revivi\u00f3 \u2013 la gente se apresur\u00f3 a escapar de la lluvia. De reojo vi a dos mujeres mayores despedirse y como suele pasar, durante unos minutos ellas dijeron palabras que suelen acostumbrar pero son in\u00fatiles y la expresi\u00f3n de sus caras se puede determinar como amable e indiferente. La que estaba esperando el autob\u00fas, se agit\u00f3, cogi\u00f3 su bolso y se fue. Los gestos de la otra se descompusieron de repente y ella, nadie sabe por qu\u00e9, grit\u00f3 en voz alta: \u201c\u00a1Los buses ya no circulan!\u201d En el aire apareci\u00f3 ese sentimiento angustioso y se form\u00f3 una hoya en medio de la muchedumbre tranquila. \u201c\u00a1Los autobuses ya no circulan!\u201d \u2013 sigui\u00f3 insistiendo y la vieja grit\u00f3, aunque ya todos se daban cuenta de que no hab\u00eda sentido en lo que dec\u00eda. La otra se volvi\u00f3 \u2013 ella sonre\u00eda y seg\u00fan su sonrisa estaba claro que ten\u00eda miedo y verg\u00fcenza. Miedo porque se hab\u00eda asustado mucho. Y verg\u00fcenza porque comprend\u00eda que la situaci\u00f3n era absurda pero ni pod\u00eda aceptarlo y comportarse adecuadamente. \u201cLos autobuses ya no circulan\u201d \u2013 grit\u00f3 de nuevo la mujer, despu\u00e9s se volvi\u00f3 y se fue. Todos subieron al autob\u00fas. La hoya desapareci\u00f3. Cuando me acercaba a mi casa, a mi encuentro sali\u00f3 una anciana, la acompa\u00f1aba el perro. Es raro que digan que siempre se lleva guada\u00f1a\u2026 Y ella pod\u00eda no pasear aqu\u00ed esper\u00e1ndome, ya lo hab\u00eda comprendido todo. \u00a1Qu\u00e9 descarada que es! \u00a1A prop\u00f3sito ten\u00eda en mi bolso los bu\u00f1uelos muy buenos!<\/p>\n","protected":false},"excerpt":{"rendered":"<p>1. Se encontraron en el camino polvoriento, a pesar de los problemas cotidianos, animaciones y hormigueo. Era bueno que se encontraran. Alquilaron un piso, no les molestaba mucho su trabajo, ten\u00edan tiempo para el ocio y para el amor, sent\u00edan claramente que todo en este mundo era correcto. Alquilaron un piso de dos habitaciones, en [&hellip;]<\/p>\n","protected":false},"author":1,"featured_media":0,"parent":7551,"menu_order":0,"comment_status":"open","ping_status":"closed","template":"","meta":{"_acf_changed":false,"footnotes":""},"class_list":["post-7558","page","type-page","status-publish","hentry"],"acf":[],"yoast_head":"<!-- This site is optimized with the Yoast SEO plugin v27.2 - https:\/\/yoast.com\/product\/yoast-seo-wordpress\/ -->\n<title>Vaccinio es una baya rica - Selecci\u00f3n de estados atractivos<\/title>\n<meta name=\"robots\" content=\"index, follow, max-snippet:-1, max-image-preview:large, max-video-preview:-1\" \/>\n<link rel=\"canonical\" href=\"https:\/\/bodhi.name\/es\/home\/historias\/vaccinio-es-una-baya-rica\/\" \/>\n<meta property=\"og:locale\" content=\"es_ES\" \/>\n<meta property=\"og:type\" content=\"article\" \/>\n<meta property=\"og:title\" content=\"Vaccinio es una baya rica - Selecci\u00f3n de estados atractivos\" \/>\n<meta property=\"og:description\" content=\"1. Se encontraron en el camino polvoriento, a pesar de los problemas cotidianos, animaciones y hormigueo. Era bueno que se encontraran. Alquilaron un piso, no les molestaba mucho su trabajo, ten\u00edan tiempo para el ocio y para el amor, sent\u00edan claramente que todo en este mundo era correcto. Alquilaron un piso de dos habitaciones, en [&hellip;]\" \/>\n<meta property=\"og:url\" content=\"https:\/\/bodhi.name\/es\/home\/historias\/vaccinio-es-una-baya-rica\/\" \/>\n<meta property=\"og:site_name\" content=\"Selecci\u00f3n de estados atractivos\" \/>\n<meta name=\"twitter:card\" content=\"summary_large_image\" \/>\n<meta name=\"twitter:label1\" content=\"Tiempo de lectura\" \/>\n\t<meta name=\"twitter:data1\" content=\"12 minutos\" \/>\n<script type=\"application\/ld+json\" class=\"yoast-schema-graph\">{\"@context\":\"https:\/\/schema.org\",\"@graph\":[{\"@type\":\"WebPage\",\"@id\":\"https:\/\/bodhi.name\/es\/home\/historias\/vaccinio-es-una-baya-rica\/\",\"url\":\"https:\/\/bodhi.name\/es\/home\/historias\/vaccinio-es-una-baya-rica\/\",\"name\":\"Vaccinio es una baya rica - Selecci\u00f3n de estados atractivos\",\"isPartOf\":{\"@id\":\"https:\/\/bodhi.name\/ru\/#website\"},\"datePublished\":\"2015-01-29T17:20:45+00:00\",\"breadcrumb\":{\"@id\":\"https:\/\/bodhi.name\/es\/home\/historias\/vaccinio-es-una-baya-rica\/#breadcrumb\"},\"inLanguage\":\"es\",\"potentialAction\":[{\"@type\":\"ReadAction\",\"target\":[\"https:\/\/bodhi.name\/es\/home\/historias\/vaccinio-es-una-baya-rica\/\"]}]},{\"@type\":\"BreadcrumbList\",\"@id\":\"https:\/\/bodhi.name\/es\/home\/historias\/vaccinio-es-una-baya-rica\/#breadcrumb\",\"itemListElement\":[{\"@type\":\"ListItem\",\"position\":1,\"name\":\"\u0413\u043b\u0430\u0432\u043d\u0430\u044f \u0441\u0442\u0440\u0430\u043d\u0438\u0446\u0430\",\"item\":\"https:\/\/bodhi.name\/es\/\"},{\"@type\":\"ListItem\",\"position\":2,\"name\":\"P\u00e1gina principal\",\"item\":\"https:\/\/bodhi.name\/es\/\"},{\"@type\":\"ListItem\",\"position\":3,\"name\":\"Historias\",\"item\":\"https:\/\/bodhi.name\/es\/home\/historias\/\"},{\"@type\":\"ListItem\",\"position\":4,\"name\":\"Vaccinio es una baya rica\"}]},{\"@type\":\"WebSite\",\"@id\":\"https:\/\/bodhi.name\/ru\/#website\",\"url\":\"https:\/\/bodhi.name\/ru\/\",\"name\":\"Selecci\u00f3n de estados atractivos\",\"description\":\"Psicolog\u00eda experimental\",\"potentialAction\":[{\"@type\":\"SearchAction\",\"target\":{\"@type\":\"EntryPoint\",\"urlTemplate\":\"https:\/\/bodhi.name\/ru\/?s={search_term_string}\"},\"query-input\":{\"@type\":\"PropertyValueSpecification\",\"valueRequired\":true,\"valueName\":\"search_term_string\"}}],\"inLanguage\":\"es\"}]}<\/script>\n<!-- \/ Yoast SEO plugin. -->","yoast_head_json":{"title":"Vaccinio es una baya rica - Selecci\u00f3n de estados atractivos","robots":{"index":"index","follow":"follow","max-snippet":"max-snippet:-1","max-image-preview":"max-image-preview:large","max-video-preview":"max-video-preview:-1"},"canonical":"https:\/\/bodhi.name\/es\/home\/historias\/vaccinio-es-una-baya-rica\/","og_locale":"es_ES","og_type":"article","og_title":"Vaccinio es una baya rica - Selecci\u00f3n de estados atractivos","og_description":"1. Se encontraron en el camino polvoriento, a pesar de los problemas cotidianos, animaciones y hormigueo. Era bueno que se encontraran. Alquilaron un piso, no les molestaba mucho su trabajo, ten\u00edan tiempo para el ocio y para el amor, sent\u00edan claramente que todo en este mundo era correcto. Alquilaron un piso de dos habitaciones, en [&hellip;]","og_url":"https:\/\/bodhi.name\/es\/home\/historias\/vaccinio-es-una-baya-rica\/","og_site_name":"Selecci\u00f3n de estados atractivos","twitter_card":"summary_large_image","twitter_misc":{"Tiempo de lectura":"12 minutos"},"schema":{"@context":"https:\/\/schema.org","@graph":[{"@type":"WebPage","@id":"https:\/\/bodhi.name\/es\/home\/historias\/vaccinio-es-una-baya-rica\/","url":"https:\/\/bodhi.name\/es\/home\/historias\/vaccinio-es-una-baya-rica\/","name":"Vaccinio es una baya rica - Selecci\u00f3n de estados atractivos","isPartOf":{"@id":"https:\/\/bodhi.name\/ru\/#website"},"datePublished":"2015-01-29T17:20:45+00:00","breadcrumb":{"@id":"https:\/\/bodhi.name\/es\/home\/historias\/vaccinio-es-una-baya-rica\/#breadcrumb"},"inLanguage":"es","potentialAction":[{"@type":"ReadAction","target":["https:\/\/bodhi.name\/es\/home\/historias\/vaccinio-es-una-baya-rica\/"]}]},{"@type":"BreadcrumbList","@id":"https:\/\/bodhi.name\/es\/home\/historias\/vaccinio-es-una-baya-rica\/#breadcrumb","itemListElement":[{"@type":"ListItem","position":1,"name":"\u0413\u043b\u0430\u0432\u043d\u0430\u044f \u0441\u0442\u0440\u0430\u043d\u0438\u0446\u0430","item":"https:\/\/bodhi.name\/es\/"},{"@type":"ListItem","position":2,"name":"P\u00e1gina principal","item":"https:\/\/bodhi.name\/es\/"},{"@type":"ListItem","position":3,"name":"Historias","item":"https:\/\/bodhi.name\/es\/home\/historias\/"},{"@type":"ListItem","position":4,"name":"Vaccinio es una baya rica"}]},{"@type":"WebSite","@id":"https:\/\/bodhi.name\/ru\/#website","url":"https:\/\/bodhi.name\/ru\/","name":"Selecci\u00f3n de estados atractivos","description":"Psicolog\u00eda experimental","potentialAction":[{"@type":"SearchAction","target":{"@type":"EntryPoint","urlTemplate":"https:\/\/bodhi.name\/ru\/?s={search_term_string}"},"query-input":{"@type":"PropertyValueSpecification","valueRequired":true,"valueName":"search_term_string"}}],"inLanguage":"es"}]}},"_links":{"self":[{"href":"https:\/\/bodhi.name\/es\/wp-json\/wp\/v2\/pages\/7558","targetHints":{"allow":["GET"]}}],"collection":[{"href":"https:\/\/bodhi.name\/es\/wp-json\/wp\/v2\/pages"}],"about":[{"href":"https:\/\/bodhi.name\/es\/wp-json\/wp\/v2\/types\/page"}],"author":[{"embeddable":true,"href":"https:\/\/bodhi.name\/es\/wp-json\/wp\/v2\/users\/1"}],"replies":[{"embeddable":true,"href":"https:\/\/bodhi.name\/es\/wp-json\/wp\/v2\/comments?post=7558"}],"version-history":[{"count":1,"href":"https:\/\/bodhi.name\/es\/wp-json\/wp\/v2\/pages\/7558\/revisions"}],"predecessor-version":[{"id":7559,"href":"https:\/\/bodhi.name\/es\/wp-json\/wp\/v2\/pages\/7558\/revisions\/7559"}],"up":[{"embeddable":true,"href":"https:\/\/bodhi.name\/es\/wp-json\/wp\/v2\/pages\/7551"}],"wp:attachment":[{"href":"https:\/\/bodhi.name\/es\/wp-json\/wp\/v2\/media?parent=7558"}],"curies":[{"name":"wp","href":"https:\/\/api.w.org\/{rel}","templated":true}]}}