{"id":7556,"date":"2015-01-29T21:19:39","date_gmt":"2015-01-29T17:19:39","guid":{"rendered":"http:\/\/suri-catt.com\/?page_id=7556"},"modified":"2015-01-29T21:19:39","modified_gmt":"2015-01-29T17:19:39","slug":"el-encuentro","status":"publish","type":"page","link":"https:\/\/bodhi.name\/es\/home\/historias\/el-encuentro\/","title":{"rendered":"El encuentro"},"content":{"rendered":"<p>Estoy mirando tu foto. La miro un minuto&#8230;dos..miro atentamente, sin fijar la mirada en ninguna cosa en concreto, mi atenci\u00f3n empieza a distraerse, la foto se hace viva, la imagen empieza a temblar, ya la tengo muy vaga y&#8230; Estoy delante del div\u00e1n en el que est\u00e1s tumbada. No s\u00e9 como portarme. Tengo ganas de sentarme a tus pies. Me siento y te mueves para que yo pueda hacerlo con comodidad, sin darme cuenta de lo que estoy haciendo te detengo porque no quiero que apartes las piernas. Precisamente en este momento mi atenci\u00f3n est\u00e1 concentrada en ellas y mis manos empiezan a acariciar tus pies&#8230; pasan por ellos, suben a la rodilla de tu pierna izquierda que est\u00e1 encima de la derecha&#8230; no veo nada, s\u00f3lo un matiz violeta est\u00e1 delante de mis ojos que es el color de c\u00f3mo est\u00e1n tus piernas, c\u00f3mo mueven de mis caricias&#8230; de pronto empiezo a sentir el peso de tu pierna, siento como aprieta con su peso la otra pierna, cojo tu pie con la mano izquierda y con la derecha un poco m\u00e1s arriba, con el tobillo me esfuerzo como si quisiera levantarla para que este peso se haga un poco m\u00e1s real y de pronto me quedo como fulminado por el calor, y siento que me llena el ardor, siento el calor all\u00ed, entre tus piernas. Siento claramente como entre tus piernas aparecen las gotas de sudor porque hace demasiado calor para estar as\u00ed con las piernas apretadas&#8230; \u00bfC\u00f3mo lo siento? No lo s\u00e9. Creo que con el coraz\u00f3n. Me esfuerzo un poco y al levantar tu pierna, la pongo sobre mis rodillas. Con la mano izquierda sigo aguantando tu pie y mi palma se llena con el sabor de tu pie- no la muevo con mi mano \u2013 ella misma se desliza ligeramente por tu pierna y se detiene y de nuevo se pone a deslizar&#8230; mis dedos tocan los puntos de dedos, los aprietan y un temblor, no, mejor dicho una vibraci\u00f3n aparece entre ellos y despu\u00e9s de \u00e9ste baja el ardor escapando del mundo de tus caderas&#8230; siento claramente el sabor de tu planta como si la hubiera lamido con mi lengua&#8230; hace calor&#8230; con la otra mano abrazo los dedos de tu pie y me doy cuenta de que estoy muy a gusto&#8230; T\u00fa giras un poco en el div\u00e1n y te pones boca arriba, no sabes donde poner tu otra pierna para sentirte c\u00f3moda, te ayudo y pongo tu otra pierna a mis rodillas. Echas la cabeza hacia atr\u00e1s pero ahora no es para resultar bien en la foto, ahora es el eje de la energ\u00eda que sale del punto donde mi mano se une con tu planta, pasa por todo el cuerpo y te hace estirarte espasm\u00f3dico-dulcemente&#8230; tus rodillas est\u00e1n un poco abiertas incapazmente y con pasi\u00f3n&#8230; mi mano se desliza por ellas, siento tu rodilla..pero regreso a tus pies&#8230;el ritmo se acelera&#8230; \u00bfqu\u00e9 ritmo? \u00bfel ritmo de qu\u00e9? No lo s\u00e9, es el ritmo del silencio. Es el ritmo del latido del color en mi pecho. Cojo con dos manos tu pies, mis manos lo acercan a la cara y aprieto tu planta a la mejilla&#8230;siento claramente el sabor de tu planta como si la hubiera lamido con la lengua&#8230;como si&#8230; pero no me satisface. Es como si&#8230; tuviera que sentir en realidad su sabor&#8230; te lamo&#8230; me quedo estupefacto, me estremezco, flipo y lo mismo pasa contigo: la rodilla se estremece del calambre muscular y tengo que apretar tu pie con fuerza&#8230; paso con la lengua por toda la superficie de tu planta&#8230; muy lentamente&#8230; disfrutando con esta acci\u00f3n inocente. Pero al mismo tiempo brutalmente sexual, tu piel est\u00e1 oculta en mi con las medias pero la siento igualmente. Siento tu sabor&#8230; \u00e9ste baja abrazando suavemente mi techo, mi vientre, m\u00e1s abajo&#8230; todo est\u00e1 envuelto con el ardor de este sabor&#8230; te lamo entre los dedos y es que casi no se puede aguantar&#8230;muerdo un poco tus dedos&#8230; tiemblas con todo el cuerpo, se te escapa un grito&#8230; y veo que entre tus piernas, all\u00ed, en la profundidad se enciende una bola de fuego&#8230; y a su encuentro ya se me sube el poste de fuego en la profundidad de mi pubis&#8230; y es s\u00f3lo el presentimiento, es s\u00f3lo la primera r\u00e1faga del viento que viene antes de una tormenta&#8230; y seg\u00fan los presagios amenazantes se ve claramente su potencia que penetrar\u00e1 a nuestros cuerpos y almas.<\/p>\n<p>Cuando me acuesto, te abrazo y en seguida empiezo a sentirte. No te molesto al conciliar el sue\u00f1o, solo te toco suavemente los pechos. Pero al principio J . Y despu\u00e9s no puedo aguantar y las beso, las lamo. Pero no lo puede soportar durante mucho rato y te abrazo, tus manos encuentran las m\u00edas, y nuestros labios&#8230; nuestros labios no pueden existir separadamente&#8230; no pueden&#8230; es imposible. Beso tus mejillas, tu nariz, frente pero es poco para m\u00ed y como un perro fiel empiezo a lamer tu cara y no puedo parar y por lo que hago en ti nace algo&#8230; y tus piernas se abren, me presionan, me atraen, me obligan que lo haga todo m\u00e1s r\u00e1pido, que entre ahora mismo&#8230; Disfruto cuando siento como tus piernas fuertes me obligan a entrar&#8230; obedezco a su voluntad aparto de tus labios, me siento, tus piernas me rodean, ya no puedes esperar, pongo mis manos sobre tus caderas y las mantengo all\u00ed. Te acercas a mi, estamos muy juntos, ya no podemos acercarnos m\u00e1s, un poco m\u00e1s y entro en ti&#8230; Pero s\u00e9 perfectamente lo que quiero y cojo tus tobillos para levantar tus pies, aprieto tus pies a mi cara y espero&#8230; ya no tengo fuerzas para esperar, pero espero&#8230; y tus brazos se encuentran con mi polla, tus dedos la rodean y se llenan con temblor y el zumbido que emana. Perdiendo fuerzas por la espera empiezo a moverme lentamente y mi polla se desliza en tus manos. La aprietas muy cerca de tu pubis y su deslizamiento ya no es tan inocente. Apart\u00e1ndome un poco te doy la oportunidad de inclinarla hacia abajo y por fin mi polla se hunde en tu humanidad y suavidad. Tus piernas son muy tensas y me aprietan como tenazas, cojo tus brazos porque tu misma nunca las apartar\u00edas y siento como tus pu\u00f1os se hacen m\u00e1s grandes o m\u00e1s peque\u00f1os siguiendo los movimientos de mi polla y su ardor penetra en tus dedos y despu\u00e9s en los m\u00edos. Siento que ya estoy a punto de introducir mi polla. Pero me supero porque ahora vuelvo a apartarme y pongo mi mano encima&#8230; mis dedos abren los labios (en castellano se dice igual, jeje) (e-e-e&#8230; en ruso esto se llama los labios&#8230; espero que entiendes de que se trata&#8230; si no.. te explico) se hacen h\u00famedos en seguida pero quiero saber tu sabor, me aparto y me pongo entre tus piernas pero tus manos me buscan entonces me doy vuelta y me pongo encima. Ahora tus manos y mis manos y nuestros labios pueden encontrar todo lo que quieran&#8230; Pongo mis manos bajo tu culo y lo subo un poco, empiezo a chuparte, est\u00e1s tan h\u00fameda, te lamo los labios, tu sexo que se aprieta y se abre es la pasi\u00f3n espasm\u00f3dica y con la punta de la lengua penetro un poco adelante&#8230; y en este momento todos mis m\u00fasculos se ponen en tensi\u00f3n porque tus manos que apretaban mi polla cedieron el sitio a tu lengua suave y no puedo tenerla sujeta, por lo que ya no se llama polla. Aprieto mi fuego a tus labios, se abren lentamente e introduzco mi lengua en ti y empezamos gemir al mismo tiempo&#8230; No podemos hacer nada m\u00e1s, estoy en ti y t\u00fa en m\u00ed y sentimos como nuestras almas se unen en un sentido muy especial, antes esto era imposible. Muevo mi lengua en ti y siento como tus dientes se aprietan y tu lengua me acaricia. Sigo movi\u00e9ndome y t\u00fa pones tus manos en mi culo y lo aprietas fuertemente.<\/p>\n<p>Si no tomo en cuenta lo que acabamos de empezar habr\u00edamos podido corrernos diez veces, pero eso no es para nosotros. Me pongo a tu lado y beso tus pechos, los muerdo y nos abrazamos, temblando de pasi\u00f3n. Tenemos que dormirnos y al despertar ma\u00f1ana empezarlo todo de nuevo, pero ya en un nuevo nivel de energ\u00eda y amor. \u00bfPero acaso es posible conciliar el sue\u00f1o cuando estamos tan calientes? Acaso se puede conciliar el sue\u00f1o cuando estamos tan cerca cuando est\u00e1s dispuesta a romper la manta con los dientes con la que estamos tapados para mirar mi cuerpo, cuando quiero follarte no quiero violarte. Quiero machacarte, atar tus manos, abrir tus piernas y entrar en ti con toda mi fuerza, de modo vulgar y perverso para que grites de un placer insoportable y bestial, quiero agarrar tus tetas y mantenerlas as\u00ed y follarte hasta que tu grito se convierta en un gemido, en un aullido, hasta que llores. Y entonces te abrazo y nos miramos a los ojos hasta que nos corremos juntos en silencio. Si hubi\u00e9ramos sido capaces de hacer m\u00e1s lo habr\u00edamos hecho&#8230; pero a pesar de todo hab\u00eda que conciliar el sue\u00f1o. Y aprenderemos a dormir juntos cuando nuestros cuerpos est\u00e9n calientes y las almas brillen para despedirnos ma\u00f1ana y seguir nuestro camino&#8230; ma\u00f1ana suena un poco raro porque nos despertamos dentro de una hora y nos echamos uno al otro para volver a aguantar y dormirnos de nuevo y volver a despertarnos dentro de un rato.<\/p>\n<p>\u00bfEste sue\u00f1o es tuyo o no? La polla cubierta de tu sangre menstrual que sale de tu co\u00f1o es la daga que sale del coraz\u00f3n. Los pezones de color de sangre y la sangre del color de los pezones. Las piernas abiertas y dobladas un poco, los pies que descansan al lado de los m\u00edos. Los ojos llenos de pasi\u00f3n, la nariz que es tan sensible cuando la lamo con la lengua, la boca entreabierta que deja ver el punto h\u00famedo de tu lengua rosada y que huele todav\u00eda a mi sexo y este olor, este sabor y la conciencia de un deseo incre\u00edble de correrme en tu boca. Todo esto crea el deleite y esta tensi\u00f3n est\u00e1 bien)tensi\u00f3n) . Sus labios que besan tu pierna, te muerdo los dedos de tus pies, acarici\u00e1ndote con sentimiento. El pone su polla tensa en tu boca pero no cabe toda y la coges con la mano, la polla se desliza en tu boca, la acaricias con los labios y con la lengua, las nalgas de \u00e9l suben y bajan encima de tu cara, pones sus manos sobre ellas, no, mejor dicho te agarras en ellas y las ara\u00f1as&#8230;, un gemido largo y profundo se le escapa cuando tu dedo entra en su culo&#8230; y cuando t\u00fa, loca de lo que hace su lengua con tu cl\u00edtoris y sus dedos con tu co\u00f1o, muerdes suavemente pero al mismo tiempo bastante fuerte como para que lo sienta. \u00c9l como un potro, al que han dado un latigazo, ya no puede aguantar y empieza a follarte la boca y de pronto el chorro de semen caliente&#8230; t\u00fa aprietas su cabeza con las piernas en espasmo y los m\u00fasculos del vientre poni\u00e9ndose en tensi\u00f3n como si empujaran de ti toda tu pasi\u00f3n, todas tus fuerzas y sus manos que tocan tus rodillas y tu pecho que est\u00e1 lleno de fuego de pasi\u00f3n, y tus tetas altas y super sensibles a las caricias m\u00e1s ligeras&#8230;. todo te hace volverte loca&#8230;<\/p>\n<p>Hoy todo es perfecto, me siento tan a gusto contigo&#8230; nuestras caricias son tan naturales, finas, sanas, bonitas&#8230; Son tan bonitas como los juegos de las liebres en el claro de bosque durante un d\u00eda soleado. Como el guindo cubierto con las flores de la primavera. .. Es tan sorprendente recibir un placer er\u00f3tico tan fuerte y encontrar en este placer un sentimiento est\u00e9tico tan precioso, y en seguida mi pensamientos son tan alegres y ellos pertenecen a los dos, nos tocan, juegan con nosotros, no regalan sus im\u00e1genes, asociaciones, contemplan paradojas incre\u00edbles y al mismo tiempo los v\u00ednculos inesperados y cristalinos. Mi coraz\u00f3n est\u00e1 lleno de ti, todo mi ser es el \u00f3rgano, es el arpa y t\u00fa tocas este arpa con el viento de tu amor&#8230;y nuestros sonidos se unen y no hay nada exagerado ni insuficiente. Ya est\u00e1s dormida y yo&#8230; a escondidas subo la manta y te observo&#8230; respiras tranquilamente&#8230; tus pechos&#8230;como me atraen ahora! Tienes suerte de estar dormida y no sentir lo que estoy sintiendo yo! Y yo beso tus tetas pero suavemente y sin ruido para no despertarte&#8230; beso tus pezones&#8230; los mantengo unos minutos en mi boca sin hacer nada&#8230; te quito la manta&#8230; tengo calor&#8230; tengo tanto calor que no tendr\u00e1s fr\u00edo sin la manta&#8230; \u00a1que guapa eres! Empiezo a besar tus manos, subo&#8230; ahora estoy besando tus codos&#8230;ahora tus hombros&#8230; que hago con mi polla&#8230; ya es tan tensa&#8230; muy tensa&#8230; la aprieto a tu cadera y me quedo inm\u00f3vil durante unos segundos&#8230; con cuidado pongo mi pierna en ti y te abrazo y aprieto mi fuertemente&#8230;est\u00e1s dormida&#8230; beso tus labios&#8230; me pongo de rodillas a tu lado&#8230; eres preciosa&#8230;hasta cuando duermes tu cuerpo emana pasi\u00f3n&#8230; tu brazo est\u00e1 en tu pubis&#8230; la aprieto y huelo el hoyo entre tus piernas. Que olor&#8230;este olor&#8230; me gusta mucho&#8230; me siento feliz&#8230; que bueno que estabas cansada y no te duchaste. Respiro a pleno pulm\u00f3n y este olor penetra en mi, llena mi pecho, difunde en mi sangre, se introduce en mi ser&#8230; como un ladr\u00f3n de noche beso a hurtadillas tu rodilla, bajo a tus pies&#8230; amo tus pies, me gusta amarlos&#8230; y mi mejilla siente el cari\u00f1o de tu piel y mis labios empiezan a acariciarlos&#8230; levanto tu pierna y la aparto de la otra&#8230; y de pronto se me ocurre una fantas\u00eda impactante. Me siento al lado de tu cabeza y empiezo a tocarte con mi polla&#8230; es insoportable&#8230;siento pasi\u00f3n por tus ojos, por tu nariz, por los labios, me siento encima de ti y mi miembro pasa por tus labios&#8230; no s\u00e9 d\u00f3nde encuentro las fuerzas para aguantarlo&#8230; cojo mi polla en la mano y la paso por tu boca&#8230; y otra vez&#8230; y otra&#8230; me apetece mucho introducirla&#8230; pero no quiero despertarte&#8230; mis dedos abren tu boca&#8230; apartan tus dientes&#8230; muy lentamente&#8230; y ya se puede, se puede pero no me atrevo, la polla se detiene justo delante de tus labios y entro&#8230; m\u00e1s adelante&#8230; me quedo inm\u00f3vil durante unos segundos&#8230; miro tu cara&#8230; observo mi polla, tensa, grande, puedo ver s\u00f3lo la mitad&#8230; y de pronto siento tu lengua y me has acariciado apretando los labios&#8230; pero no est\u00e1s despierta&#8230; simplemente como un beb\u00e9 chupas tu chupete&#8230;es&#8230;\u00bfcomo se puede aguantar esto? Me muerdo el labio y siento el sabor de la sangre&#8230; s\u00f3lo as\u00ed me puedo relajar un poco&#8230;Y me pongo a moverme muy despacio, guardando silencio&#8230;no puedo apartar la vista de tu cara, de tu boca en la que penetra mi sexo y despu\u00e9s se retira&#8230;creo que est\u00e1s teniendo dulces sue\u00f1os&#8230;J tal vez sue\u00f1as con lo que est\u00e1 pasando ahora. Miro a tus ojos, paso a trav\u00e9s de tus p\u00e1rpados cerrados y veo&#8230; veo&#8230; S\u00ed que veo&#8230;. veo que est\u00e1s so\u00f1ando conmigo, con que estoy dormido y t\u00fa acaricias suavemente mi polla con tus labios, tu lengua pasa por toda la superficie y goza del sabor de la pasi\u00f3n que hemos tenido esa noche&#8230; te restriegas tu nariz contra mi sexo&#8230;me lames, me chupas, me muerdes con el sentimiento, con la pasi\u00f3n, con el amor. Tomas mi polla en tu boca y empiezas a morderla ligeramente con toda tu voluptuosidad&#8230; para sentir su tensi\u00f3n y a ti tambi\u00e9n se te ocurre un pensamiento jugoso y te pones entre mis piernas, empiezas a besar mis rodillas, mi cuerpo te responde, mis m\u00fasculos se ponen tensos, para ti es imposible parar, te encanta la belleza del cuero masculino&#8230; muerdes mi pierna&#8230; ahora un poco hacia arriba&#8230; impaciente apartas mis piernas, empiezas a lamer mi sexo, lo coges en la mano, lo subes un poco, y pasas por el con tu lengua&#8230;. nos estremecemos los dos, tu lengua me acaricia muy lentamente&#8230; tiene tantas ganas de entrar&#8230; \u00bfqui\u00e9n de nosotros tiene este sue\u00f1o?&#8230; hace mucho que no puedo contestar a esta pregunta&#8230; tal vez es mi sue\u00f1o con el que est\u00e1s so\u00f1ado con lo que est\u00e1 pasando&#8230;Nos abrazamos, mi miembro esta apretado contra tu pubis, me bajo un poco&#8230; se puede hacer esto en el sue\u00f1o&#8230;en el sue\u00f1o&#8230; todo est\u00e1 pasando en el sue\u00f1o&#8230; quiz\u00e1&#8230;miro a tu cara y siento como te abres&#8230; para permitirme introducir mi polla&#8230; todo esto pasa en el sue\u00f1o&#8230; casi estoy dentro&#8230; all\u00ed hace tanto calor&#8230; mejor dicho ardor&#8230; y humedad&#8230; entrar determinadamente no cuesta nada&#8230; ocuparme, no me das de un segundo&#8230; pero a m\u00ed me gusta esperar&#8230;y esta tortura parece que dura toda una hora&#8230; al levantarme me pongo las piernas a lo largo de las tuyas y las aprieto&#8230; ahora tus piernas est\u00e1n bien apretadas&#8230;me pongo encima, te abrazo , cierro los ojos y me relajo&#8230; estoy tumbado encima de ti&#8230;. casi inocentemente&#8230;.y ahora empiezo a moverme pero muy lentamente&#8230; muy lentamente&#8230; eternamente lento&#8230;. a d\u00f3nde me muevo? Me parece que me voy al otro mundo, ya no es el sue\u00f1o&#8230; ya estamos juntos, juntos en lugar donde brilla el sol, donde la hierba es siempre verde, donde el agua es transparente&#8230; estamos en la orilla de un riachuelo&#8230; est\u00e1s sentada con las piernas colgante, estoy abraz\u00e1ndote y besando tu pelo&#8230; nuestras manos se encuentran y se quedan inm\u00f3viles&#8230; la eternidad nos observa y nos envidia&#8230; envidia a nuestra felicidad y a nuestra transitoriedad&#8230; la gente fuerte, alegre, la gente de ojos azules pasan y nos sonr\u00eden y le respondemos con la risa&#8230;esta risa suena como el trueno de plata y el cielo se desat\u00f3 con la lluvia de oro con las gotas ligeras doradas&#8230; el mundo se inclina inesperadamente y abre sus dimensiones incontables y la mirada penetra a todas las partes y se convierte en todo lo que existe y en todo lo que se ve&#8230; y sobrevivimos a las transformaciones interminables durante un momento corto e incomprensible.<\/p>\n","protected":false},"excerpt":{"rendered":"<p>Estoy mirando tu foto. La miro un minuto&#8230;dos..miro atentamente, sin fijar la mirada en ninguna cosa en concreto, mi atenci\u00f3n empieza a distraerse, la foto se hace viva, la imagen empieza a temblar, ya la tengo muy vaga y&#8230; Estoy delante del div\u00e1n en el que est\u00e1s tumbada. No s\u00e9 como portarme. Tengo ganas de [&hellip;]<\/p>\n","protected":false},"author":1,"featured_media":0,"parent":7551,"menu_order":0,"comment_status":"open","ping_status":"closed","template":"","meta":{"_acf_changed":false,"footnotes":""},"class_list":["post-7556","page","type-page","status-publish","hentry"],"acf":[],"yoast_head":"<!-- This site is optimized with the Yoast SEO plugin v27.2 - https:\/\/yoast.com\/product\/yoast-seo-wordpress\/ -->\n<title>El encuentro - Selecci\u00f3n de estados atractivos<\/title>\n<meta name=\"robots\" content=\"index, follow, max-snippet:-1, max-image-preview:large, max-video-preview:-1\" \/>\n<link rel=\"canonical\" href=\"https:\/\/bodhi.name\/es\/home\/historias\/el-encuentro\/\" \/>\n<meta property=\"og:locale\" content=\"es_ES\" \/>\n<meta property=\"og:type\" content=\"article\" \/>\n<meta property=\"og:title\" content=\"El encuentro - Selecci\u00f3n de estados atractivos\" \/>\n<meta property=\"og:description\" content=\"Estoy mirando tu foto. La miro un minuto&#8230;dos..miro atentamente, sin fijar la mirada en ninguna cosa en concreto, mi atenci\u00f3n empieza a distraerse, la foto se hace viva, la imagen empieza a temblar, ya la tengo muy vaga y&#8230; Estoy delante del div\u00e1n en el que est\u00e1s tumbada. No s\u00e9 como portarme. Tengo ganas de [&hellip;]\" \/>\n<meta property=\"og:url\" content=\"https:\/\/bodhi.name\/es\/home\/historias\/el-encuentro\/\" \/>\n<meta property=\"og:site_name\" content=\"Selecci\u00f3n de estados atractivos\" \/>\n<meta name=\"twitter:card\" content=\"summary_large_image\" \/>\n<meta name=\"twitter:label1\" content=\"Tiempo de lectura\" \/>\n\t<meta name=\"twitter:data1\" content=\"16 minutos\" \/>\n<script type=\"application\/ld+json\" class=\"yoast-schema-graph\">{\"@context\":\"https:\/\/schema.org\",\"@graph\":[{\"@type\":\"WebPage\",\"@id\":\"https:\/\/bodhi.name\/es\/home\/historias\/el-encuentro\/\",\"url\":\"https:\/\/bodhi.name\/es\/home\/historias\/el-encuentro\/\",\"name\":\"El encuentro - Selecci\u00f3n de estados atractivos\",\"isPartOf\":{\"@id\":\"https:\/\/bodhi.name\/ru\/#website\"},\"datePublished\":\"2015-01-29T17:19:39+00:00\",\"breadcrumb\":{\"@id\":\"https:\/\/bodhi.name\/es\/home\/historias\/el-encuentro\/#breadcrumb\"},\"inLanguage\":\"es\",\"potentialAction\":[{\"@type\":\"ReadAction\",\"target\":[\"https:\/\/bodhi.name\/es\/home\/historias\/el-encuentro\/\"]}]},{\"@type\":\"BreadcrumbList\",\"@id\":\"https:\/\/bodhi.name\/es\/home\/historias\/el-encuentro\/#breadcrumb\",\"itemListElement\":[{\"@type\":\"ListItem\",\"position\":1,\"name\":\"\u0413\u043b\u0430\u0432\u043d\u0430\u044f \u0441\u0442\u0440\u0430\u043d\u0438\u0446\u0430\",\"item\":\"https:\/\/bodhi.name\/es\/\"},{\"@type\":\"ListItem\",\"position\":2,\"name\":\"P\u00e1gina principal\",\"item\":\"https:\/\/bodhi.name\/es\/\"},{\"@type\":\"ListItem\",\"position\":3,\"name\":\"Historias\",\"item\":\"https:\/\/bodhi.name\/es\/home\/historias\/\"},{\"@type\":\"ListItem\",\"position\":4,\"name\":\"El encuentro\"}]},{\"@type\":\"WebSite\",\"@id\":\"https:\/\/bodhi.name\/ru\/#website\",\"url\":\"https:\/\/bodhi.name\/ru\/\",\"name\":\"Selecci\u00f3n de estados atractivos\",\"description\":\"Psicolog\u00eda experimental\",\"potentialAction\":[{\"@type\":\"SearchAction\",\"target\":{\"@type\":\"EntryPoint\",\"urlTemplate\":\"https:\/\/bodhi.name\/ru\/?s={search_term_string}\"},\"query-input\":{\"@type\":\"PropertyValueSpecification\",\"valueRequired\":true,\"valueName\":\"search_term_string\"}}],\"inLanguage\":\"es\"}]}<\/script>\n<!-- \/ Yoast SEO plugin. -->","yoast_head_json":{"title":"El encuentro - Selecci\u00f3n de estados atractivos","robots":{"index":"index","follow":"follow","max-snippet":"max-snippet:-1","max-image-preview":"max-image-preview:large","max-video-preview":"max-video-preview:-1"},"canonical":"https:\/\/bodhi.name\/es\/home\/historias\/el-encuentro\/","og_locale":"es_ES","og_type":"article","og_title":"El encuentro - Selecci\u00f3n de estados atractivos","og_description":"Estoy mirando tu foto. La miro un minuto&#8230;dos..miro atentamente, sin fijar la mirada en ninguna cosa en concreto, mi atenci\u00f3n empieza a distraerse, la foto se hace viva, la imagen empieza a temblar, ya la tengo muy vaga y&#8230; Estoy delante del div\u00e1n en el que est\u00e1s tumbada. No s\u00e9 como portarme. Tengo ganas de [&hellip;]","og_url":"https:\/\/bodhi.name\/es\/home\/historias\/el-encuentro\/","og_site_name":"Selecci\u00f3n de estados atractivos","twitter_card":"summary_large_image","twitter_misc":{"Tiempo de lectura":"16 minutos"},"schema":{"@context":"https:\/\/schema.org","@graph":[{"@type":"WebPage","@id":"https:\/\/bodhi.name\/es\/home\/historias\/el-encuentro\/","url":"https:\/\/bodhi.name\/es\/home\/historias\/el-encuentro\/","name":"El encuentro - Selecci\u00f3n de estados atractivos","isPartOf":{"@id":"https:\/\/bodhi.name\/ru\/#website"},"datePublished":"2015-01-29T17:19:39+00:00","breadcrumb":{"@id":"https:\/\/bodhi.name\/es\/home\/historias\/el-encuentro\/#breadcrumb"},"inLanguage":"es","potentialAction":[{"@type":"ReadAction","target":["https:\/\/bodhi.name\/es\/home\/historias\/el-encuentro\/"]}]},{"@type":"BreadcrumbList","@id":"https:\/\/bodhi.name\/es\/home\/historias\/el-encuentro\/#breadcrumb","itemListElement":[{"@type":"ListItem","position":1,"name":"\u0413\u043b\u0430\u0432\u043d\u0430\u044f \u0441\u0442\u0440\u0430\u043d\u0438\u0446\u0430","item":"https:\/\/bodhi.name\/es\/"},{"@type":"ListItem","position":2,"name":"P\u00e1gina principal","item":"https:\/\/bodhi.name\/es\/"},{"@type":"ListItem","position":3,"name":"Historias","item":"https:\/\/bodhi.name\/es\/home\/historias\/"},{"@type":"ListItem","position":4,"name":"El encuentro"}]},{"@type":"WebSite","@id":"https:\/\/bodhi.name\/ru\/#website","url":"https:\/\/bodhi.name\/ru\/","name":"Selecci\u00f3n de estados atractivos","description":"Psicolog\u00eda experimental","potentialAction":[{"@type":"SearchAction","target":{"@type":"EntryPoint","urlTemplate":"https:\/\/bodhi.name\/ru\/?s={search_term_string}"},"query-input":{"@type":"PropertyValueSpecification","valueRequired":true,"valueName":"search_term_string"}}],"inLanguage":"es"}]}},"_links":{"self":[{"href":"https:\/\/bodhi.name\/es\/wp-json\/wp\/v2\/pages\/7556","targetHints":{"allow":["GET"]}}],"collection":[{"href":"https:\/\/bodhi.name\/es\/wp-json\/wp\/v2\/pages"}],"about":[{"href":"https:\/\/bodhi.name\/es\/wp-json\/wp\/v2\/types\/page"}],"author":[{"embeddable":true,"href":"https:\/\/bodhi.name\/es\/wp-json\/wp\/v2\/users\/1"}],"replies":[{"embeddable":true,"href":"https:\/\/bodhi.name\/es\/wp-json\/wp\/v2\/comments?post=7556"}],"version-history":[{"count":1,"href":"https:\/\/bodhi.name\/es\/wp-json\/wp\/v2\/pages\/7556\/revisions"}],"predecessor-version":[{"id":7557,"href":"https:\/\/bodhi.name\/es\/wp-json\/wp\/v2\/pages\/7556\/revisions\/7557"}],"up":[{"embeddable":true,"href":"https:\/\/bodhi.name\/es\/wp-json\/wp\/v2\/pages\/7551"}],"wp:attachment":[{"href":"https:\/\/bodhi.name\/es\/wp-json\/wp\/v2\/media?parent=7556"}],"curies":[{"name":"wp","href":"https:\/\/api.w.org\/{rel}","templated":true}]}}