{"id":6956,"date":"2014-12-22T07:04:55","date_gmt":"2014-12-22T03:04:55","guid":{"rendered":"http:\/\/suri-catt.com\/?page_id=6956"},"modified":"2014-12-22T07:24:56","modified_gmt":"2014-12-22T03:24:56","slug":"prologo","status":"publish","type":"page","link":"https:\/\/bodhi.name\/es\/home\/seleccion-2005-el-camino-a-conciencia-clara\/prologo\/","title":{"rendered":"Pr\u00f3logo"},"content":{"rendered":"<p>Mi nombre es Bodji.<\/p>\n<p>Este libro es un manual pr\u00e1ctico. En \u00e9l, est\u00e1n expuestos los m\u00e9todos que, si se siguen sincera y persistentemente, le llevar\u00e1n a uno por el camino m\u00e1s corto hacia la libertad de sufrimientos, (emociones negativas, falsas concepciones, deseos mec\u00e1nicos, sentimientos desagradables&#8230;) y al comienzo de una vida totalmente diferente, llena de descubrimientos y percepciones iluminadas.<\/p>\n<p>El libro est\u00e1 adaptado a la vida moderna y est\u00e1 bastante detallado, pues no quiero suscitar en el lector una explosi\u00f3n simple de emociones,\u00a0 para que despu\u00e9s recaiga y regrese a la vida ins\u00edpida de antes pues lo que quiero es indicar precisamente el camino recto a las percepciones iluminadas.<\/p>\n<p>El objetivo m\u00ednimo, es alcanzar una condici\u00f3n para que, en el momento de la muerte, la claridad de conciencia permanezca integra y permita continuar sin interrupci\u00f3n la pr\u00e1ctica entre los nacimientos y los nacimientos pr\u00f3ximos sin sumirse en la tenebrosidad manteniendo la manifestaci\u00f3n continua de PI en un estado de libertad total de sufrimientos.\u00a0 Es dif\u00edcil explicar el inmenso abismo que existe entre una persona que lo haya alcanzado y la gente ordinaria.<\/p>\n<p>Cuando en el a\u00f1o 2005 empec\u00e9 a escribir este libro, esperaba que no fuera en vano, que un d\u00eda suscitar\u00eda una gran resonancia y conocimiento de c\u00f3mo se quiere vivir. Aunque desconoc\u00eda c\u00f3mo y cuando pasar\u00eda.<\/p>\n<p>Hasta el a\u00f1o 2005, miles de personas leyeron este libro, bien parcial o totalmente. Unos doscientos intentaron aplicar los m\u00e9todos expuestos por mi. De ellos, unas decenas se sintieron tan entusiasmadas por cuanto su vida cambi\u00f3 que ahora no se imaginan volver a desarrollar los sufrimientos. Soy consciente que mi libro puede tener demanda de aqu\u00ed a mil o dos mil a\u00f1os. Hasta ahora, puede que haya s\u00f3lo algunas personas extra\u00f1as que quieran convertirse en seres libres. Y precisamente para ellos es este libro: para los que quieran convertirse en viajeros del mundo de las percepciones iluminadas bien ahora, en 20 \u00f3 en 2000 a\u00f1os.<\/p>\n<p>La simple existencia de mi libro, despierta una actitud negativa en un gran n\u00famero de personas contempor\u00e1neas: desde un escepticismo moderado hasta un gran odio. \u00c9stos son los que quieren seguir experimentando las emociones negativas (aunque d\u00e9 el m\u00e9todo directo para eliminarlas), los que se atascan en los innumerables dogmas (aun dando el m\u00e9todo directo para la eliminaci\u00f3n de todos los dogmas, de todo lo que no se base en la experiencia personal; el m\u00e9todo del desarrollo del pensamiento libre y claro), los que se consideran partidarios de cualquier religi\u00f3n (doy el m\u00e9todo que lleva a cada persona a las percepciones iluminadas sin depender de las instituciones religiosas, dioses y otros mediadores), y los que se consideran esot\u00e9ricos (ya que todas las ciencias esot\u00e9ricas dictan que el camino a la iluminaci\u00f3n es increiblemente largo y dif\u00edcil, y yo doy un m\u00e9todo elementalmente f\u00e1cil y comprensible, que puede llevar incluso a la persona m\u00e1s tenebroso a la liberaci\u00f3n de los sufrimientos y al principio del siguiente camino como un ser libre tan s\u00f3lo despu\u00e9s de unos a\u00f1os de trabajo con tes\u00f3n ) etc. Lo que m\u00e1s molesta a los esot\u00e9ricos es que soy un \u201cadvenedizo\u201d, no tengo diplomas, y no acab\u00e9 la carrera de \u201cLas Escuelas Secretas\u201d, no tuve maestro, no me apoyo en las autoridades, no menciono a la Escritura Sagrada pero sin embargo, ofrezco un camino recto hacia la conciencia Clara que encontr\u00e9 por mi mismo trabajando persistentemente y aspirando sinceramente hacia la claridad y libertad de sufrimientos.<\/p>\n<p>Son tantos los libros \u201cingeniosos\u201d que est\u00e1n escritos&#8230;pero despu\u00e9s de leer todos y cada uno de ellos, surgen tres preguntas como m\u00ednimo:<br \/>\n1)\u00a0\u00a0 \u00a0\u00bfQu\u00e9 hacer en concreto? \u00bfC\u00f3mo hacerlo? \u00bfC\u00f3mo superar los peque\u00f1os obst\u00e1culos que, a menudo, se convierten en un gran problema insalvable?<br \/>\n2)\u00a0\u00a0 \u00a0Si en el libro se da un consejo (qu\u00e9 y c\u00f3mo hacer) surge la segunda pregunta: \u00bfpara qu\u00e9? \u00bfPor qu\u00e9 exactamente eso? \u00bfC\u00f3mo puedo estar seguro de que despu\u00e9s de tardar una enorme cantidad de tiempo para realizar una u otra acci\u00f3n a fin de cuentas obtendr\u00e9 algo bueno para mi?<br \/>\n3)\u00a0\u00a0 \u00a0\u00bfC\u00f3mo entender qu\u00e9 hacer m\u00e1s? \u00bfSer esclavo de la fuente de instrucciones?<\/p>\n<p>En mi libro est\u00e1 la respuesta a la primera pregunta, mientras la segunda ya no tiene sentido, ya que, primeramente, haciendo esfuerzos act\u00faas no conforme a una recomendaci\u00f3n, ni a una creencia, sino solo a un deseo alegre acompa\u00f1ado por una anticipaci\u00f3n, y as\u00ed pues experimentas un gran placer por tus acciones ahora mismo sin depender de su resultado. En segundo lugar, los resultados de tus esfuerzos se ven inmediatamente y disfrutas de ellos al instante. Si ahora mismo has eliminado una emoci\u00f3n negativa, entonces has experimentado una explosi\u00f3n de percepciones iluminadas.<\/p>\n<p>En lo que se refiere a la tercera, realizando mi pr\u00e1ctica, t\u00fa mismo te conviertes en tu propia br\u00fajula: obtienes claridad total en los m\u00e9todos y experimentas los deseos alegres y otras percepciones iluminadas que desembocar\u00e1n en estados agradables para ti. Mi camino consiste en la eliminaci\u00f3n directa de los sufrimientos y en el desarrollo de la aspiraci\u00f3n a las percepciones iluminadas. SE PUEDE DETENER EXPERIMENTAR LAS EMOCIONES NEGATIVAS. Esto no significa que tengas que contenerlas, o justificarlas, o tomarlas tal como son, solamente no experimentarlas.<\/p>\n<p>En lugar de fantasear de que en las monta\u00f1as del Himalaya y bajo el mando de un sabio profesor podr\u00edas encaminarte hacia la conciencia clara, aqu\u00ed y ahora puedes dirigirte a un viaje hacia la conciencia infinita.<br \/>\nUna persona puede ser muy tenebrosa: odia, tiene celos, siente envidia, desea la muerte, es intolerante, \u00e1vido, no importa cual de ellas experimente ya que aun as\u00ed, siempre hay una salida si existe el deseo de experimentar las percepciones encantadoras y el deseo de realizar los pasos pr\u00e1cticos. Si ya te has encontrado en una situaci\u00f3n igual, ab\u00f3rdala constructivamente. No importa por qu\u00e9 ha sucedido. Lo importante es comprender qu\u00e9 hacer ahora y empezar a hacerlo.<\/p>\n<p>Una persona del oeste es una anacoreta: por el hecho de tener coche, piso y el objetivo de \u201cser como toda la gente decente\u201d es capaz de hipotecar su existencia reteniendo todo lo vivo por conseguir estos objetos impuestos y falsos.\u00a0 Por aparentar, puede fingir incluso durante a\u00f1os su matrimonio, puede ir a la oficina durante muchos de a\u00f1os para tener el coche de moda y un piso sin darse tregua alguna. Un hombre del oeste contempor\u00e1neo se sabe superar. Es austero pero a la vez esta austeridad es deforme ya que la gente supera no los obst\u00e1culos para experimentar percepciones encantadoras, sino sus deseos alegres. El hombre contempor\u00e1neo es ermita\u00f1o, pero el objetivo de este enclaustramiento es absurdo, impuesto del exterior y conlleva al sufrimiento continuo.<\/p>\n<p>A veces surge un sentimiento de \u201creconocimiento\u201d, como si sintieras algo que hace mucho tiempo quer\u00edas decirte a ti misma: en qu\u00e9 quer\u00eda creer, en qu\u00e9 se siente la verdad tensa, la verdad fundamental y as\u00ed es m\u00e1s f\u00e1cil hacer un esfuerzo ya que encuentras fuerza y seguridad. La presi\u00f3n del mundo que nos rodea es a veces demasiado grande y podemos dejar de creer que se puede vivir de otro modo, sentir de otro modo, que la vida en general puede ser diferente, ser verdadera. Estoy escribiendo para que el que lo lea entienda que existe esta posibilidad de vida, que es factible y que as\u00ed es como vive este hombre \u2013 un hombre m\u00e1s sencillo, con dos manos, dos piernas y una cabeza, que as\u00ed viven otras personas que siguen su pr\u00e1ctica y entonces eso es posible para todo el que aspire sinceramente a lo mismo. Mi libro es la expresi\u00f3n del deseo alegre de ense\u00f1ar este ejemplo verdadero y vivo de c\u00f3mo se puede vivir. No tengo reparo en se\u00f1alarme con el dedo a m\u00ed mismo y decir \u2013 mirad, vivo de otro modo \u2013 vivo as\u00ed, y t\u00fa puedes tambi\u00e9n pues todo se abre delante tuya. Rechaza todo lo que te impusieron cuando te dijeron que eras d\u00e9bil, tonta, que no tienes raz\u00f3n, que eres pecadora, etc\u00e9tera, que \u201cdebes\u201d hacer esto o aquello. Date cuenta que puedes realizar la pr\u00e1ctica que lleva al viaje hacia el mundo de las percepciones iluminadas.<\/p>\n<p>Mi libro est\u00e1 dirigido a todos quienes est\u00e9n de acuerdo conmigo en lo siguiente: en cualquier camino que elijas, en todos casos, la liberaci\u00f3n de las tenebrosidades m\u00e1s fuertes (emociones negativas, concepciones mec\u00e1nicas, deseos mec\u00e1nicos) va a contribuir a tu progresi\u00f3n por el camino elegido.<br \/>\nAhora aparece la gente que dice conocer el \u201cinterior\u201d de mi vida, la pr\u00e1ctica, las relaciones con otros practicantes, que me injurian a m\u00ed y a mi pr\u00e1ctica, alternando tentativas de la cr\u00edtica cuerda con la mentira mas descarada. Aparecer\u00e1n tambi\u00e9n los \u201cespecialistas\u201d y comentaristas de la pr\u00e1ctica del camino recto que jugar\u00e1n con los t\u00e9rminos, \u201cretocar\u00e1n\u201d mi doctrina, la \u201cmejorar\u00e1n\u201d, la \u201caclarar\u00e1n\u201d, la criticar\u00e1n con desprecio, ofreciendo su ayuda a otros practicantes, declarando que son mis disc\u00edpulos o mis socios de la pr\u00e1ctica, o que son solo practicantes, que entienden tan claramente todo lo que est\u00e1 escrito, que no necesitan por mi parte ning\u00fan tipo de confirmaci\u00f3n por su comprensi\u00f3n. Incluso aparecieron unos que hicieron confusas alusiones a las relaciones privadas conmigo, declar\u00e1ndose mis ex-disc\u00edpulos o incluso mis co-autores. Rebatir la mentira \u2013 es un trabajo desprovisto de sentido. En primer lugar, siempre aparecer\u00e1n m\u00e1s mentiras de las que se puede desmentir, y en segundo lugar, no quiero malgastar mi tiempo en eso. Una persona para la que el contenido de mi libre es actual, comprende f\u00e1cilmente qu\u00e9 significa todo.<br \/>\nAplico todos los esfuerzos posibles para que haya m\u00e1s poseedores de la tecnolog\u00eda de la pr\u00e1ctica y de las percepciones iluminadas, para que puedan representar el papel de expertos, patrones y consultores para principiantes. Y esta gente surge \u2013 llam\u00e1ndose a si mismo \u201chocicos\u201d, ya que la palabra \u201chocico\u201d se asocia con la ternura y la simpat\u00eda que sienten por los animales. Tengo la idea clara de c\u00f3mo separar a los \u201chocicos\u201d de los \u201cno-hocicos\u201d. Tambi\u00e9n usamos el t\u00e9rmino \u201crabo\u201d, llamando as\u00ed a quien realiza la pr\u00e1ctica pero todav\u00eda no alcanz\u00f3 la misma sinceridad, decisi\u00f3n, perseverancia, claridad, y aspiraci\u00f3n a las PI, que hacen a un hocico ser hocico aunque hay motivos para suponer que \u00e9l puede alcanzarlo.<\/p>\n<p>Si quieres precisar \u2013 si la persona que te aconseja sobre las cuestiones de la PCR es un hocico o un rabo, o si es alguien, que, como m\u00ednimo, es igual a ti en tenebrosidad, &#8211; puedes pregunt\u00e1rmelo por mail.<\/p>\n<p>Este libro se encuentra en mi site de internet\u00a0 www.bodhi.ru\u00a0 y de vez en cuando se ve enriquecido en tiempo real. All\u00ed tambi\u00e9n hay art\u00edculos de otros practicantes, el libro \u201cMaya\u201d y otros materiales. Si empezaste a realizar la pr\u00e1ctica y tienes el deseo de comunicarte con otros practicantes, puedes tomar el parte en la conferencia dentro del mismo site.<\/p>\n<p>Antes, nada m\u00e1s acabar de empezar a escribir este libro, supon\u00eda que si empleaba las mismas palabras que usaba la gente, no importar\u00eda que tuviesen el sentido definido o no, ser\u00eda m\u00e1s f\u00e1cil llevar al lector a entender por lo menos algo, por lo menos con la claridad m\u00ednima, para que no rechazara\u00a0 sin m\u00e1s ni m\u00e1s las ideas, ya que son demasiado diferentes de lo que encontrara antes. Y luego la misma pr\u00e1ctica le cambiar\u00e1 tanto, que empezar\u00e1 a purificar su pensamiento. Ahora he cambiado mi enfoque, pues, primeramente, a mi no me gusta un estilo de exposici\u00f3n tan nebuloso, y en segundo lugar, me convenc\u00ed de que la gente que realiza la pr\u00e1ctica activamente, aparece a pesar de todo y para ellos quiero hacer el lo m\u00e1s claro posible. As\u00ed que ahora estoy rehaciendo totalmente el libro y por ello entiendo que habr\u00e1 menos lectores, porque la oportunidad de experimentar impresiones\u00a0 burbujeates al leer el libro disminuir\u00e1, pero la calidad\u00a0 de los que quede aumentar\u00e1, y es lo que me conviene para que no disperse mi atenci\u00f3n hacia la gente que no quiera cesar los sufrimientos en realmente.<\/p>\n<p>Decid\u00ed escribir unos libros, para que cada uno lleve su\u00a0 carga: el libro \u201cEl camino a la conciencia clara\u201d ser\u00e1 una instrucci\u00f3n \u00e1rida, una gu\u00eda. En \u201cMaya\u201d yo y Skvo describimos la vida de los practicantes de la manera m\u00e1s art\u00edstica, lo cual da m\u00e1s impresiones que instrucciones. \u201cLa jugada con el tigre\u201d tiene la misma funci\u00f3n que \u201cMaya\u201d,\u00a0 pero est\u00e1 expuesta de una manera m\u00e1s id\u00f3nea para los adolescentes. La colecci\u00f3n de los\u00a0 relatos sobre ES sexuales es para los que est\u00e9n interesados en el desarrollo sexual y se inclinen a usar sus deseos sexuales como promotores de un cambio de s\u00ed mismo. Y en esta colecci\u00f3n encontrar\u00e1n las recomendaciones pr\u00e1cticas\u00a0 en el terreno del desarrollo de su sexualidad, superaci\u00f3n de las tenebrosidades que est\u00e1n relacionadas con el sexo o las, que son f\u00e1cilmente descubiertas a base del sexo, y tambi\u00e9n las impresiones. \u201cLa colecci\u00f3n de los art\u00edculos de los practicantes\u201d est\u00e1 dirigida a una interpretaci\u00f3n m\u00e1s detallada de las cuestiones especializadas que los hocicos tropiezan en su pr\u00e1ctica. Etc\u00e9tera.\u00a0 Decid\u00ed sacar a luz una serie de libros (a muchos hocicos tambi\u00e9n les gusta escribir), y cada libro, cada elemento de esta creaci\u00f3n llevar\u00e1 dentro el n\u00facleo de la pr\u00e1ctica, situado en envolturas diferentes. En la realidad quiero crear una cultura nueva \u2013 la cultura que surje de la libertad de las EN y de las concepciones, que tiene las ra\u00edces en las percepciones iluminadas y los deseos alegres.<\/p>\n<p>Redactando el libro, me hice una pregunta \u2013 \u00bfpor qu\u00e9 estoy dirigiendo a un lector-hombre? Escribo \u201csi lo quieres t\u00fa mismo\u201d, pero no \u201csi lo quieres t\u00fa misma\u201d. As\u00ed es la costumbre, aunque la experiencia ense\u00f1a que los practicantes que realizan PCR activa y sinceramente son las chicas. Verdaderamente, no s\u00e9 como explicarlo. A lo mejor es porque el papel social que se ha impuesto a los hombres, las concepciones y EN que est\u00e1n relacionadas con este papel, son mucho m\u00e1s destructivos que los de las chicas.<\/p>\n<p>Un hombre es un persona con un sentimiento de importancia propia, con casi delirios de grandezas, de agresi\u00f3n, lo que se deriva en torpeza. (\u201cEstupidez\u201d\u00a0 \u2013 es la falta del h\u00e1bito en el trabajo intelectual, y \u201ctorpeza\u201d \u2013 es incapacidad de razonar clara y l\u00f3gicamente debido a las emociones negativas. Por eso, como regla, incluso los intelectuales m\u00e1s desarrollados son torpes extraordinarios). Pero las chicas experimentan m\u00e1s com\u00fanmente el sentimiento de inferioridad propia, de l\u00e1stima de s\u00ed mismas, inseguridad, que en general es un asunto menos destructivo. Por s\u00ed acaso, decid\u00ed\u00a0 a dirigirme no a un lector, sino a una lectora, pues no veo razones para seguir el estereotipo acostumbrado. No dudo que va a despertar un gran desprecio a gran parte de los hombres, porque, a pesar de lo rid\u00edculo que es, ellos casi todos ellos se creen \u201cavanzados\u201d e \u201cinteligentes\u201d, mientras las chicas para ellos son de segunda categor\u00eda.<\/p>\n","protected":false},"excerpt":{"rendered":"<p>Mi nombre es Bodji. Este libro es un manual pr\u00e1ctico. En \u00e9l, est\u00e1n expuestos los m\u00e9todos que, si se siguen sincera y persistentemente, le llevar\u00e1n a uno por el camino m\u00e1s corto hacia la libertad de sufrimientos, (emociones negativas, falsas concepciones, deseos mec\u00e1nicos, sentimientos desagradables&#8230;) y al comienzo de una vida totalmente diferente, llena de [&hellip;]<\/p>\n","protected":false},"author":1,"featured_media":0,"parent":6953,"menu_order":0,"comment_status":"open","ping_status":"closed","template":"","meta":{"_acf_changed":false,"footnotes":""},"class_list":["post-6956","page","type-page","status-publish","hentry"],"acf":[],"yoast_head":"<!-- This site is optimized with the Yoast SEO plugin v27.2 - https:\/\/yoast.com\/product\/yoast-seo-wordpress\/ -->\n<title>Pr\u00f3logo - Selecci\u00f3n de estados atractivos<\/title>\n<meta name=\"robots\" content=\"index, follow, max-snippet:-1, max-image-preview:large, max-video-preview:-1\" \/>\n<link rel=\"canonical\" href=\"https:\/\/bodhi.name\/es\/home\/seleccion-2005-el-camino-a-conciencia-clara\/prologo\/\" \/>\n<meta property=\"og:locale\" content=\"es_ES\" \/>\n<meta property=\"og:type\" content=\"article\" \/>\n<meta property=\"og:title\" content=\"Pr\u00f3logo - Selecci\u00f3n de estados atractivos\" \/>\n<meta property=\"og:description\" content=\"Mi nombre es Bodji. Este libro es un manual pr\u00e1ctico. En \u00e9l, est\u00e1n expuestos los m\u00e9todos que, si se siguen sincera y persistentemente, le llevar\u00e1n a uno por el camino m\u00e1s corto hacia la libertad de sufrimientos, (emociones negativas, falsas concepciones, deseos mec\u00e1nicos, sentimientos desagradables&#8230;) y al comienzo de una vida totalmente diferente, llena de [&hellip;]\" \/>\n<meta property=\"og:url\" content=\"https:\/\/bodhi.name\/es\/home\/seleccion-2005-el-camino-a-conciencia-clara\/prologo\/\" \/>\n<meta property=\"og:site_name\" content=\"Selecci\u00f3n de estados atractivos\" \/>\n<meta property=\"article:modified_time\" content=\"2014-12-22T03:24:56+00:00\" \/>\n<meta name=\"twitter:card\" content=\"summary_large_image\" \/>\n<meta name=\"twitter:label1\" content=\"Tiempo de lectura\" \/>\n\t<meta name=\"twitter:data1\" content=\"13 minutos\" \/>\n<script type=\"application\/ld+json\" class=\"yoast-schema-graph\">{\"@context\":\"https:\/\/schema.org\",\"@graph\":[{\"@type\":\"WebPage\",\"@id\":\"https:\/\/bodhi.name\/es\/home\/seleccion-2005-el-camino-a-conciencia-clara\/prologo\/\",\"url\":\"https:\/\/bodhi.name\/es\/home\/seleccion-2005-el-camino-a-conciencia-clara\/prologo\/\",\"name\":\"Pr\u00f3logo - Selecci\u00f3n de estados atractivos\",\"isPartOf\":{\"@id\":\"https:\/\/bodhi.name\/ru\/#website\"},\"datePublished\":\"2014-12-22T03:04:55+00:00\",\"dateModified\":\"2014-12-22T03:24:56+00:00\",\"breadcrumb\":{\"@id\":\"https:\/\/bodhi.name\/es\/home\/seleccion-2005-el-camino-a-conciencia-clara\/prologo\/#breadcrumb\"},\"inLanguage\":\"es\",\"potentialAction\":[{\"@type\":\"ReadAction\",\"target\":[\"https:\/\/bodhi.name\/es\/home\/seleccion-2005-el-camino-a-conciencia-clara\/prologo\/\"]}]},{\"@type\":\"BreadcrumbList\",\"@id\":\"https:\/\/bodhi.name\/es\/home\/seleccion-2005-el-camino-a-conciencia-clara\/prologo\/#breadcrumb\",\"itemListElement\":[{\"@type\":\"ListItem\",\"position\":1,\"name\":\"\u0413\u043b\u0430\u0432\u043d\u0430\u044f \u0441\u0442\u0440\u0430\u043d\u0438\u0446\u0430\",\"item\":\"https:\/\/bodhi.name\/es\/\"},{\"@type\":\"ListItem\",\"position\":2,\"name\":\"P\u00e1gina principal\",\"item\":\"https:\/\/bodhi.name\/es\/\"},{\"@type\":\"ListItem\",\"position\":3,\"name\":\"Selecci\u00f3n-2005: \u201cEl camino a conciencia clara\u201d\",\"item\":\"https:\/\/bodhi.name\/es\/home\/seleccion-2005-el-camino-a-conciencia-clara\/\"},{\"@type\":\"ListItem\",\"position\":4,\"name\":\"Pr\u00f3logo\"}]},{\"@type\":\"WebSite\",\"@id\":\"https:\/\/bodhi.name\/ru\/#website\",\"url\":\"https:\/\/bodhi.name\/ru\/\",\"name\":\"Selecci\u00f3n de estados atractivos\",\"description\":\"Psicolog\u00eda experimental\",\"potentialAction\":[{\"@type\":\"SearchAction\",\"target\":{\"@type\":\"EntryPoint\",\"urlTemplate\":\"https:\/\/bodhi.name\/ru\/?s={search_term_string}\"},\"query-input\":{\"@type\":\"PropertyValueSpecification\",\"valueRequired\":true,\"valueName\":\"search_term_string\"}}],\"inLanguage\":\"es\"}]}<\/script>\n<!-- \/ Yoast SEO plugin. -->","yoast_head_json":{"title":"Pr\u00f3logo - Selecci\u00f3n de estados atractivos","robots":{"index":"index","follow":"follow","max-snippet":"max-snippet:-1","max-image-preview":"max-image-preview:large","max-video-preview":"max-video-preview:-1"},"canonical":"https:\/\/bodhi.name\/es\/home\/seleccion-2005-el-camino-a-conciencia-clara\/prologo\/","og_locale":"es_ES","og_type":"article","og_title":"Pr\u00f3logo - Selecci\u00f3n de estados atractivos","og_description":"Mi nombre es Bodji. Este libro es un manual pr\u00e1ctico. En \u00e9l, est\u00e1n expuestos los m\u00e9todos que, si se siguen sincera y persistentemente, le llevar\u00e1n a uno por el camino m\u00e1s corto hacia la libertad de sufrimientos, (emociones negativas, falsas concepciones, deseos mec\u00e1nicos, sentimientos desagradables&#8230;) y al comienzo de una vida totalmente diferente, llena de [&hellip;]","og_url":"https:\/\/bodhi.name\/es\/home\/seleccion-2005-el-camino-a-conciencia-clara\/prologo\/","og_site_name":"Selecci\u00f3n de estados atractivos","article_modified_time":"2014-12-22T03:24:56+00:00","twitter_card":"summary_large_image","twitter_misc":{"Tiempo de lectura":"13 minutos"},"schema":{"@context":"https:\/\/schema.org","@graph":[{"@type":"WebPage","@id":"https:\/\/bodhi.name\/es\/home\/seleccion-2005-el-camino-a-conciencia-clara\/prologo\/","url":"https:\/\/bodhi.name\/es\/home\/seleccion-2005-el-camino-a-conciencia-clara\/prologo\/","name":"Pr\u00f3logo - Selecci\u00f3n de estados atractivos","isPartOf":{"@id":"https:\/\/bodhi.name\/ru\/#website"},"datePublished":"2014-12-22T03:04:55+00:00","dateModified":"2014-12-22T03:24:56+00:00","breadcrumb":{"@id":"https:\/\/bodhi.name\/es\/home\/seleccion-2005-el-camino-a-conciencia-clara\/prologo\/#breadcrumb"},"inLanguage":"es","potentialAction":[{"@type":"ReadAction","target":["https:\/\/bodhi.name\/es\/home\/seleccion-2005-el-camino-a-conciencia-clara\/prologo\/"]}]},{"@type":"BreadcrumbList","@id":"https:\/\/bodhi.name\/es\/home\/seleccion-2005-el-camino-a-conciencia-clara\/prologo\/#breadcrumb","itemListElement":[{"@type":"ListItem","position":1,"name":"\u0413\u043b\u0430\u0432\u043d\u0430\u044f \u0441\u0442\u0440\u0430\u043d\u0438\u0446\u0430","item":"https:\/\/bodhi.name\/es\/"},{"@type":"ListItem","position":2,"name":"P\u00e1gina principal","item":"https:\/\/bodhi.name\/es\/"},{"@type":"ListItem","position":3,"name":"Selecci\u00f3n-2005: \u201cEl camino a conciencia clara\u201d","item":"https:\/\/bodhi.name\/es\/home\/seleccion-2005-el-camino-a-conciencia-clara\/"},{"@type":"ListItem","position":4,"name":"Pr\u00f3logo"}]},{"@type":"WebSite","@id":"https:\/\/bodhi.name\/ru\/#website","url":"https:\/\/bodhi.name\/ru\/","name":"Selecci\u00f3n de estados atractivos","description":"Psicolog\u00eda experimental","potentialAction":[{"@type":"SearchAction","target":{"@type":"EntryPoint","urlTemplate":"https:\/\/bodhi.name\/ru\/?s={search_term_string}"},"query-input":{"@type":"PropertyValueSpecification","valueRequired":true,"valueName":"search_term_string"}}],"inLanguage":"es"}]}},"_links":{"self":[{"href":"https:\/\/bodhi.name\/es\/wp-json\/wp\/v2\/pages\/6956","targetHints":{"allow":["GET"]}}],"collection":[{"href":"https:\/\/bodhi.name\/es\/wp-json\/wp\/v2\/pages"}],"about":[{"href":"https:\/\/bodhi.name\/es\/wp-json\/wp\/v2\/types\/page"}],"author":[{"embeddable":true,"href":"https:\/\/bodhi.name\/es\/wp-json\/wp\/v2\/users\/1"}],"replies":[{"embeddable":true,"href":"https:\/\/bodhi.name\/es\/wp-json\/wp\/v2\/comments?post=6956"}],"version-history":[{"count":4,"href":"https:\/\/bodhi.name\/es\/wp-json\/wp\/v2\/pages\/6956\/revisions"}],"predecessor-version":[{"id":6961,"href":"https:\/\/bodhi.name\/es\/wp-json\/wp\/v2\/pages\/6956\/revisions\/6961"}],"up":[{"embeddable":true,"href":"https:\/\/bodhi.name\/es\/wp-json\/wp\/v2\/pages\/6953"}],"wp:attachment":[{"href":"https:\/\/bodhi.name\/es\/wp-json\/wp\/v2\/media?parent=6956"}],"curies":[{"name":"wp","href":"https:\/\/api.w.org\/{rel}","templated":true}]}}