{"id":5986,"date":"2014-09-25T14:42:16","date_gmt":"2014-09-25T10:42:16","guid":{"rendered":"http:\/\/suri-catt.com\/glavnaya\/"},"modified":"2015-02-09T18:52:10","modified_gmt":"2015-02-09T14:52:10","slug":"home","status":"publish","type":"page","link":"https:\/\/bodhi.name\/es\/","title":{"rendered":"P\u00e1gina principal"},"content":{"rendered":"<h4>Rudashevsky Vsevolod<br \/>\nCompleta colecci\u00f3n de obras<\/h4>\n<p><span style=\"font-size: 16px;\"><strong>Vol. 01. \u00abSelecci\u00f3n de estados atractivos\u00bb<\/strong><\/span><\/p>\n<p><span style=\"font-size: 16px;\"><strong><strong>Vol.<\/strong>\u00a002. \u00abMaya\u00bb. Libro 1<\/strong><\/span><\/p>\n<p><span style=\"font-size: 16px;\"><strong><strong>Vol.<\/strong>\u00a003. \u00ab<strong>Maya<\/strong>\u00ab.\u00a0<strong>Libro<\/strong> 2<\/strong><\/span><\/p>\n<p><span style=\"font-size: 16px;\"><strong><strong>Vol.<\/strong>\u00a004. \u00ab<strong>Maya<\/strong>\u00ab.\u00a0<strong>Libro<\/strong> 3<\/strong><\/span><\/p>\n<p><span style=\"font-size: 16px;\"><strong><strong>Vol.<\/strong>\u00a005. \u00ab<strong>Maya<\/strong>\u00ab.\u00a0<strong>Libro<\/strong> 4<\/strong><\/span><\/p>\n<p><span style=\"font-size: 16px;\"><strong><strong>Vol.<\/strong>\u00a006. \u00ab<strong>Maya<\/strong>\u00ab.\u00a0<strong>Libro<\/strong> 5<\/strong><\/span><\/p>\n<p><span style=\"font-size: 16px;\"><strong><strong>Vol.<\/strong>\u00a007. \u00ab<strong>Maya<\/strong>\u00ab.\u00a0<strong>Libro<\/strong> 6<\/strong><\/span><\/p>\n<p><span style=\"font-size: 16px;\"><strong><strong>Vol.<\/strong>\u00a008. <a href=\"\/es\/historias\/\">Historias<\/a>\u00a0 <\/strong><a href=\"http:\/\/www.bodhi.name\/pss-for\/esp\/pss-08-esp.zip\">.doc<\/a><\/span><\/p>\n<p><span style=\"font-size: 16px;\"><strong><strong><strong>Vol.<\/strong><\/strong>\u00a010. <a href=\"\/es\/articulos-en-seleccion\/\">Articulos en\u00a0<strong>Selecci\u00f3n<\/strong><\/a><\/strong><\/span><\/p>\n<p><span style=\"font-size: 16px;\"><strong><strong><strong>Vol.<\/strong><\/strong>\u00a011. <a href=\"\/es\/diferentes-articulos\/\">Diferentes art\u00edculos <\/a><\/strong><\/span><\/p>\n<p><span style=\"font-size: 16px;\"><strong><strong><strong>Vol.<\/strong><\/strong>\u00a012. <a href=\"\/es\/preguntas-y-respuestas\/\">Preguntas y respuestas<\/a>\u00a0<strong>\u00a0<\/strong><\/strong><a href=\"http:\/\/www.bodhi.name\/pss-for\/esp\/pss-12-esp.zip\">.doc<\/a><\/span><\/p>\n<p><span style=\"font-size: 16px;\"><strong><strong><strong><strong>Vol.<\/strong><\/strong><\/strong>\u00a013. <a href=\"\/es\/seleccion-2005-el-camino-a-conciencia-clara\/\"><strong><strong>Selecci\u00f3n<\/strong><\/strong>-2005: \u00abEl camino a conciencia clara\u00bb<\/a>\u00a0 <\/strong><a href=\"http:\/\/www.bodhi.name\/pss-for\/esp\/pss-13-esp.zip\">.doc<\/a><\/span><\/p>\n<p><span style=\"font-size: 16px;\"><strong><strong><strong><strong>Vol.<\/strong><\/strong><\/strong>\u00a014. <strong>Selecci\u00f3n<\/strong>-1999. Diarios-1999<\/strong><\/span><\/p>\n<p><span style=\"font-size: 16px;\"><strong><strong><strong><strong>Vol.<\/strong><\/strong><\/strong> 17. <strong>Selecci\u00f3n<\/strong>-2<\/strong><\/span><\/p>\n<p><span style=\"font-size: 16px;\"><strong><strong><strong><strong>Vol.<\/strong><\/strong><\/strong> 18. \u00abMaya\u00bb. Libro 7<\/strong><\/span><\/p>\n<p><span style=\"font-size: 16px;\"><strong><strong><strong>Vol.<\/strong><\/strong>\u00a019.\u00a0La f\u00edsica at\u00f3mica ;\u00a0<strong>Matem\u00e1ticas ; Ajedrez<\/strong><\/strong><\/span><\/p>\n<p><em>(Total: 7684 p\u00e1ginas)<\/em><\/p>\n<p>&nbsp;<\/p>\n<p style=\"text-align: center;\">~~~~~~~~~~~~~~~~~~~~~~~~<\/p>\n<p style=\"text-align: center;\"><a href=\"\/es\/varios-materiales-adicionales\/\"><span style=\"font-size: 16px;\"><strong>Varios materiales adicionales<\/strong><\/span><\/a><\/p>\n<p style=\"text-align: center;\">~~~~~~~~~~~~~~~~~~~~~~~~<\/p>\n","protected":false},"excerpt":{"rendered":"<p>Rudashevsky Vsevolod Completa colecci\u00f3n de obras Vol. 01. \u00abSelecci\u00f3n de estados atractivos\u00bb Vol.\u00a002. \u00abMaya\u00bb. Libro 1 Vol.\u00a003. \u00abMaya\u00ab.\u00a0Libro 2 Vol.\u00a004. \u00abMaya\u00ab.\u00a0Libro 3 Vol.\u00a005. \u00abMaya\u00ab.\u00a0Libro 4 Vol.\u00a006. \u00abMaya\u00ab.\u00a0Libro 5 Vol.\u00a007. \u00abMaya\u00ab.\u00a0Libro 6 Vol.\u00a008. Historias\u00a0 .doc Vol.\u00a010. Articulos en\u00a0Selecci\u00f3n Vol.\u00a011. Diferentes art\u00edculos Vol.\u00a012. Preguntas y respuestas\u00a0\u00a0.doc Vol.\u00a013. Selecci\u00f3n-2005: \u00abEl camino a conciencia clara\u00bb\u00a0 .doc Vol.\u00a014. Selecci\u00f3n-1999. Diarios-1999 [&hellip;]<\/p>\n","protected":false},"author":1,"featured_media":0,"parent":0,"menu_order":0,"comment_status":"open","ping_status":"closed","template":"page-main.php","meta":{"_acf_changed":false,"footnotes":""},"class_list":["post-5986","page","type-page","status-publish","hentry"],"acf":[],"yoast_head":"<!-- This site is optimized with the Yoast SEO plugin v27.2 - https:\/\/yoast.com\/product\/yoast-seo-wordpress\/ -->\n<title>P\u00e1gina principal - Selecci\u00f3n de estados atractivos<\/title>\n<meta name=\"robots\" content=\"index, follow, max-snippet:-1, max-image-preview:large, max-video-preview:-1\" \/>\n<link rel=\"canonical\" href=\"https:\/\/bodhi.name\/es\/\" \/>\n<meta property=\"og:locale\" content=\"es_ES\" \/>\n<meta property=\"og:type\" content=\"article\" \/>\n<meta property=\"og:title\" content=\"P\u00e1gina principal - Selecci\u00f3n de estados atractivos\" \/>\n<meta property=\"og:description\" content=\"Rudashevsky Vsevolod Completa colecci\u00f3n de obras Vol. 01. \u00abSelecci\u00f3n de estados atractivos\u00bb Vol.\u00a002. \u00abMaya\u00bb. Libro 1 Vol.\u00a003. \u00abMaya\u00ab.\u00a0Libro 2 Vol.\u00a004. \u00abMaya\u00ab.\u00a0Libro 3 Vol.\u00a005. \u00abMaya\u00ab.\u00a0Libro 4 Vol.\u00a006. \u00abMaya\u00ab.\u00a0Libro 5 Vol.\u00a007. \u00abMaya\u00ab.\u00a0Libro 6 Vol.\u00a008. Historias\u00a0 .doc Vol.\u00a010. Articulos en\u00a0Selecci\u00f3n Vol.\u00a011. Diferentes art\u00edculos Vol.\u00a012. Preguntas y respuestas\u00a0\u00a0.doc Vol.\u00a013. Selecci\u00f3n-2005: \u00abEl camino a conciencia clara\u00bb\u00a0 .doc Vol.\u00a014. Selecci\u00f3n-1999. Diarios-1999 [&hellip;]\" \/>\n<meta property=\"og:url\" content=\"https:\/\/bodhi.name\/es\/\" \/>\n<meta property=\"og:site_name\" content=\"Selecci\u00f3n de estados atractivos\" \/>\n<meta property=\"article:modified_time\" content=\"2015-02-09T14:52:10+00:00\" \/>\n<meta name=\"twitter:card\" content=\"summary_large_image\" \/>\n<script type=\"application\/ld+json\" class=\"yoast-schema-graph\">{\"@context\":\"https:\/\/schema.org\",\"@graph\":[{\"@type\":\"WebPage\",\"@id\":\"https:\/\/bodhi.name\/es\/\",\"url\":\"https:\/\/bodhi.name\/es\/\",\"name\":\"P\u00e1gina principal - Selecci\u00f3n de estados atractivos\",\"isPartOf\":{\"@id\":\"https:\/\/bodhi.name\/ru\/#website\"},\"datePublished\":\"2014-09-25T10:42:16+00:00\",\"dateModified\":\"2015-02-09T14:52:10+00:00\",\"breadcrumb\":{\"@id\":\"https:\/\/bodhi.name\/es\/#breadcrumb\"},\"inLanguage\":\"es\",\"potentialAction\":[{\"@type\":\"ReadAction\",\"target\":[\"https:\/\/bodhi.name\/es\/\"]}]},{\"@type\":\"BreadcrumbList\",\"@id\":\"https:\/\/bodhi.name\/es\/#breadcrumb\",\"itemListElement\":[{\"@type\":\"ListItem\",\"position\":1,\"name\":\"\u0413\u043b\u0430\u0432\u043d\u0430\u044f \u0441\u0442\u0440\u0430\u043d\u0438\u0446\u0430\",\"item\":\"https:\/\/bodhi.name\/es\/\"},{\"@type\":\"ListItem\",\"position\":2,\"name\":\"P\u00e1gina principal\"}]},{\"@type\":\"WebSite\",\"@id\":\"https:\/\/bodhi.name\/ru\/#website\",\"url\":\"https:\/\/bodhi.name\/ru\/\",\"name\":\"Selecci\u00f3n de estados atractivos\",\"description\":\"Psicolog\u00eda experimental\",\"potentialAction\":[{\"@type\":\"SearchAction\",\"target\":{\"@type\":\"EntryPoint\",\"urlTemplate\":\"https:\/\/bodhi.name\/ru\/?s={search_term_string}\"},\"query-input\":{\"@type\":\"PropertyValueSpecification\",\"valueRequired\":true,\"valueName\":\"search_term_string\"}}],\"inLanguage\":\"es\"}]}<\/script>\n<!-- \/ Yoast SEO plugin. -->","yoast_head_json":{"title":"P\u00e1gina principal - Selecci\u00f3n de estados atractivos","robots":{"index":"index","follow":"follow","max-snippet":"max-snippet:-1","max-image-preview":"max-image-preview:large","max-video-preview":"max-video-preview:-1"},"canonical":"https:\/\/bodhi.name\/es\/","og_locale":"es_ES","og_type":"article","og_title":"P\u00e1gina principal - Selecci\u00f3n de estados atractivos","og_description":"Rudashevsky Vsevolod Completa colecci\u00f3n de obras Vol. 01. \u00abSelecci\u00f3n de estados atractivos\u00bb Vol.\u00a002. \u00abMaya\u00bb. Libro 1 Vol.\u00a003. \u00abMaya\u00ab.\u00a0Libro 2 Vol.\u00a004. \u00abMaya\u00ab.\u00a0Libro 3 Vol.\u00a005. \u00abMaya\u00ab.\u00a0Libro 4 Vol.\u00a006. \u00abMaya\u00ab.\u00a0Libro 5 Vol.\u00a007. \u00abMaya\u00ab.\u00a0Libro 6 Vol.\u00a008. Historias\u00a0 .doc Vol.\u00a010. Articulos en\u00a0Selecci\u00f3n Vol.\u00a011. Diferentes art\u00edculos Vol.\u00a012. Preguntas y respuestas\u00a0\u00a0.doc Vol.\u00a013. Selecci\u00f3n-2005: \u00abEl camino a conciencia clara\u00bb\u00a0 .doc Vol.\u00a014. Selecci\u00f3n-1999. Diarios-1999 [&hellip;]","og_url":"https:\/\/bodhi.name\/es\/","og_site_name":"Selecci\u00f3n de estados atractivos","article_modified_time":"2015-02-09T14:52:10+00:00","twitter_card":"summary_large_image","schema":{"@context":"https:\/\/schema.org","@graph":[{"@type":"WebPage","@id":"https:\/\/bodhi.name\/es\/","url":"https:\/\/bodhi.name\/es\/","name":"P\u00e1gina principal - Selecci\u00f3n de estados atractivos","isPartOf":{"@id":"https:\/\/bodhi.name\/ru\/#website"},"datePublished":"2014-09-25T10:42:16+00:00","dateModified":"2015-02-09T14:52:10+00:00","breadcrumb":{"@id":"https:\/\/bodhi.name\/es\/#breadcrumb"},"inLanguage":"es","potentialAction":[{"@type":"ReadAction","target":["https:\/\/bodhi.name\/es\/"]}]},{"@type":"BreadcrumbList","@id":"https:\/\/bodhi.name\/es\/#breadcrumb","itemListElement":[{"@type":"ListItem","position":1,"name":"\u0413\u043b\u0430\u0432\u043d\u0430\u044f \u0441\u0442\u0440\u0430\u043d\u0438\u0446\u0430","item":"https:\/\/bodhi.name\/es\/"},{"@type":"ListItem","position":2,"name":"P\u00e1gina principal"}]},{"@type":"WebSite","@id":"https:\/\/bodhi.name\/ru\/#website","url":"https:\/\/bodhi.name\/ru\/","name":"Selecci\u00f3n de estados atractivos","description":"Psicolog\u00eda experimental","potentialAction":[{"@type":"SearchAction","target":{"@type":"EntryPoint","urlTemplate":"https:\/\/bodhi.name\/ru\/?s={search_term_string}"},"query-input":{"@type":"PropertyValueSpecification","valueRequired":true,"valueName":"search_term_string"}}],"inLanguage":"es"}]}},"_links":{"self":[{"href":"https:\/\/bodhi.name\/es\/wp-json\/wp\/v2\/pages\/5986","targetHints":{"allow":["GET"]}}],"collection":[{"href":"https:\/\/bodhi.name\/es\/wp-json\/wp\/v2\/pages"}],"about":[{"href":"https:\/\/bodhi.name\/es\/wp-json\/wp\/v2\/types\/page"}],"author":[{"embeddable":true,"href":"https:\/\/bodhi.name\/es\/wp-json\/wp\/v2\/users\/1"}],"replies":[{"embeddable":true,"href":"https:\/\/bodhi.name\/es\/wp-json\/wp\/v2\/comments?post=5986"}],"version-history":[{"count":30,"href":"https:\/\/bodhi.name\/es\/wp-json\/wp\/v2\/pages\/5986\/revisions"}],"predecessor-version":[{"id":8024,"href":"https:\/\/bodhi.name\/es\/wp-json\/wp\/v2\/pages\/5986\/revisions\/8024"}],"wp:attachment":[{"href":"https:\/\/bodhi.name\/es\/wp-json\/wp\/v2\/media?parent=5986"}],"curies":[{"name":"wp","href":"https:\/\/api.w.org\/{rel}","templated":true}]}}